{"id":3457,"date":"2019-09-17T13:13:54","date_gmt":"2019-09-17T16:13:54","guid":{"rendered":"https:\/\/sdpm.com.br\/contact-form\/"},"modified":"2023-06-19T19:22:58","modified_gmt":"2023-06-19T22:22:58","slug":"contact-form","status":"publish","type":"page","link":"https:\/\/sdpm.com.br\/en\/contact-form\/","title":{"rendered":"Contact Form"},"content":{"rendered":"<section class=\"wpb-content-wrapper\"><p>[vc_row][vc_column][vc_empty_space height=&#8221;64px&#8221;][\/vc_column][\/vc_row][vc_row][vc_column width=&#8221;1\/4&#8243;][vc_empty_space height=&#8221;128px&#8221;]<div class=\"smile_icon_list_wrap ult_info_list_container ult-adjust-bottom-margin  \"><ul class=\"smile_icon_list left square with_bg\"><li class=\"icon_list_item\" style=\" font-size:72px;\"><div class=\"icon_list_icon\" data-animation=\"\" data-animation-delay=\"03\" style=\"font-size:24px;border-width:1px;border-style:none;background:#ffffff;color:#333333;border-color:#333333;\"><i class=\"Defaults-map-marker\" ><\/i><\/div><div class=\"icon_description\" id=\"Info-list-wrap-9027\" style=\"font-size:24px;\"><h3 class=\"ult-responsive info-list-heading\"  data-ultimate-target='#Info-list-wrap-9027 h3'  data-responsive-json-new='{\"font-size\":\"desktop:16px;\",\"line-height\":\"desktop:24px;\"}'  style=\"\">Location:<\/h3><div class=\"icon_description_text ult-responsive\"  data-ultimate-target='#Info-list-wrap-9027 .icon_description_text'  data-responsive-json-new='{\"font-size\":\"desktop:13px;\",\"line-height\":\"desktop:18px;\"}'  style=\"\"><p>Rua Modesto Carvalho de Ara\u00fajo, 262<br \/>\nBairro Belvedere<br \/>\nBelo Horizonte &#8211; MG<br \/>\nCEP: 30320-410<\/p>\n<\/div><\/div><div class=\"icon_list_connector\"  style=\"border-right-width: 1px;border-right-style: dashed;border-color: #333333;\"><\/div><\/li><li class=\"icon_list_item\" style=\" font-size:72px;\"><div class=\"icon_list_icon\" data-animation=\"\" data-animation-delay=\"03\" style=\"font-size:24px;border-width:1px;border-style:none;background:#ffffff;color:#333333;border-color:#333333;\"><i class=\"Defaults-phone-square\" ><\/i><\/div><div class=\"icon_description\" id=\"Info-list-wrap-5686\" style=\"font-size:24px;\"><h3 class=\"ult-responsive info-list-heading\"  data-ultimate-target='#Info-list-wrap-5686 h3'  data-responsive-json-new='{\"font-size\":\"desktop:16px;\",\"line-height\":\"desktop:24px;\"}'  style=\"\">Tel.:<\/h3><div class=\"icon_description_text ult-responsive\"  data-ultimate-target='#Info-list-wrap-5686 .icon_description_text'  data-responsive-json-new='{\"font-size\":\"desktop:13px;\",\"line-height\":\"desktop:18px;\"}'  style=\"\"><p>(31) 3017-8366<\/p>\n<p>(31) 9 9529-2530<\/p>\n<\/div><\/div><div class=\"icon_list_connector\"  style=\"border-right-width: 1px;border-right-style: dashed;border-color: #333333;\"><\/div><\/li><li class=\"icon_list_item\" style=\" font-size:72px;\"><div class=\"icon_list_icon\" data-animation=\"fadeInDownBig\" data-animation-delay=\"03\" style=\"font-size:24px;border-width:1px;border-style:none;background:#ffffff;color:#333333;border-color:#333333;\"><i class=\"Defaults-mobile mobile-phone\" ><\/i><\/div><div class=\"icon_description\" id=\"Info-list-wrap-9097\" style=\"font-size:24px;\"><h3 class=\"ult-responsive info-list-heading\"  data-ultimate-target='#Info-list-wrap-9097 h3'  data-responsive-json-new='{\"font-size\":\"desktop:16px;\",\"line-height\":\"desktop:24px;\"}'  style=\"\">Projects:<\/h3><div class=\"icon_description_text ult-responsive\"  data-ultimate-target='#Info-list-wrap-9097 .icon_description_text'  data-responsive-json-new='{\"font-size\":\"desktop:13px;\",\"line-height\":\"desktop:18px;\"}'  style=\"\"><p>(31) 9 9529-2530<\/p>\n<\/div><\/div><div class=\"icon_list_connector\"  style=\"border-right-width: 1px;border-right-style: dashed;border-color: #333333;\"><\/div><\/li><li class=\"icon_list_item\" style=\" font-size:72px;\"><div class=\"icon_list_icon\" data-animation=\"fadeInDownBig\" data-animation-delay=\"03\" style=\"font-size:24px;border-width:1px;border-style:none;background:#ffffff;color:#333333;border-color:#333333;\"><i class=\"Defaults-mobile mobile-phone\" ><\/i><\/div><div class=\"icon_description\" id=\"Info-list-wrap-3366\" style=\"font-size:24px;\"><h3 class=\"ult-responsive info-list-heading\"  data-ultimate-target='#Info-list-wrap-3366 h3'  data-responsive-json-new='{\"font-size\":\"desktop:16px;\",\"line-height\":\"desktop:24px;\"}'  style=\"\">Email:<\/h3><div class=\"icon_description_text ult-responsive\"  data-ultimate-target='#Info-list-wrap-3366 .icon_description_text'  data-responsive-json-new='{\"font-size\":\"desktop:13px;\",\"line-height\":\"desktop:18px;\"}'  style=\"\"><p><a href=\"mailto:contato@sdpm.com.br\">contato@sdpm.com.br<\/a><\/p>\n<p><a href=\"mailto:suporte@sdpm.com.br\">suporte@sdpm.com.br<\/a><\/p>\n<\/div><\/div><div class=\"icon_list_connector\"  style=\"border-right-width: 1px;border-right-style: dashed;border-color: #333333;\"><\/div><\/li><\/ul><\/div>[\/vc_column][vc_column width=&#8221;3\/4&#8243;][vc_empty_space height=&#8221;64px&#8221;]<div class=\"promo-block \">\r\n                \t<div class=\"promo-text\">Contact<\/div>\r\n                \t<div class=\"promo-paragraph\">Get in touch, we will respond shortly!<\/div>\r\n                \t<div class=\"center-line\"><\/div>\r\n              <\/div>\n<div class=\"wpcf7 no-js\" id=\"wpcf7-f3656-o1\" lang=\"en-US\" dir=\"ltr\">\n<div class=\"screen-reader-response\"><p role=\"status\" aria-live=\"polite\" aria-atomic=\"true\"><\/p> <ul><\/ul><\/div>\n<form action=\"\/en\/wp-json\/wp\/v2\/pages\/3457#wpcf7-f3656-o1\" method=\"post\" class=\"wpcf7-form init\" aria-label=\"Contact form\" novalidate=\"novalidate\" data-status=\"init\">\n<div style=\"display: none;\">\n<input type=\"hidden\" name=\"_wpcf7\" value=\"3656\" \/>\n<input type=\"hidden\" name=\"_wpcf7_version\" value=\"5.7.7\" \/>\n<input type=\"hidden\" name=\"_wpcf7_locale\" value=\"en_US\" \/>\n<input type=\"hidden\" name=\"_wpcf7_unit_tag\" value=\"wpcf7-f3656-o1\" \/>\n<input type=\"hidden\" name=\"_wpcf7_container_post\" value=\"0\" \/>\n<input type=\"hidden\" name=\"_wpcf7_posted_data_hash\" value=\"\" \/>\n<input type=\"hidden\" name=\"_wpcf7_recaptcha_response\" value=\"\" \/>\n<\/div>\n<div class=\"row\">\n\t<div class=\"col-sm-6\">\n\t\t<p><br \/>\n<span class=\"wpcf7-form-control-wrap\" data-name=\"your-name\"><input size=\"40\" class=\"wpcf7-form-control wpcf7-text wpcf7-validates-as-required\" aria-required=\"true\" aria-invalid=\"false\" placeholder=\"Your Name (Required)\" value=\"\" type=\"text\" name=\"your-name\" \/><\/span>\n\t\t<\/p>\n\t\t<p><br \/>\n<span class=\"wpcf7-form-control-wrap\" data-name=\"your-email\"><input size=\"40\" class=\"wpcf7-form-control wpcf7-text wpcf7-email wpcf7-validates-as-required wpcf7-validates-as-email\" aria-required=\"true\" aria-invalid=\"false\" placeholder=\"Your Email (Required)\" value=\"\" type=\"email\" name=\"your-email\" \/><\/span>\n\t\t<\/p>\n\t\t<p><br \/>\n<span class=\"wpcf7-form-control-wrap\" data-name=\"tel-377\"><input size=\"40\" class=\"wpcf7-form-control wpcf7-text wpcf7-tel wpcf7-validates-as-tel\" aria-invalid=\"false\" placeholder=\"Telephone\" value=\"\" type=\"tel\" name=\"tel-377\" \/><\/span>\n\t\t<\/p>\n\t\t<p><br \/>\n<span class=\"wpcf7-form-control-wrap\" data-name=\"your-subject\"><input size=\"40\" class=\"wpcf7-form-control wpcf7-text\" aria-invalid=\"false\" placeholder=\"Subject\/Doubt\" value=\"\" type=\"text\" name=\"your-subject\" \/><\/span>\n\t\t<\/p>\n\t\t<p><input class=\"wpcf7-form-control has-spinner wpcf7-submit button primary-button\" type=\"submit\" value=\"Send\" \/>\n\t\t<\/p>\n\t<\/div>\n\t<div class=\"col-sm-6\">\n\t\t<p><br \/>\n<span class=\"wpcf7-form-control-wrap\" data-name=\"your-message\"><textarea cols=\"40\" rows=\"10\" class=\"wpcf7-form-control wpcf7-textarea\" aria-invalid=\"false\" placeholder=\"Your Message\/Question\" name=\"your-message\"><\/textarea><\/span>\n\t\t<\/p>\n\t<\/div>\n<\/div><div class=\"wpcf7-response-output\" aria-hidden=\"true\"><\/div>\n<\/form>\n<\/div>\n[\/vc_column][\/vc_row][vc_row][vc_column][vc_empty_space][vc_gmaps link=&#8221;#E-8_JTNDaWZyYW1lJTIwc3JjJTNEJTIyaHR0cHMlM0ElMkYlMkZ3d3cuZ29vZ2xlLmNvbSUyRm1hcHMlMkZlbWJlZCUzRnBiJTNEJTIxMW0xOCUyMTFtMTIlMjExbTMlMjExZDM3NDkuOTQzNzQ0MjM4MDgxJTIxMmQtNDMuOTQwMDM4NTg0NDY3NjclMjEzZC0xOS45Njg4Njc5NDQ2NzczNzQlMjEybTMlMjExZjAlMjEyZjAlMjEzZjAlMjEzbTIlMjExaTEwMjQlMjEyaTc2OCUyMTRmMTMuMSUyMTNtMyUyMTFtMiUyMTFzMHhhNjk4MThjMmQ4ZjcwNSUyNTNBMHgyM2M4OGU1N2NlMDA5MmNiJTIxMnNSdWElMjUyME1vZGVzdG8lMjUyMENhcnZhbGhvJTI1MjBkZSUyNTIwQXJhJTI1QzMlMjVCQWpvJTI1MkMlMjUyMDI2MiUyNTIwLSUyNTIwQmVsdmVkZXJlJTI1MkMlMjUyMEJlbG8lMjUyMEhvcml6b250ZSUyNTIwLSUyNTIwTUclMjUyQyUyNTIwMzAzMjAtNDEwJTIxNWUwJTIxM20yJTIxMXNwdC1CUiUyMTJzYnIlMjE0djE2MjIwNTc3MTQ0NTglMjE1bTIlMjExc3B0LUJSJTIxMnNiciUyMiUyMHdpZHRoJTNEJTIyNjAwJTIyJTIwaGVpZ2h0JTNEJTIyNDUwJTIyJTIwc3R5bGUlM0QlMjJib3JkZXIlM0EwJTNCJTIyJTIwYWxsb3dmdWxsc2NyZWVuJTNEJTIyJTIyJTIwbG9hZGluZyUzRCUyMmxhenklMjIlM0UlM0MlMkZpZnJhbWUlM0U=&#8221; title=&#8221;Our Office&#8221;][\/vc_column][\/vc_row]<\/p>\n<\/section>","protected":false},"excerpt":{"rendered":"<p>[vc_row][vc_column][vc_empty_space height=&#8221;64px&#8221;][\/vc_column][\/vc_row][vc_row][vc_column width=&#8221;1\/4&#8243;][vc_empty_space height=&#8221;128px&#8221;][\/vc_column][vc_column width=&#8221;3\/4&#8243;][vc_empty_space height=&#8221;64px&#8221;][\/vc_column][\/vc_row][vc_row][vc_column][vc_empty_space][vc_gmaps link=&#8221;#E-8_JTNDaWZyYW1lJTIwc3JjJTNEJTIyaHR0cHMlM0ElMkYlMkZ3d3cuZ29vZ2xlLmNvbSUyRm1hcHMlMkZlbWJlZCUzRnBiJTNEJTIxMW0xOCUyMTFtMTIlMjExbTMlMjExZDM3NDkuOTQzNzQ0MjM4MDgxJTIxMmQtNDMuOTQwMDM4NTg0NDY3NjclMjEzZC0xOS45Njg4Njc5NDQ2NzczNzQlMjEybTMlMjExZjAlMjEyZjAlMjEzZjAlMjEzbTIlMjExaTEwMjQlMjEyaTc2OCUyMTRmMTMuMSUyMTNtMyUyMTFtMiUyMTFzMHhhNjk4MThjMmQ4ZjcwNSUyNTNBMHgyM2M4OGU1N2NlMDA5MmNiJTIxMnNSdWElMjUyME1vZGVzdG8lMjUyMENhcnZhbGhvJTI1MjBkZSUyNTIwQXJhJTI1QzMlMjVCQWpvJTI1MkMlMjUyMDI2MiUyNTIwLSUyNTIwQmVsdmVkZXJlJTI1MkMlMjUyMEJlbG8lMjUyMEhvcml6b250ZSUyNTIwLSUyNTIwTUclMjUyQyUyNTIwMzAzMjAtNDEwJTIxNWUwJTIxM20yJTIxMXNwdC1CUiUyMTJzYnIlMjE0djE2MjIwNTc3MTQ0NTglMjE1bTIlMjExc3B0LUJSJTIxMnNiciUyMiUyMHdpZHRoJTNEJTIyNjAwJTIyJTIwaGVpZ2h0JTNEJTIyNDUwJTIyJTIwc3R5bGUlM0QlMjJib3JkZXIlM0EwJTNCJTIyJTIwYWxsb3dmdWxsc2NyZWVuJTNEJTIyJTIyJTIwbG9hZGluZyUzRCUyMmxhenklMjIlM0UlM0MlMkZpZnJhbWUlM0U=&#8221; title=&#8221;Our Office&#8221;][\/vc_column][\/vc_row]<\/p>\n","protected":false},"author":1,"featured_media":0,"parent":0,"menu_order":0,"comment_status":"closed","ping_status":"closed","template":"homepage.php","meta":{"_mi_skip_tracking":false,"_monsterinsights_sitenote_active":false,"_monsterinsights_sitenote_note":"","_monsterinsights_sitenote_category":0},"aioseo_notices":[],"aioseo_head":"\n\t\t<!-- All in One SEO Pro 4.3.8 - aioseo.com -->\n\t\t<meta name=\"description\" content=\"SDPM Contact page. Any question, suggestion or complaint is always welcome. We&#039;re here to hear you. Come.\" \/>\n\t\t<meta name=\"robots\" content=\"max-image-preview:large\" \/>\n\t\t<meta name=\"google-site-verification\" content=\"r3LZ-KLjEYoVEzwOpCs6MqPrUlZQas5ZdLyhlfQ8w74\" \/>\n\t\t<meta name=\"msvalidate.01\" content=\"94701EFBD7E6B90177A7A86666A9735A\" \/>\n\t\t<meta name=\"keywords\" content=\"contato,sdpm,mining,consulting,sdpm mining consulting,minera\u00e7\u00e3o,consultoria,banco de dados,geologia,modelagem geol\u00f3gica,estimativa de teores,planejamento de lavra,hidrogeologia,novos projetos,recursos,reservas,dashboard,sdpm dashboard\" \/>\n\t\t<link rel=\"canonical\" href=\"https:\/\/sdpm.com.br\/en\/contact-form\/\" \/>\n\t\t<meta name=\"generator\" content=\"All in One SEO Pro (AIOSEO) 4.3.8\" \/>\n\t\t<meta property=\"og:locale\" content=\"en_US\" \/>\n\t\t<meta property=\"og:site_name\" content=\"SDPM | SDPM Mining Consulting\" \/>\n\t\t<meta property=\"og:type\" content=\"article\" \/>\n\t\t<meta property=\"og:title\" content=\"Contact Form | SDPM\" \/>\n\t\t<meta property=\"og:description\" content=\"SDPM Contact page. Any question, suggestion or complaint is always welcome. We&#039;re here to hear you. Come.\" \/>\n\t\t<meta property=\"og:url\" content=\"https:\/\/sdpm.com.br\/en\/contact-form\/\" \/>\n\t\t<meta property=\"og:image\" content=\"https:\/\/sdpm.com.br\/wp-content\/uploads\/2019\/09\/sdpm_icone.png\" \/>\n\t\t<meta property=\"og:image:secure_url\" content=\"https:\/\/sdpm.com.br\/wp-content\/uploads\/2019\/09\/sdpm_icone.png\" \/>\n\t\t<meta property=\"og:image:width\" content=\"308\" \/>\n\t\t<meta property=\"og:image:height\" content=\"297\" \/>\n\t\t<meta property=\"article:published_time\" content=\"2019-09-17T16:13:54+00:00\" \/>\n\t\t<meta property=\"article:modified_time\" content=\"2023-06-19T22:22:58+00:00\" \/>\n\t\t<meta property=\"article:publisher\" content=\"https:\/\/www.facebook.com\/consultoria.sdpm\" \/>\n\t\t<meta name=\"twitter:card\" content=\"summary\" \/>\n\t\t<meta name=\"twitter:title\" content=\"Contact Form | SDPM\" \/>\n\t\t<meta name=\"twitter:description\" content=\"SDPM Contact page. Any question, suggestion or complaint is always welcome. We&#039;re here to hear you. Come.\" \/>\n\t\t<meta name=\"twitter:image\" content=\"https:\/\/sdpm.com.br\/wp-content\/uploads\/2019\/09\/sdpm_icone.png\" \/>\n\t\t<script type=\"application\/ld+json\" class=\"aioseo-schema\">\n\t\t\t{\"@context\":\"https:\\\/\\\/schema.org\",\"@graph\":[{\"@type\":\"BreadcrumbList\",\"@id\":\"https:\\\/\\\/sdpm.com.br\\\/en\\\/contact-form\\\/#breadcrumblist\",\"itemListElement\":[{\"@type\":\"ListItem\",\"@id\":\"https:\\\/\\\/sdpm.com.br\\\/en\\\/#listItem\",\"position\":1,\"item\":{\"@type\":\"WebPage\",\"@id\":\"https:\\\/\\\/sdpm.com.br\\\/en\\\/\",\"name\":\"Home\",\"description\":\"SDPM operates in the market since 1990, providing services in the areas of mining planning, geology, estimation of mineral resources and dashboard\",\"url\":\"https:\\\/\\\/sdpm.com.br\\\/en\\\/\"},\"nextItem\":\"https:\\\/\\\/sdpm.com.br\\\/en\\\/contact-form\\\/#listItem\"},{\"@type\":\"ListItem\",\"@id\":\"https:\\\/\\\/sdpm.com.br\\\/en\\\/contact-form\\\/#listItem\",\"position\":2,\"item\":{\"@type\":\"WebPage\",\"@id\":\"https:\\\/\\\/sdpm.com.br\\\/en\\\/contact-form\\\/\",\"name\":\"Contact Form\",\"description\":\"SDPM Contact page. Any question, suggestion or complaint is always welcome. We're here to hear you. Come.\",\"url\":\"https:\\\/\\\/sdpm.com.br\\\/en\\\/contact-form\\\/\"},\"previousItem\":\"https:\\\/\\\/sdpm.com.br\\\/en\\\/#listItem\"}]},{\"@type\":\"Organization\",\"@id\":\"https:\\\/\\\/sdpm.com.br\\\/en\\\/#organization\",\"name\":\"SDPM MINING CONSULTING\",\"url\":\"https:\\\/\\\/sdpm.com.br\\\/en\\\/\",\"logo\":{\"@type\":\"ImageObject\",\"url\":\"https:\\\/\\\/sdpm.com.br\\\/wp-content\\\/uploads\\\/2019\\\/05\\\/sdpm_logo_final.png\",\"@id\":\"https:\\\/\\\/sdpm.com.br\\\/en\\\/#organizationLogo\",\"width\":469,\"height\":249},\"image\":{\"@id\":\"https:\\\/\\\/sdpm.com.br\\\/en\\\/#organizationLogo\"},\"sameAs\":[\"https:\\\/\\\/www.facebook.com\\\/consultoria.sdpm\",\"https:\\\/\\\/www.instagram.com\\\/consultoria.sdpm\",\"https:\\\/\\\/www.linkedin.com\\\/company\\\/sdpm-consultoria\\\/\"],\"contactPoint\":{\"@type\":\"ContactPoint\",\"telephone\":\"+553130178366\",\"contactType\":\"Customer Support\"}},{\"@type\":\"WebPage\",\"@id\":\"https:\\\/\\\/sdpm.com.br\\\/en\\\/contact-form\\\/#webpage\",\"url\":\"https:\\\/\\\/sdpm.com.br\\\/en\\\/contact-form\\\/\",\"name\":\"Contact | SDPM\",\"description\":\"SDPM Contact page. Any question, suggestion or complaint is always welcome. We're here to hear you. Come.\",\"inLanguage\":\"en-US\",\"isPartOf\":{\"@id\":\"https:\\\/\\\/sdpm.com.br\\\/en\\\/#website\"},\"breadcrumb\":{\"@id\":\"https:\\\/\\\/sdpm.com.br\\\/en\\\/contact-form\\\/#breadcrumblist\"},\"datePublished\":\"2019-09-17T16:13:54-03:00\",\"dateModified\":\"2023-06-19T22:22:58-03:00\"},{\"@type\":\"WebSite\",\"@id\":\"https:\\\/\\\/sdpm.com.br\\\/en\\\/#website\",\"url\":\"https:\\\/\\\/sdpm.com.br\\\/en\\\/\",\"name\":\"SDPM\",\"description\":\"SDPM Mining Consulting\",\"inLanguage\":\"en-US\",\"publisher\":{\"@id\":\"https:\\\/\\\/sdpm.com.br\\\/en\\\/#organization\"}}]}\n\t\t<\/script>\n\t\t<!-- All in One SEO Pro -->\r\n\t\t<title>Contact | SDPM<\/title>\n\n","aioseo_head_json":{"title":"Contact | SDPM","description":"SDPM Contact page. Any question, suggestion or complaint is always welcome. We're here to hear you. Come.","canonical_url":"https:\/\/sdpm.com.br\/en\/contact-form\/","robots":"max-image-preview:large","keywords":"contato,sdpm,mining,consulting,sdpm mining consulting,minera\u00e7\u00e3o,consultoria,banco de dados,geologia,modelagem geol\u00f3gica,estimativa de teores,planejamento de lavra,hidrogeologia,novos projetos,recursos,reservas,dashboard,sdpm dashboard","webmasterTools":{"google-site-verification":"r3LZ-KLjEYoVEzwOpCs6MqPrUlZQas5ZdLyhlfQ8w74","msvalidate.01":"94701EFBD7E6B90177A7A86666A9735A","miscellaneous":""},"og:locale":"en_US","og:site_name":"SDPM | SDPM Mining Consulting","og:type":"article","og:title":"Contact Form | SDPM","og:description":"SDPM Contact page. Any question, suggestion or complaint is always welcome. We're here to hear you. Come.","og:url":"https:\/\/sdpm.com.br\/en\/contact-form\/","og:image":"https:\/\/sdpm.com.br\/wp-content\/uploads\/2019\/09\/sdpm_icone.png","og:image:secure_url":"https:\/\/sdpm.com.br\/wp-content\/uploads\/2019\/09\/sdpm_icone.png","og:image:width":308,"og:image:height":297,"article:published_time":"2019-09-17T16:13:54+00:00","article:modified_time":"2023-06-19T22:22:58+00:00","article:publisher":"https:\/\/www.facebook.com\/consultoria.sdpm","twitter:card":"summary","twitter:title":"Contact Form | SDPM","twitter:description":"SDPM Contact page. Any question, suggestion or complaint is always welcome. We're here to hear you. Come.","twitter:image":"https:\/\/sdpm.com.br\/wp-content\/uploads\/2019\/09\/sdpm_icone.png","schema":{"@context":"https:\/\/schema.org","@graph":[{"@type":"BreadcrumbList","@id":"https:\/\/sdpm.com.br\/en\/contact-form\/#breadcrumblist","itemListElement":[{"@type":"ListItem","@id":"https:\/\/sdpm.com.br\/en\/#listItem","position":1,"item":{"@type":"WebPage","@id":"https:\/\/sdpm.com.br\/en\/","name":"Home","description":"SDPM operates in the market since 1990, providing services in the areas of mining planning, geology, estimation of mineral resources and dashboard","url":"https:\/\/sdpm.com.br\/en\/"},"nextItem":"https:\/\/sdpm.com.br\/en\/contact-form\/#listItem"},{"@type":"ListItem","@id":"https:\/\/sdpm.com.br\/en\/contact-form\/#listItem","position":2,"item":{"@type":"WebPage","@id":"https:\/\/sdpm.com.br\/en\/contact-form\/","name":"Contact Form","description":"SDPM Contact page. Any question, suggestion or complaint is always welcome. We're here to hear you. Come.","url":"https:\/\/sdpm.com.br\/en\/contact-form\/"},"previousItem":"https:\/\/sdpm.com.br\/en\/#listItem"}]},{"@type":"Organization","@id":"https:\/\/sdpm.com.br\/en\/#organization","name":"SDPM MINING CONSULTING","url":"https:\/\/sdpm.com.br\/en\/","logo":{"@type":"ImageObject","url":"https:\/\/sdpm.com.br\/wp-content\/uploads\/2019\/05\/sdpm_logo_final.png","@id":"https:\/\/sdpm.com.br\/en\/#organizationLogo","width":469,"height":249},"image":{"@id":"https:\/\/sdpm.com.br\/en\/#organizationLogo"},"sameAs":["https:\/\/www.facebook.com\/consultoria.sdpm","https:\/\/www.instagram.com\/consultoria.sdpm","https:\/\/www.linkedin.com\/company\/sdpm-consultoria\/"],"contactPoint":{"@type":"ContactPoint","telephone":"+553130178366","contactType":"Customer Support"}},{"@type":"WebPage","@id":"https:\/\/sdpm.com.br\/en\/contact-form\/#webpage","url":"https:\/\/sdpm.com.br\/en\/contact-form\/","name":"Contact | SDPM","description":"SDPM Contact page. Any question, suggestion or complaint is always welcome. We're here to hear you. Come.","inLanguage":"en-US","isPartOf":{"@id":"https:\/\/sdpm.com.br\/en\/#website"},"breadcrumb":{"@id":"https:\/\/sdpm.com.br\/en\/contact-form\/#breadcrumblist"},"datePublished":"2019-09-17T16:13:54-03:00","dateModified":"2023-06-19T22:22:58-03:00"},{"@type":"WebSite","@id":"https:\/\/sdpm.com.br\/en\/#website","url":"https:\/\/sdpm.com.br\/en\/","name":"SDPM","description":"SDPM Mining Consulting","inLanguage":"en-US","publisher":{"@id":"https:\/\/sdpm.com.br\/en\/#organization"}}]}},"aioseo_meta_data":{"post_id":"3457","title":"Contact | #site_title","description":"SDPM Contact page. Any question, suggestion or complaint is always welcome. We're here to hear you. Come.","keywords":"[{\"label\":\"Contato\",\"value\":\"Contato\"},{\"label\":\"SDPM\",\"value\":\"SDPM\"},{\"label\":\"Mining\",\"value\":\"Mining\"},{\"label\":\"Consulting\",\"value\":\"Consulting\"},{\"label\":\"SDPM Mining Consulting\",\"value\":\"SDPM Mining Consulting\"},{\"label\":\"Minera\\u00e7\\u00e3o\",\"value\":\"Minera\\u00e7\\u00e3o\"},{\"label\":\"Consultoria\",\"value\":\"Consultoria\"},{\"label\":\"Banco de Dados\",\"value\":\"Banco de Dados\"},{\"label\":\"Geologia\",\"value\":\"Geologia\"},{\"label\":\"Modelagem Geol\\u00f3gica\",\"value\":\"Modelagem Geol\\u00f3gica\"},{\"label\":\"Estimativa de Teores\",\"value\":\"Estimativa de Teores\"},{\"label\":\"Planejamento de Lavra\",\"value\":\"Planejamento de Lavra\"},{\"label\":\"Hidrogeologia\",\"value\":\"Hidrogeologia\"},{\"label\":\"Novos Projetos\",\"value\":\"Novos Projetos\"},{\"label\":\"Recursos\",\"value\":\"Recursos\"},{\"label\":\"Reservas\",\"value\":\"Reservas\"},{\"label\":\"Dashboard\",\"value\":\"Dashboard\"},{\"label\":\"SDPM Dashboard\",\"value\":\"SDPM Dashboard\"}]","keyphrases":"{\"focus\":{\"keyphrase\":\"Contact\",\"score\":85,\"analysis\":{\"keyphraseInTitle\":{\"score\":9,\"maxScore\":9,\"error\":0},\"keyphraseInDescription\":{\"score\":9,\"maxScore\":9,\"error\":0},\"keyphraseLength\":{\"score\":9,\"maxScore\":9,\"error\":0,\"length\":1},\"keyphraseInURL\":{\"score\":5,\"maxScore\":5,\"error\":0},\"keyphraseInIntroduction\":{\"score\":3,\"maxScore\":9,\"error\":1},\"keyphraseInSubHeadings\":[],\"keyphraseInImageAlt\":[]}},\"additional\":[{\"keyphrase\":\"sdpm\",\"score\":78,\"analysis\":{\"keyphraseInDescription\":{\"score\":9,\"maxScore\":9,\"error\":0},\"keyphraseLength\":{\"score\":9,\"maxScore\":9,\"error\":0,\"length\":1},\"keyphraseInIntroduction\":{\"score\":3,\"maxScore\":9,\"error\":1},\"keyphraseInImageAlt\":[]}},{\"keyphrase\":\"question\",\"score\":78,\"analysis\":{\"keyphraseInDescription\":{\"score\":9,\"maxScore\":9,\"error\":0},\"keyphraseLength\":{\"score\":9,\"maxScore\":9,\"error\":0,\"length\":1},\"keyphraseInIntroduction\":{\"score\":3,\"maxScore\":9,\"error\":1},\"keyphraseInImageAlt\":[]}},{\"keyphrase\":\"complaint\",\"score\":78,\"analysis\":{\"keyphraseInDescription\":{\"score\":9,\"maxScore\":9,\"error\":0},\"keyphraseLength\":{\"score\":9,\"maxScore\":9,\"error\":0,\"length\":1},\"keyphraseInIntroduction\":{\"score\":3,\"maxScore\":9,\"error\":1},\"keyphraseInImageAlt\":[]}},{\"keyphrase\":\"contact\",\"score\":78,\"analysis\":{\"keyphraseInDescription\":{\"score\":9,\"maxScore\":9,\"error\":0},\"keyphraseLength\":{\"score\":9,\"maxScore\":9,\"error\":0,\"length\":1},\"keyphraseInIntroduction\":{\"score\":3,\"maxScore\":9,\"error\":1},\"keyphraseInImageAlt\":[]}}]}","primary_term":null,"canonical_url":null,"og_title":"#post_title #separator_sa #site_title","og_description":"SDPM Contact page. Any question, suggestion or complaint is always welcome. We're here to hear you. Come.","og_object_type":"default","og_image_type":"default","og_image_url":null,"og_image_width":null,"og_image_height":null,"og_image_custom_url":null,"og_image_custom_fields":null,"og_video":"","og_custom_url":null,"og_article_section":null,"og_article_tags":"[]","twitter_use_og":false,"twitter_card":"default","twitter_image_type":"default","twitter_image_url":null,"twitter_image_custom_url":null,"twitter_image_custom_fields":null,"twitter_title":"#post_title #separator_sa #site_title","twitter_description":"SDPM Contact page. Any question, suggestion or complaint is always welcome. We're here to hear you. Come.","schema":{"blockGraphs":[],"customGraphs":[],"default":{"data":{"Article":[],"Course":[],"Dataset":[],"FAQPage":[],"Movie":[],"Person":[],"Product":[],"Recipe":[],"Service":[],"SoftwareApplication":[],"WebPage":{"id":"#aioseo-web-page-648a3856891a8","slug":"web-page","graphName":"WebPage","label":"Web Page","properties":{"type":"WebPage","name":"","description":""}}},"graphName":"","isEnabled":true},"graphs":[]},"schema_type":"default","schema_type_options":"{\"article\":{\"articleType\":\"BlogPosting\"},\"course\":{\"name\":\"\",\"description\":\"\",\"provider\":\"\"},\"faq\":{\"pages\":[]},\"product\":{\"reviews\":[]},\"recipe\":{\"ingredients\":[],\"instructions\":[],\"keywords\":[]},\"software\":{\"reviews\":[],\"operatingSystems\":[]},\"webPage\":{\"webPageType\":\"WebPage\"}}","pillar_content":false,"robots_default":true,"robots_noindex":false,"robots_noarchive":false,"robots_nosnippet":false,"robots_nofollow":false,"robots_noimageindex":false,"robots_noodp":false,"robots_notranslate":false,"robots_max_snippet":"-1","robots_max_videopreview":"-1","robots_max_imagepreview":"large","priority":"default","frequency":"default","location":null,"local_seo":null,"limit_modified_date":false,"open_ai":{"title":{"suggestions":[],"usage":0},"description":{"suggestions":[],"usage":0}},"created":"2021-04-06 23:45:52","updated":"2023-06-19 22:28:29"},"_links":{"self":[{"href":"https:\/\/sdpm.com.br\/en\/wp-json\/wp\/v2\/pages\/3457"}],"collection":[{"href":"https:\/\/sdpm.com.br\/en\/wp-json\/wp\/v2\/pages"}],"about":[{"href":"https:\/\/sdpm.com.br\/en\/wp-json\/wp\/v2\/types\/page"}],"author":[{"embeddable":true,"href":"https:\/\/sdpm.com.br\/en\/wp-json\/wp\/v2\/users\/1"}],"replies":[{"embeddable":true,"href":"https:\/\/sdpm.com.br\/en\/wp-json\/wp\/v2\/comments?post=3457"}],"version-history":[{"count":0,"href":"https:\/\/sdpm.com.br\/en\/wp-json\/wp\/v2\/pages\/3457\/revisions"}],"wp:attachment":[{"href":"https:\/\/sdpm.com.br\/en\/wp-json\/wp\/v2\/media?parent=3457"}],"curies":[{"name":"wp","href":"https:\/\/api.w.org\/{rel}","templated":true}]}}