{"id":3465,"date":"2019-09-17T13:18:24","date_gmt":"2019-09-17T16:18:24","guid":{"rendered":"https:\/\/sdpm.com.br\/our-team\/"},"modified":"2023-06-19T16:36:27","modified_gmt":"2023-06-19T19:36:27","slug":"our-team","status":"publish","type":"page","link":"https:\/\/sdpm.com.br\/en\/our-team\/","title":{"rendered":"Our Team"},"content":{"rendered":"<section class=\"wpb-content-wrapper\"><p>[vc_row][vc_column][vc_empty_space height=&#8221;64px&#8221;][\/vc_column][\/vc_row][vc_row][vc_column width=&#8221;1\/2&#8243;][vc_empty_space height=&#8221;64px&#8221;]<div class=\"cq-avatarblock white cq-avatarblock-left cq-avatarblock-160  \" data-tooltip=\"Jo\u00e3o Paulo da Silva\" data-bgcolor=\"white\" data-custombgcolor=\"\" data-contentheight=\"\" data-bordercolor=\"\"><div class=\"cq-avatarblock-avatarcontainer\"><div class=\"cq-avatarblock-avatar\" style=\"background-image:url(https:\/\/sdpm.com.br\/wp-content\/uploads\/2019\/06\/WhatsApp-Image-2019-06-01-at-09.03.57.jpeg)\"><\/div><\/div><div class=\"cq-avatarblock-contentcontainer cq-avatarblock-square\"><div class=\"cq-avatarblock-content\"><h3 class=\"cq-avatarblock-title\" style=\"font-size:;color:\">Jo\u00e3o Paulo da Silva<\/h3><p><strong>Technical Director<\/strong><\/p>\n<div id=\"justify\" style=\"font-style: normal; padding: 0; text-indent: 1em; text-align: justify; -webkit-hyphens: auto; -moz-hyphens: auto; -ms-hyphens: auto; -o-hyphens: auto; word-break: break-word; hyphens: auto; margin: 0 .5em 0 0px;\">Specialist in mine planning with experience in underground and open-pit mining projects. Develops works of optimization and operationalization of final pit, design of underground mine, creation of Stopes, mathematical and operational sequencing of mining and waste dump (short, medium and long term), fleet sizing, CAPEX estimates and OPEX.<\/div>\n<\/div><\/div><\/div>[\/vc_column][vc_column width=&#8221;1\/2&#8243;][vc_empty_space height=&#8221;64px&#8221;]<div class=\"cq-avatarblock white cq-avatarblock-left cq-avatarblock-160  \" data-tooltip=\"Jo\u00e3o Estev\u00e3o\" data-bgcolor=\"white\" data-custombgcolor=\"\" data-contentheight=\"\" data-bordercolor=\"\"><div class=\"cq-avatarblock-avatarcontainer\"><div class=\"cq-avatarblock-avatar\" style=\"background-image:url(https:\/\/sdpm.com.br\/wp-content\/uploads\/2019\/05\/person-04.jpg)\"><\/div><\/div><div class=\"cq-avatarblock-contentcontainer cq-avatarblock-square\"><div class=\"cq-avatarblock-content\"><h3 class=\"cq-avatarblock-title\" style=\"font-size:;color:\">Jo\u00e3o Estev\u00e3o J\u00fanior<\/h3><p><strong>Technical Director<\/strong><\/p>\n<div id=\"justify\" style=\"font-style: normal; padding: 0; text-indent: 1em; text-align: justify; -webkit-hyphens: auto; -moz-hyphens: auto; -ms-hyphens: auto; -o-hyphens: auto; word-break: break-word; hyphens: auto; margin: 0 .5em 0 0px;\">Professional with experience in underground and open pit mine projects, with participation in all geology processes. Development of geological modeling work (short, medium or long term), estimation of mineral resources, drilling campaign schedules and monitoring of quality controls (QA\/QC). Master&#8217;s degree in geostatistics from the University of S\u00e3o Paulo (USP).<\/div>\n<\/div><\/div><\/div>[\/vc_column][\/vc_row][vc_row][vc_column width=&#8221;1\/2&#8243;][vc_empty_space height=&#8221;16px&#8221;]<div class=\"cq-avatarblock white cq-avatarblock-left cq-avatarblock-160  \" data-tooltip=\"Pedro Borges\" data-bgcolor=\"white\" data-custombgcolor=\"\" data-contentheight=\"\" data-bordercolor=\"\"><div class=\"cq-avatarblock-avatarcontainer\"><div class=\"cq-avatarblock-avatar\" style=\"background-image:url(https:\/\/sdpm.com.br\/wp-content\/uploads\/2019\/05\/pedro_borges.jpg)\"><\/div><\/div><div class=\"cq-avatarblock-contentcontainer cq-avatarblock-square\"><div class=\"cq-avatarblock-content\"><h3 class=\"cq-avatarblock-title\" style=\"font-size:;color:\">Pedro Borges<\/h3><p><strong>Master Consultant \u2013 Mining planning<\/strong><\/p>\n<div id=\"justify\" style=\"font-style: normal; padding: 0; text-indent: 1em; text-align: justify; -webkit-hyphens: auto; -moz-hyphens: auto; -ms-hyphens: auto; -o-hyphens: auto; word-break: break-word; hyphens: auto; margin: 0 .5em 0 0px;\">Specialist with over 30 years of experience in short, medium and long-term mining planning. Performs optimization and operationalization of final pit, mining sequencing, projects of waste dump, access projects and dimensioning of equipment fleets.<\/div>\n<\/div><\/div><\/div>[\/vc_column][\/vc_row][vc_row][vc_column][vc_empty_space height=&#8221;64px&#8221;][\/vc_column][\/vc_row][vc_row][vc_column][vc_text_separator title=&#8221;&#8221; i_icon_fontawesome=&#8221;fa fa-handshake-o&#8221; i_color=&#8221;sky&#8221; add_icon=&#8221;true&#8221;]<div class=\"promo-block \">\r\n                \t<div class=\"promo-text\">Contact Form<\/div>\r\n                \t<div class=\"promo-paragraph\">Use the form below to contact us directly.<\/div>\r\n                \t<div class=\"center-line\"><\/div>\r\n              <\/div>[\/vc_column][\/vc_row][vc_row bg_type=&#8221;bg_color&#8221; fadeout_row=&#8221;fadeout_row_value&#8221; fadeout_start_effect=&#8221;25&#8243;][vc_column width=&#8221;2\/3&#8243;]\n<div class=\"wpcf7 no-js\" id=\"wpcf7-f3656-o1\" lang=\"en-US\" dir=\"ltr\">\n<div class=\"screen-reader-response\"><p role=\"status\" aria-live=\"polite\" aria-atomic=\"true\"><\/p> <ul><\/ul><\/div>\n<form action=\"\/en\/wp-json\/wp\/v2\/pages\/3465#wpcf7-f3656-o1\" method=\"post\" class=\"wpcf7-form init\" aria-label=\"Contact form\" novalidate=\"novalidate\" data-status=\"init\">\n<div style=\"display: none;\">\n<input type=\"hidden\" name=\"_wpcf7\" value=\"3656\" \/>\n<input type=\"hidden\" name=\"_wpcf7_version\" value=\"5.7.7\" \/>\n<input type=\"hidden\" name=\"_wpcf7_locale\" value=\"en_US\" \/>\n<input type=\"hidden\" name=\"_wpcf7_unit_tag\" value=\"wpcf7-f3656-o1\" \/>\n<input type=\"hidden\" name=\"_wpcf7_container_post\" value=\"0\" \/>\n<input type=\"hidden\" name=\"_wpcf7_posted_data_hash\" value=\"\" \/>\n<input type=\"hidden\" name=\"_wpcf7_recaptcha_response\" value=\"\" \/>\n<\/div>\n<div class=\"row\">\n\t<div class=\"col-sm-6\">\n\t\t<p><br \/>\n<span class=\"wpcf7-form-control-wrap\" data-name=\"your-name\"><input size=\"40\" class=\"wpcf7-form-control wpcf7-text wpcf7-validates-as-required\" aria-required=\"true\" aria-invalid=\"false\" placeholder=\"Your Name (Required)\" value=\"\" type=\"text\" name=\"your-name\" \/><\/span>\n\t\t<\/p>\n\t\t<p><br \/>\n<span class=\"wpcf7-form-control-wrap\" data-name=\"your-email\"><input size=\"40\" class=\"wpcf7-form-control wpcf7-text wpcf7-email wpcf7-validates-as-required wpcf7-validates-as-email\" aria-required=\"true\" aria-invalid=\"false\" placeholder=\"Your Email (Required)\" value=\"\" type=\"email\" name=\"your-email\" \/><\/span>\n\t\t<\/p>\n\t\t<p><br \/>\n<span class=\"wpcf7-form-control-wrap\" data-name=\"tel-377\"><input size=\"40\" class=\"wpcf7-form-control wpcf7-text wpcf7-tel wpcf7-validates-as-tel\" aria-invalid=\"false\" placeholder=\"Telephone\" value=\"\" type=\"tel\" name=\"tel-377\" \/><\/span>\n\t\t<\/p>\n\t\t<p><br \/>\n<span class=\"wpcf7-form-control-wrap\" data-name=\"your-subject\"><input size=\"40\" class=\"wpcf7-form-control wpcf7-text\" aria-invalid=\"false\" placeholder=\"Subject\/Doubt\" value=\"\" type=\"text\" name=\"your-subject\" \/><\/span>\n\t\t<\/p>\n\t\t<p><input class=\"wpcf7-form-control has-spinner wpcf7-submit button primary-button\" type=\"submit\" value=\"Send\" \/>\n\t\t<\/p>\n\t<\/div>\n\t<div class=\"col-sm-6\">\n\t\t<p><br \/>\n<span class=\"wpcf7-form-control-wrap\" data-name=\"your-message\"><textarea cols=\"40\" rows=\"10\" class=\"wpcf7-form-control wpcf7-textarea\" aria-invalid=\"false\" placeholder=\"Your Message\/Question\" name=\"your-message\"><\/textarea><\/span>\n\t\t<\/p>\n\t<\/div>\n<\/div><div class=\"wpcf7-response-output\" aria-hidden=\"true\"><\/div>\n<\/form>\n<\/div>\n[\/vc_column][vc_column width=&#8221;1\/3&#8243;][vc_gmaps link=&#8221;#E-8_JTNDaWZyYW1lJTIwc3JjJTNEJTIyaHR0cHMlM0ElMkYlMkZ3d3cuZ29vZ2xlLmNvbSUyRm1hcHMlMkZlbWJlZCUzRnBiJTNEJTIxMW0xOCUyMTFtMTIlMjExbTMlMjExZDM3NTAuODM2MzE4Mzc3MTA0NCUyMTJkLTQzLjkzNDgwMjg4NTYzMzcyJTIxM2QtMTkuOTMxMzAxMjQzNDk1NjA0JTIxMm0zJTIxMWYwJTIxMmYwJTIxM2YwJTIxM20yJTIxMWkxMDI0JTIxMmk3NjglMjE0ZjEzLjElMjEzbTMlMjExbTIlMjExczB4YTY5OWU4MjBiMDM4OGIlMjUzQTB4YjgwY2Q0ODQ2OTBhMzI3YiUyMTJzUi4lMkJQYXJhJTI1QzMlMjVBRGJhJTI1MkMlMkI1NTAlMkItJTJCU2FudGElMkJFZmlnJTI1QzMlMjVBQW5pYSUyNTJDJTJCQmVsbyUyQkhvcml6b250ZSUyQi0lMkJNRyUyNTJDJTJCMzAxMzAtMTQwJTIxNWUwJTIxM20yJTIxMXNwdC1CUiUyMTJzYnIlMjE0djE1NTc2Nzg0MzYwMDElMjE1bTIlMjExc3B0LUJSJTIxMnNiciUyMiUyMHdpZHRoJTNEJTIyNjAwJTIyJTIwaGVpZ2h0JTNEJTIyNDUwJTIyJTIwZnJhbWVib3JkZXIlM0QlMjIwJTIyJTIwc3R5bGUlM0QlMjJib3JkZXIlM0EwJTIyJTIwYWxsb3dmdWxsc2NyZWVuJTNFJTNDJTJGaWZyYW1lJTNF&#8221; title=&#8221;Our Central Office&#8221;][\/vc_column][\/vc_row]<\/p>\n<\/section>","protected":false},"excerpt":{"rendered":"<p>[vc_row][vc_column][vc_empty_space height=&#8221;64px&#8221;][\/vc_column][\/vc_row][vc_row][vc_column width=&#8221;1\/2&#8243;][vc_empty_space height=&#8221;64px&#8221;][\/vc_column][vc_column width=&#8221;1\/2&#8243;][vc_empty_space height=&#8221;64px&#8221;][\/vc_column][\/vc_row][vc_row][vc_column width=&#8221;1\/2&#8243;][vc_empty_space height=&#8221;16px&#8221;][\/vc_column][\/vc_row][vc_row][vc_column][vc_empty_space height=&#8221;64px&#8221;][\/vc_column][\/vc_row][vc_row][vc_column][vc_text_separator title=&#8221;&#8221; i_icon_fontawesome=&#8221;fa fa-handshake-o&#8221; i_color=&#8221;sky&#8221; add_icon=&#8221;true&#8221;][\/vc_column][\/vc_row][vc_row bg_type=&#8221;bg_color&#8221; fadeout_row=&#8221;fadeout_row_value&#8221; fadeout_start_effect=&#8221;25&#8243;][vc_column width=&#8221;2\/3&#8243;][\/vc_column][vc_column width=&#8221;1\/3&#8243;][vc_gmaps link=&#8221;#E-8_JTNDaWZyYW1lJTIwc3JjJTNEJTIyaHR0cHMlM0ElMkYlMkZ3d3cuZ29vZ2xlLmNvbSUyRm1hcHMlMkZlbWJlZCUzRnBiJTNEJTIxMW0xOCUyMTFtMTIlMjExbTMlMjExZDM3NTAuODM2MzE4Mzc3MTA0NCUyMTJkLTQzLjkzNDgwMjg4NTYzMzcyJTIxM2QtMTkuOTMxMzAxMjQzNDk1NjA0JTIxMm0zJTIxMWYwJTIxMmYwJTIxM2YwJTIxM20yJTIxMWkxMDI0JTIxMmk3NjglMjE0ZjEzLjElMjEzbTMlMjExbTIlMjExczB4YTY5OWU4MjBiMDM4OGIlMjUzQTB4YjgwY2Q0ODQ2OTBhMzI3YiUyMTJzUi4lMkJQYXJhJTI1QzMlMjVBRGJhJTI1MkMlMkI1NTAlMkItJTJCU2FudGElMkJFZmlnJTI1QzMlMjVBQW5pYSUyNTJDJTJCQmVsbyUyQkhvcml6b250ZSUyQi0lMkJNRyUyNTJDJTJCMzAxMzAtMTQwJTIxNWUwJTIxM20yJTIxMXNwdC1CUiUyMTJzYnIlMjE0djE1NTc2Nzg0MzYwMDElMjE1bTIlMjExc3B0LUJSJTIxMnNiciUyMiUyMHdpZHRoJTNEJTIyNjAwJTIyJTIwaGVpZ2h0JTNEJTIyNDUwJTIyJTIwZnJhbWVib3JkZXIlM0QlMjIwJTIyJTIwc3R5bGUlM0QlMjJib3JkZXIlM0EwJTIyJTIwYWxsb3dmdWxsc2NyZWVuJTNFJTNDJTJGaWZyYW1lJTNF&#8221; title=&#8221;Our Central Office&#8221;][\/vc_column][\/vc_row]<\/p>\n","protected":false},"author":1,"featured_media":0,"parent":0,"menu_order":0,"comment_status":"closed","ping_status":"closed","template":"homepage.php","meta":{"_mi_skip_tracking":false,"_monsterinsights_sitenote_active":false,"_monsterinsights_sitenote_note":"","_monsterinsights_sitenote_category":0},"aioseo_notices":[],"aioseo_head":"\n\t\t<!-- All in One SEO Pro 4.3.8 - aioseo.com -->\n\t\t<meta name=\"description\" content=\"Check out our team, all are highly qualified for your needs. We formed a whole team engaged in solving their problems.\" \/>\n\t\t<meta name=\"robots\" content=\"max-image-preview:large\" \/>\n\t\t<meta name=\"google-site-verification\" content=\"r3LZ-KLjEYoVEzwOpCs6MqPrUlZQas5ZdLyhlfQ8w74\" \/>\n\t\t<meta name=\"msvalidate.01\" content=\"94701EFBD7E6B90177A7A86666A9735A\" \/>\n\t\t<meta name=\"keywords\" content=\"team,our team. team,sdpm,mining,consulting,sdpm mining consulting,database,geology,geological modelling,estimation of contents,tilling planning,hydrogeology,new projects,resources,reservations,dashboard,sdpm dashboard\" \/>\n\t\t<link rel=\"canonical\" href=\"https:\/\/sdpm.com.br\/en\/our-team\/\" \/>\n\t\t<meta name=\"generator\" content=\"All in One SEO Pro (AIOSEO) 4.3.8\" \/>\n\t\t<meta property=\"og:locale\" content=\"en_US\" \/>\n\t\t<meta property=\"og:site_name\" content=\"SDPM | SDPM Mining Consulting\" \/>\n\t\t<meta property=\"og:type\" content=\"article\" \/>\n\t\t<meta property=\"og:title\" content=\"Our Team | SDPM\" \/>\n\t\t<meta property=\"og:description\" content=\"Check out our team, all are highly qualified for your needs. We formed a whole team engaged in solving their problems.\" \/>\n\t\t<meta property=\"og:url\" content=\"https:\/\/sdpm.com.br\/en\/our-team\/\" \/>\n\t\t<meta property=\"og:image\" content=\"https:\/\/sdpm.com.br\/wp-content\/uploads\/2019\/09\/sdpm_icone.png\" \/>\n\t\t<meta property=\"og:image:secure_url\" content=\"https:\/\/sdpm.com.br\/wp-content\/uploads\/2019\/09\/sdpm_icone.png\" \/>\n\t\t<meta property=\"og:image:width\" content=\"308\" \/>\n\t\t<meta property=\"og:image:height\" content=\"297\" \/>\n\t\t<meta property=\"article:published_time\" content=\"2019-09-17T16:18:24+00:00\" \/>\n\t\t<meta property=\"article:modified_time\" content=\"2023-06-19T19:36:27+00:00\" \/>\n\t\t<meta property=\"article:publisher\" content=\"https:\/\/www.facebook.com\/consultoria.sdpm\" \/>\n\t\t<meta name=\"twitter:card\" content=\"summary\" \/>\n\t\t<meta name=\"twitter:title\" content=\"Our Team | SDPM\" \/>\n\t\t<meta name=\"twitter:description\" content=\"Check out our team, all are highly qualified for your needs. We formed a whole team engaged in solving their problems.\" \/>\n\t\t<meta name=\"twitter:image\" content=\"https:\/\/sdpm.com.br\/wp-content\/uploads\/2019\/09\/sdpm_icone.png\" \/>\n\t\t<script type=\"application\/ld+json\" class=\"aioseo-schema\">\n\t\t\t{\"@context\":\"https:\\\/\\\/schema.org\",\"@graph\":[{\"@type\":\"BreadcrumbList\",\"@id\":\"https:\\\/\\\/sdpm.com.br\\\/en\\\/our-team\\\/#breadcrumblist\",\"itemListElement\":[{\"@type\":\"ListItem\",\"@id\":\"https:\\\/\\\/sdpm.com.br\\\/en\\\/#listItem\",\"position\":1,\"item\":{\"@type\":\"WebPage\",\"@id\":\"https:\\\/\\\/sdpm.com.br\\\/en\\\/\",\"name\":\"Home\",\"description\":\"SDPM operates in the market since 1990, providing services in the areas of mining planning, geology, estimation of mineral resources and dashboard\",\"url\":\"https:\\\/\\\/sdpm.com.br\\\/en\\\/\"},\"nextItem\":\"https:\\\/\\\/sdpm.com.br\\\/en\\\/our-team\\\/#listItem\"},{\"@type\":\"ListItem\",\"@id\":\"https:\\\/\\\/sdpm.com.br\\\/en\\\/our-team\\\/#listItem\",\"position\":2,\"item\":{\"@type\":\"WebPage\",\"@id\":\"https:\\\/\\\/sdpm.com.br\\\/en\\\/our-team\\\/\",\"name\":\"Our Team\",\"description\":\"Check out our team, all are highly qualified for your needs. We formed a whole team engaged in solving their problems.\",\"url\":\"https:\\\/\\\/sdpm.com.br\\\/en\\\/our-team\\\/\"},\"previousItem\":\"https:\\\/\\\/sdpm.com.br\\\/en\\\/#listItem\"}]},{\"@type\":\"Organization\",\"@id\":\"https:\\\/\\\/sdpm.com.br\\\/en\\\/#organization\",\"name\":\"SDPM MINING CONSULTING\",\"url\":\"https:\\\/\\\/sdpm.com.br\\\/en\\\/\",\"logo\":{\"@type\":\"ImageObject\",\"url\":\"https:\\\/\\\/sdpm.com.br\\\/wp-content\\\/uploads\\\/2019\\\/05\\\/sdpm_logo_final.png\",\"@id\":\"https:\\\/\\\/sdpm.com.br\\\/en\\\/#organizationLogo\",\"width\":469,\"height\":249},\"image\":{\"@id\":\"https:\\\/\\\/sdpm.com.br\\\/en\\\/#organizationLogo\"},\"sameAs\":[\"https:\\\/\\\/www.facebook.com\\\/consultoria.sdpm\",\"https:\\\/\\\/www.instagram.com\\\/consultoria.sdpm\",\"https:\\\/\\\/www.linkedin.com\\\/company\\\/sdpm-consultoria\\\/\"],\"contactPoint\":{\"@type\":\"ContactPoint\",\"telephone\":\"+553130178366\",\"contactType\":\"Customer Support\"}},{\"@type\":\"WebPage\",\"@id\":\"https:\\\/\\\/sdpm.com.br\\\/en\\\/our-team\\\/#webpage\",\"url\":\"https:\\\/\\\/sdpm.com.br\\\/en\\\/our-team\\\/\",\"name\":\"Our Team | SDPM\",\"description\":\"Check out our team, all are highly qualified for your needs. We formed a whole team engaged in solving their problems.\",\"inLanguage\":\"en-US\",\"isPartOf\":{\"@id\":\"https:\\\/\\\/sdpm.com.br\\\/en\\\/#website\"},\"breadcrumb\":{\"@id\":\"https:\\\/\\\/sdpm.com.br\\\/en\\\/our-team\\\/#breadcrumblist\"},\"datePublished\":\"2019-09-17T16:18:24-03:00\",\"dateModified\":\"2023-06-19T19:36:27-03:00\"},{\"@type\":\"WebSite\",\"@id\":\"https:\\\/\\\/sdpm.com.br\\\/en\\\/#website\",\"url\":\"https:\\\/\\\/sdpm.com.br\\\/en\\\/\",\"name\":\"SDPM\",\"description\":\"SDPM Mining Consulting\",\"inLanguage\":\"en-US\",\"publisher\":{\"@id\":\"https:\\\/\\\/sdpm.com.br\\\/en\\\/#organization\"}}]}\n\t\t<\/script>\n\t\t<!-- All in One SEO Pro -->\r\n\t\t<title>Our Team | SDPM<\/title>\n\n","aioseo_head_json":{"title":"Our Team | SDPM","description":"Check out our team, all are highly qualified for your needs. We formed a whole team engaged in solving their problems.","canonical_url":"https:\/\/sdpm.com.br\/en\/our-team\/","robots":"max-image-preview:large","keywords":"team,our team. team,sdpm,mining,consulting,sdpm mining consulting,database,geology,geological modelling,estimation of contents,tilling planning,hydrogeology,new projects,resources,reservations,dashboard,sdpm dashboard","webmasterTools":{"google-site-verification":"r3LZ-KLjEYoVEzwOpCs6MqPrUlZQas5ZdLyhlfQ8w74","msvalidate.01":"94701EFBD7E6B90177A7A86666A9735A","miscellaneous":""},"og:locale":"en_US","og:site_name":"SDPM | SDPM Mining Consulting","og:type":"article","og:title":"Our Team | SDPM","og:description":"Check out our team, all are highly qualified for your needs. We formed a whole team engaged in solving their problems.","og:url":"https:\/\/sdpm.com.br\/en\/our-team\/","og:image":"https:\/\/sdpm.com.br\/wp-content\/uploads\/2019\/09\/sdpm_icone.png","og:image:secure_url":"https:\/\/sdpm.com.br\/wp-content\/uploads\/2019\/09\/sdpm_icone.png","og:image:width":308,"og:image:height":297,"article:published_time":"2019-09-17T16:18:24+00:00","article:modified_time":"2023-06-19T19:36:27+00:00","article:publisher":"https:\/\/www.facebook.com\/consultoria.sdpm","twitter:card":"summary","twitter:title":"Our Team | SDPM","twitter:description":"Check out our team, all are highly qualified for your needs. We formed a whole team engaged in solving their problems.","twitter:image":"https:\/\/sdpm.com.br\/wp-content\/uploads\/2019\/09\/sdpm_icone.png","schema":{"@context":"https:\/\/schema.org","@graph":[{"@type":"BreadcrumbList","@id":"https:\/\/sdpm.com.br\/en\/our-team\/#breadcrumblist","itemListElement":[{"@type":"ListItem","@id":"https:\/\/sdpm.com.br\/en\/#listItem","position":1,"item":{"@type":"WebPage","@id":"https:\/\/sdpm.com.br\/en\/","name":"Home","description":"SDPM operates in the market since 1990, providing services in the areas of mining planning, geology, estimation of mineral resources and dashboard","url":"https:\/\/sdpm.com.br\/en\/"},"nextItem":"https:\/\/sdpm.com.br\/en\/our-team\/#listItem"},{"@type":"ListItem","@id":"https:\/\/sdpm.com.br\/en\/our-team\/#listItem","position":2,"item":{"@type":"WebPage","@id":"https:\/\/sdpm.com.br\/en\/our-team\/","name":"Our Team","description":"Check out our team, all are highly qualified for your needs. We formed a whole team engaged in solving their problems.","url":"https:\/\/sdpm.com.br\/en\/our-team\/"},"previousItem":"https:\/\/sdpm.com.br\/en\/#listItem"}]},{"@type":"Organization","@id":"https:\/\/sdpm.com.br\/en\/#organization","name":"SDPM MINING CONSULTING","url":"https:\/\/sdpm.com.br\/en\/","logo":{"@type":"ImageObject","url":"https:\/\/sdpm.com.br\/wp-content\/uploads\/2019\/05\/sdpm_logo_final.png","@id":"https:\/\/sdpm.com.br\/en\/#organizationLogo","width":469,"height":249},"image":{"@id":"https:\/\/sdpm.com.br\/en\/#organizationLogo"},"sameAs":["https:\/\/www.facebook.com\/consultoria.sdpm","https:\/\/www.instagram.com\/consultoria.sdpm","https:\/\/www.linkedin.com\/company\/sdpm-consultoria\/"],"contactPoint":{"@type":"ContactPoint","telephone":"+553130178366","contactType":"Customer Support"}},{"@type":"WebPage","@id":"https:\/\/sdpm.com.br\/en\/our-team\/#webpage","url":"https:\/\/sdpm.com.br\/en\/our-team\/","name":"Our Team | SDPM","description":"Check out our team, all are highly qualified for your needs. We formed a whole team engaged in solving their problems.","inLanguage":"en-US","isPartOf":{"@id":"https:\/\/sdpm.com.br\/en\/#website"},"breadcrumb":{"@id":"https:\/\/sdpm.com.br\/en\/our-team\/#breadcrumblist"},"datePublished":"2019-09-17T16:18:24-03:00","dateModified":"2023-06-19T19:36:27-03:00"},{"@type":"WebSite","@id":"https:\/\/sdpm.com.br\/en\/#website","url":"https:\/\/sdpm.com.br\/en\/","name":"SDPM","description":"SDPM Mining Consulting","inLanguage":"en-US","publisher":{"@id":"https:\/\/sdpm.com.br\/en\/#organization"}}]}},"aioseo_meta_data":{"post_id":"3465","title":"Our Team | #site_title","description":"Check out our team, all are highly qualified for your needs. We formed a whole team engaged in solving their problems.","keywords":"[{\"label\":\"Team\",\"value\":\"Team\"},{\"label\":\"our team. Team\",\"value\":\"our team. Team\"},{\"label\":\"SDPM\",\"value\":\"SDPM\"},{\"label\":\"Mining\",\"value\":\"Mining\"},{\"label\":\"Consulting\",\"value\":\"Consulting\"},{\"label\":\"SDPM Mining Consulting\",\"value\":\"SDPM Mining Consulting\"},{\"label\":\"mining\",\"value\":\"mining\"},{\"label\":\"consulting\",\"value\":\"consulting\"},{\"label\":\"database\",\"value\":\"database\"},{\"label\":\"geology\",\"value\":\"geology\"},{\"label\":\"geological modelling\",\"value\":\"geological modelling\"},{\"label\":\"estimation of contents\",\"value\":\"estimation of contents\"},{\"label\":\"tilling planning\",\"value\":\"tilling planning\"},{\"label\":\"hydrogeology\",\"value\":\"hydrogeology\"},{\"label\":\"new projects\",\"value\":\"new projects\"},{\"label\":\"resources\",\"value\":\"resources\"},{\"label\":\"reservations\",\"value\":\"reservations\"},{\"label\":\"Dashboard\",\"value\":\"Dashboard\"},{\"label\":\"SDPM Dashboard\",\"value\":\"SDPM Dashboard\"}]","keyphrases":"{\"focus\":{\"keyphrase\":\"team\",\"score\":85,\"analysis\":{\"keyphraseInTitle\":{\"score\":9,\"maxScore\":9,\"error\":0},\"keyphraseInDescription\":{\"score\":9,\"maxScore\":9,\"error\":0},\"keyphraseLength\":{\"score\":9,\"maxScore\":9,\"error\":0,\"length\":1},\"keyphraseInURL\":{\"score\":5,\"maxScore\":5,\"error\":0},\"keyphraseInIntroduction\":{\"score\":3,\"maxScore\":9,\"error\":1},\"keyphraseInSubHeadings\":[],\"keyphraseInImageAlt\":[]}},\"additional\":[{\"keyphrase\":\"our\",\"score\":78,\"analysis\":{\"keyphraseInDescription\":{\"score\":9,\"maxScore\":9,\"error\":0},\"keyphraseLength\":{\"score\":9,\"maxScore\":9,\"error\":0,\"length\":1},\"keyphraseInIntroduction\":{\"score\":3,\"maxScore\":9,\"error\":1},\"keyphraseInImageAlt\":[]}},{\"keyphrase\":\"team\",\"score\":78,\"analysis\":{\"keyphraseInDescription\":{\"score\":9,\"maxScore\":9,\"error\":0},\"keyphraseLength\":{\"score\":9,\"maxScore\":9,\"error\":0,\"length\":1},\"keyphraseInIntroduction\":{\"score\":3,\"maxScore\":9,\"error\":1},\"keyphraseInImageAlt\":[]}},{\"keyphrase\":\"sdpm\",\"score\":56,\"analysis\":{\"keyphraseInDescription\":{\"score\":3,\"maxScore\":9,\"error\":1},\"keyphraseLength\":{\"score\":9,\"maxScore\":9,\"error\":0,\"length\":1},\"keyphraseInIntroduction\":{\"score\":3,\"maxScore\":9,\"error\":1},\"keyphraseInImageAlt\":[]}}]}","primary_term":null,"canonical_url":null,"og_title":"#post_title #separator_sa #site_title","og_description":"Check out our team, all are highly qualified for your needs. We formed a whole team engaged in solving their problems.","og_object_type":"default","og_image_type":"default","og_image_url":null,"og_image_width":null,"og_image_height":null,"og_image_custom_url":null,"og_image_custom_fields":null,"og_video":"","og_custom_url":null,"og_article_section":null,"og_article_tags":"[]","twitter_use_og":false,"twitter_card":"default","twitter_image_type":"default","twitter_image_url":null,"twitter_image_custom_url":null,"twitter_image_custom_fields":null,"twitter_title":"#post_title #separator_sa #site_title","twitter_description":"Check out our team, all are highly qualified for your needs. We formed a whole team engaged in solving their problems.","schema":{"blockGraphs":[],"customGraphs":[],"default":{"data":{"Article":[],"Course":[],"Dataset":[],"FAQPage":[],"Movie":[],"Person":[],"Product":[],"Recipe":[],"Service":[],"SoftwareApplication":[],"WebPage":{"id":"#aioseo-web-page-648a385690f62","slug":"web-page","graphName":"WebPage","label":"Web Page","properties":{"type":"WebPage","name":"","description":""}}},"graphName":"","isEnabled":true},"graphs":[]},"schema_type":"default","schema_type_options":"{\"article\":{\"articleType\":\"BlogPosting\"},\"course\":{\"name\":\"\",\"description\":\"\",\"provider\":\"\"},\"faq\":{\"pages\":[]},\"product\":{\"reviews\":[]},\"recipe\":{\"ingredients\":[],\"instructions\":[],\"keywords\":[]},\"software\":{\"reviews\":[],\"operatingSystems\":[]},\"webPage\":{\"webPageType\":\"WebPage\"}}","pillar_content":false,"robots_default":true,"robots_noindex":false,"robots_noarchive":false,"robots_nosnippet":false,"robots_nofollow":false,"robots_noimageindex":false,"robots_noodp":false,"robots_notranslate":false,"robots_max_snippet":"-1","robots_max_videopreview":"-1","robots_max_imagepreview":"large","priority":"default","frequency":"default","location":null,"local_seo":null,"limit_modified_date":false,"open_ai":{"title":{"suggestions":[],"usage":0},"description":{"suggestions":[],"usage":0}},"created":"2021-04-06 23:45:52","updated":"2023-06-19 19:36:35"},"_links":{"self":[{"href":"https:\/\/sdpm.com.br\/en\/wp-json\/wp\/v2\/pages\/3465"}],"collection":[{"href":"https:\/\/sdpm.com.br\/en\/wp-json\/wp\/v2\/pages"}],"about":[{"href":"https:\/\/sdpm.com.br\/en\/wp-json\/wp\/v2\/types\/page"}],"author":[{"embeddable":true,"href":"https:\/\/sdpm.com.br\/en\/wp-json\/wp\/v2\/users\/1"}],"replies":[{"embeddable":true,"href":"https:\/\/sdpm.com.br\/en\/wp-json\/wp\/v2\/comments?post=3465"}],"version-history":[{"count":0,"href":"https:\/\/sdpm.com.br\/en\/wp-json\/wp\/v2\/pages\/3465\/revisions"}],"wp:attachment":[{"href":"https:\/\/sdpm.com.br\/en\/wp-json\/wp\/v2\/media?parent=3465"}],"curies":[{"name":"wp","href":"https:\/\/api.w.org\/{rel}","templated":true}]}}