{"id":3476,"date":"2019-09-17T13:19:26","date_gmt":"2019-09-17T16:19:26","guid":{"rendered":"https:\/\/sdpm.com.br\/nuestro-equipo\/"},"modified":"2023-06-19T16:37:39","modified_gmt":"2023-06-19T19:37:39","slug":"nuestro-equipo","status":"publish","type":"page","link":"https:\/\/sdpm.com.br\/es\/nuestro-equipo\/","title":{"rendered":"Nuestro equipo"},"content":{"rendered":"<section class=\"wpb-content-wrapper\"><p>[vc_row][vc_column][vc_empty_space height=&#8221;64px&#8221;][\/vc_column][\/vc_row][vc_row][vc_column width=&#8221;1\/2&#8243;][vc_empty_space height=&#8221;64px&#8221;]<div class=\"cq-avatarblock white cq-avatarblock-left cq-avatarblock-160  \" data-tooltip=\"Jo\u00e3o Paulo da Silva\" data-bgcolor=\"white\" data-custombgcolor=\"\" data-contentheight=\"\" data-bordercolor=\"\"><div class=\"cq-avatarblock-avatarcontainer\"><div class=\"cq-avatarblock-avatar\" style=\"background-image:url(https:\/\/sdpm.com.br\/wp-content\/uploads\/2019\/06\/WhatsApp-Image-2019-06-01-at-09.03.57.jpeg)\"><\/div><\/div><div class=\"cq-avatarblock-contentcontainer cq-avatarblock-square\"><div class=\"cq-avatarblock-content\"><h3 class=\"cq-avatarblock-title\" style=\"font-size:;color:\">Jo\u00e3o Paulo da Silva<\/h3><p><strong>Director T\u00e9cnico<\/strong><\/p>\n<div id=\"justify\" style=\"font-style: normal; padding: 0; text-indent: 1em; text-align: justify; -webkit-hyphens: auto; -moz-hyphens: auto; -ms-hyphens: auto; -o-hyphens: auto; word-break: break-word; hyphens: auto; margin: 0 .5em 0 0px;\">Especialista en planificaci\u00f3n de minas con experiencia en proyectos mineros subterr\u00e1neos y a cielo abierto. Desarrolla trabajos de optimizaci\u00f3n y puesta en funcionamiento de cava final, dise\u00f1o de mina subterr\u00e1nea, creaci\u00f3n de Paradas, secuenciaci\u00f3n matem\u00e1tica y operativa de miner\u00eda y pila de est\u00e9ril (corto, medio y largo plazo), dimensionamiento de flotas, estimaciones CAPEX y OPEX.<\/div>\n<\/div><\/div><\/div>[\/vc_column][vc_column width=&#8221;1\/2&#8243;][vc_empty_space height=&#8221;64px&#8221;]<div class=\"cq-avatarblock white cq-avatarblock-left cq-avatarblock-160  \" data-tooltip=\"Jo\u00e3o Estev\u00e3o\" data-bgcolor=\"white\" data-custombgcolor=\"\" data-contentheight=\"\" data-bordercolor=\"\"><div class=\"cq-avatarblock-avatarcontainer\"><div class=\"cq-avatarblock-avatar\" style=\"background-image:url(https:\/\/sdpm.com.br\/wp-content\/uploads\/2019\/05\/person-04.jpg)\"><\/div><\/div><div class=\"cq-avatarblock-contentcontainer cq-avatarblock-square\"><div class=\"cq-avatarblock-content\"><h3 class=\"cq-avatarblock-title\" style=\"font-size:;color:\">Jo\u00e3o Estev\u00e3o J\u00fanior<\/h3><p><strong>Director T\u00e9cnico<\/strong><\/p>\n<div id=\"justify\" style=\"font-style: normal; padding: 0; text-indent: 1em; text-align: justify; -webkit-hyphens: auto; -moz-hyphens: auto; -ms-hyphens: auto; -o-hyphens: auto; word-break: break-word; hyphens: auto; margin: 0 .5em 0 0px;\">Profesional con experiencia en proyectos de minas subterr\u00e1neas y al aire libre, con participaci\u00f3n en todos los procesos de geolog\u00eda. Desarrollo de modelado geol\u00f3gico (corto, medio o largo plazo), estimaci\u00f3n de recursos minerales, calendarios de campa\u00f1as de votaci\u00f3n y monitoreo de control de calidad (QA\/QC). M\u00e1ster en Geoestad\u00edstica por la Universidade de Sao Paulo (USP).<\/div>\n<\/div><\/div><\/div>[\/vc_column][\/vc_row][vc_row][vc_column width=&#8221;1\/2&#8243;][vc_empty_space height=&#8221;16px&#8221;]<div class=\"cq-avatarblock white cq-avatarblock-left cq-avatarblock-160  \" data-tooltip=\"Pedro Borges\" data-bgcolor=\"white\" data-custombgcolor=\"\" data-contentheight=\"\" data-bordercolor=\"\"><div class=\"cq-avatarblock-avatarcontainer\"><div class=\"cq-avatarblock-avatar\" style=\"background-image:url(https:\/\/sdpm.com.br\/wp-content\/uploads\/2019\/05\/pedro_borges.jpg)\"><\/div><\/div><div class=\"cq-avatarblock-contentcontainer cq-avatarblock-square\"><div class=\"cq-avatarblock-content\"><h3 class=\"cq-avatarblock-title\" style=\"font-size:;color:\">Pedro Borges<\/h3><p><strong>Master Consultant \u2013 Planificaci\u00f3n minera<\/strong><\/p>\n<div id=\"justify\" style=\"font-style: normal; padding: 0; text-indent: 1em; text-align: justify; -webkit-hyphens: auto; -moz-hyphens: auto; -ms-hyphens: auto; -o-hyphens: auto; word-break: break-word; hyphens: auto; margin: 0 .5em 0 0px;\">Especialista con m\u00e1s de 30 a\u00f1os de experiencia en planificaci\u00f3n minera a corto, mediano y largo plazo. Realiza la optimizaci\u00f3n y puesta en funcionamiento de la sisa final, la secuenciaci\u00f3n minera, proyectos de pilas est\u00e9riles y de relave, el acceso a proyectos y el dimensionamiento de flotas de equipos.<\/div>\n<\/div><\/div><\/div>[\/vc_column][\/vc_row][vc_row][vc_column][vc_empty_space height=&#8221;64px&#8221;][\/vc_column][\/vc_row][vc_row][vc_column][vc_text_separator title=&#8221;&#8221; i_icon_fontawesome=&#8221;fa fa-handshake-o&#8221; i_color=&#8221;sky&#8221; add_icon=&#8221;true&#8221;]<div class=\"promo-block \">\r\n                \t<div class=\"promo-text\">Formulario de Contacto<\/div>\r\n                \t<div class=\"promo-paragraph\">Utilice el siguiente formulario para contactarnos directamente.<\/div>\r\n                \t<div class=\"center-line\"><\/div>\r\n              <\/div>[\/vc_column][\/vc_row][vc_row bg_type=&#8221;bg_color&#8221; fadeout_row=&#8221;fadeout_row_value&#8221; fadeout_start_effect=&#8221;25&#8243;][vc_column width=&#8221;2\/3&#8243;]\n<div class=\"wpcf7 no-js\" id=\"wpcf7-f3655-o1\" lang=\"es-ES\" dir=\"ltr\">\n<div class=\"screen-reader-response\"><p role=\"status\" aria-live=\"polite\" aria-atomic=\"true\"><\/p> <ul><\/ul><\/div>\n<form action=\"\/es\/wp-json\/wp\/v2\/pages\/3476#wpcf7-f3655-o1\" method=\"post\" class=\"wpcf7-form init\" aria-label=\"Contact form\" novalidate=\"novalidate\" data-status=\"init\">\n<div style=\"display: none;\">\n<input type=\"hidden\" name=\"_wpcf7\" value=\"3655\" \/>\n<input type=\"hidden\" name=\"_wpcf7_version\" value=\"5.7.7\" \/>\n<input type=\"hidden\" name=\"_wpcf7_locale\" value=\"es_ES\" \/>\n<input type=\"hidden\" name=\"_wpcf7_unit_tag\" value=\"wpcf7-f3655-o1\" \/>\n<input type=\"hidden\" name=\"_wpcf7_container_post\" value=\"0\" \/>\n<input type=\"hidden\" name=\"_wpcf7_posted_data_hash\" value=\"\" \/>\n<input type=\"hidden\" name=\"_wpcf7_recaptcha_response\" value=\"\" \/>\n<\/div>\n<div class=\"row\">\n\t<div class=\"col-sm-6\">\n\t\t<p><br \/>\n<span class=\"wpcf7-form-control-wrap\" data-name=\"your-name\"><input size=\"40\" class=\"wpcf7-form-control wpcf7-text wpcf7-validates-as-required\" aria-required=\"true\" aria-invalid=\"false\" placeholder=\"Su nombre (obligatorio)\" value=\"\" type=\"text\" name=\"your-name\" \/><\/span>\n\t\t<\/p>\n\t\t<p><br \/>\n<span class=\"wpcf7-form-control-wrap\" data-name=\"your-email\"><input size=\"40\" class=\"wpcf7-form-control wpcf7-text wpcf7-email wpcf7-validates-as-required wpcf7-validates-as-email\" aria-required=\"true\" aria-invalid=\"false\" placeholder=\"Su correo electr\u00f3nico (requerido)\" value=\"\" type=\"email\" name=\"your-email\" \/><\/span>\n\t\t<\/p>\n\t\t<p><br \/>\n<span class=\"wpcf7-form-control-wrap\" data-name=\"tel-377\"><input size=\"40\" class=\"wpcf7-form-control wpcf7-text wpcf7-tel wpcf7-validates-as-tel\" aria-invalid=\"false\" placeholder=\"N\u00famero de Tel\u00e9fono\" value=\"\" type=\"tel\" name=\"tel-377\" \/><\/span>\n\t\t<\/p>\n\t\t<p><br \/>\n<span class=\"wpcf7-form-control-wrap\" data-name=\"your-subject\"><input size=\"40\" class=\"wpcf7-form-control wpcf7-text\" aria-invalid=\"false\" placeholder=\"Sujeto\/Duda\" value=\"\" type=\"text\" name=\"your-subject\" \/><\/span>\n\t\t<\/p>\n\t\t<p><input class=\"wpcf7-form-control has-spinner wpcf7-submit button primary-button\" type=\"submit\" value=\"Enviar\" \/>\n\t\t<\/p>\n\t<\/div>\n\t<div class=\"col-sm-6\">\n\t\t<p><br \/>\n<span class=\"wpcf7-form-control-wrap\" data-name=\"your-message\"><textarea cols=\"40\" rows=\"10\" class=\"wpcf7-form-control wpcf7-textarea\" aria-invalid=\"false\" placeholder=\"Su mensaje\/Pregunta\" name=\"your-message\"><\/textarea><\/span>\n\t\t<\/p>\n\t<\/div>\n<\/div><div class=\"wpcf7-response-output\" aria-hidden=\"true\"><\/div>\n<\/form>\n<\/div>\n[\/vc_column][vc_column width=&#8221;1\/3&#8243;][vc_gmaps link=&#8221;#E-8_JTNDaWZyYW1lJTIwc3JjJTNEJTIyaHR0cHMlM0ElMkYlMkZ3d3cuZ29vZ2xlLmNvbSUyRm1hcHMlMkZlbWJlZCUzRnBiJTNEJTIxMW0xOCUyMTFtMTIlMjExbTMlMjExZDM3NTAuODM2MzE4Mzc3MTA0NCUyMTJkLTQzLjkzNDgwMjg4NTYzMzcyJTIxM2QtMTkuOTMxMzAxMjQzNDk1NjA0JTIxMm0zJTIxMWYwJTIxMmYwJTIxM2YwJTIxM20yJTIxMWkxMDI0JTIxMmk3NjglMjE0ZjEzLjElMjEzbTMlMjExbTIlMjExczB4YTY5OWU4MjBiMDM4OGIlMjUzQTB4YjgwY2Q0ODQ2OTBhMzI3YiUyMTJzUi4lMkJQYXJhJTI1QzMlMjVBRGJhJTI1MkMlMkI1NTAlMkItJTJCU2FudGElMkJFZmlnJTI1QzMlMjVBQW5pYSUyNTJDJTJCQmVsbyUyQkhvcml6b250ZSUyQi0lMkJNRyUyNTJDJTJCMzAxMzAtMTQwJTIxNWUwJTIxM20yJTIxMXNwdC1CUiUyMTJzYnIlMjE0djE1NTc2Nzg0MzYwMDElMjE1bTIlMjExc3B0LUJSJTIxMnNiciUyMiUyMHdpZHRoJTNEJTIyNjAwJTIyJTIwaGVpZ2h0JTNEJTIyNDUwJTIyJTIwZnJhbWVib3JkZXIlM0QlMjIwJTIyJTIwc3R5bGUlM0QlMjJib3JkZXIlM0EwJTIyJTIwYWxsb3dmdWxsc2NyZWVuJTNFJTNDJTJGaWZyYW1lJTNF&#8221; title=&#8221;Nuestra Oficina Central&#8221;][\/vc_column][\/vc_row]<\/p>\n<\/section>","protected":false},"excerpt":{"rendered":"<p>[vc_row][vc_column][vc_empty_space height=&#8221;64px&#8221;][\/vc_column][\/vc_row][vc_row][vc_column width=&#8221;1\/2&#8243;][vc_empty_space height=&#8221;64px&#8221;][\/vc_column][vc_column width=&#8221;1\/2&#8243;][vc_empty_space height=&#8221;64px&#8221;][\/vc_column][\/vc_row][vc_row][vc_column width=&#8221;1\/2&#8243;][vc_empty_space height=&#8221;16px&#8221;][\/vc_column][\/vc_row][vc_row][vc_column][vc_empty_space height=&#8221;64px&#8221;][\/vc_column][\/vc_row][vc_row][vc_column][vc_text_separator title=&#8221;&#8221; i_icon_fontawesome=&#8221;fa fa-handshake-o&#8221; i_color=&#8221;sky&#8221; add_icon=&#8221;true&#8221;][\/vc_column][\/vc_row][vc_row bg_type=&#8221;bg_color&#8221; fadeout_row=&#8221;fadeout_row_value&#8221; fadeout_start_effect=&#8221;25&#8243;][vc_column width=&#8221;2\/3&#8243;][\/vc_column][vc_column width=&#8221;1\/3&#8243;][vc_gmaps link=&#8221;#E-8_JTNDaWZyYW1lJTIwc3JjJTNEJTIyaHR0cHMlM0ElMkYlMkZ3d3cuZ29vZ2xlLmNvbSUyRm1hcHMlMkZlbWJlZCUzRnBiJTNEJTIxMW0xOCUyMTFtMTIlMjExbTMlMjExZDM3NTAuODM2MzE4Mzc3MTA0NCUyMTJkLTQzLjkzNDgwMjg4NTYzMzcyJTIxM2QtMTkuOTMxMzAxMjQzNDk1NjA0JTIxMm0zJTIxMWYwJTIxMmYwJTIxM2YwJTIxM20yJTIxMWkxMDI0JTIxMmk3NjglMjE0ZjEzLjElMjEzbTMlMjExbTIlMjExczB4YTY5OWU4MjBiMDM4OGIlMjUzQTB4YjgwY2Q0ODQ2OTBhMzI3YiUyMTJzUi4lMkJQYXJhJTI1QzMlMjVBRGJhJTI1MkMlMkI1NTAlMkItJTJCU2FudGElMkJFZmlnJTI1QzMlMjVBQW5pYSUyNTJDJTJCQmVsbyUyQkhvcml6b250ZSUyQi0lMkJNRyUyNTJDJTJCMzAxMzAtMTQwJTIxNWUwJTIxM20yJTIxMXNwdC1CUiUyMTJzYnIlMjE0djE1NTc2Nzg0MzYwMDElMjE1bTIlMjExc3B0LUJSJTIxMnNiciUyMiUyMHdpZHRoJTNEJTIyNjAwJTIyJTIwaGVpZ2h0JTNEJTIyNDUwJTIyJTIwZnJhbWVib3JkZXIlM0QlMjIwJTIyJTIwc3R5bGUlM0QlMjJib3JkZXIlM0EwJTIyJTIwYWxsb3dmdWxsc2NyZWVuJTNFJTNDJTJGaWZyYW1lJTNF&#8221; title=&#8221;Nuestra Oficina Central&#8221;][\/vc_column][\/vc_row]<\/p>\n","protected":false},"author":1,"featured_media":0,"parent":0,"menu_order":0,"comment_status":"closed","ping_status":"closed","template":"homepage.php","meta":{"_mi_skip_tracking":false,"_monsterinsights_sitenote_active":false,"_monsterinsights_sitenote_note":"","_monsterinsights_sitenote_category":0},"aioseo_notices":[],"aioseo_head":"\n\t\t<!-- All in One SEO Pro 4.3.8 - aioseo.com -->\n\t\t<meta name=\"description\" content=\"Echa un vistazo a nuestro equipo, todos est\u00e1n altamente calificados para sus necesidades. Formamos todo un equipo dedicado a resolver sus problemas.\" \/>\n\t\t<meta name=\"robots\" content=\"max-image-preview:large\" \/>\n\t\t<meta name=\"google-site-verification\" content=\"r3LZ-KLjEYoVEzwOpCs6MqPrUlZQas5ZdLyhlfQ8w74\" \/>\n\t\t<meta name=\"msvalidate.01\" content=\"94701EFBD7E6B90177A7A86666A9735A\" \/>\n\t\t<meta name=\"keywords\" content=\"equipo,nuestro equipo. equipo,sdpm,miner\u00eda,consultor\u00eda,sdpm consultor\u00eda minera,base de datos,geolog\u00eda,modelado geol\u00f3gico,estimaci\u00f3n de contenidos,planificaci\u00f3n de labranza,hidrogeolog\u00eda,nuevos proyectos,recursos,reservas,dashboard,sdpm dashboard\" \/>\n\t\t<link rel=\"canonical\" href=\"https:\/\/sdpm.com.br\/es\/nuestro-equipo\/\" \/>\n\t\t<meta name=\"generator\" content=\"All in One SEO Pro (AIOSEO) 4.3.8\" \/>\n\t\t<meta property=\"og:locale\" content=\"es_ES\" \/>\n\t\t<meta property=\"og:site_name\" content=\"SDPM | SDPM Mining Consulting\" \/>\n\t\t<meta property=\"og:type\" content=\"article\" \/>\n\t\t<meta property=\"og:title\" content=\"Nuestro equipo | SDPM\" \/>\n\t\t<meta property=\"og:description\" content=\"Echa un vistazo a nuestro equipo, todos est\u00e1n altamente calificados para sus necesidades. Formamos todo un equipo dedicado a resolver sus problemas.\" \/>\n\t\t<meta property=\"og:url\" content=\"https:\/\/sdpm.com.br\/es\/nuestro-equipo\/\" \/>\n\t\t<meta property=\"og:image\" content=\"https:\/\/sdpm.com.br\/wp-content\/uploads\/2019\/09\/sdpm_icone.png\" \/>\n\t\t<meta property=\"og:image:secure_url\" content=\"https:\/\/sdpm.com.br\/wp-content\/uploads\/2019\/09\/sdpm_icone.png\" \/>\n\t\t<meta property=\"og:image:width\" content=\"308\" \/>\n\t\t<meta property=\"og:image:height\" content=\"297\" \/>\n\t\t<meta property=\"article:published_time\" content=\"2019-09-17T16:19:26+00:00\" \/>\n\t\t<meta property=\"article:modified_time\" content=\"2023-06-19T19:37:39+00:00\" \/>\n\t\t<meta property=\"article:publisher\" content=\"https:\/\/www.facebook.com\/consultoria.sdpm\" \/>\n\t\t<meta name=\"twitter:card\" content=\"summary\" \/>\n\t\t<meta name=\"twitter:title\" content=\"Nuestro equipo | SDPM\" \/>\n\t\t<meta name=\"twitter:description\" content=\"Echa un vistazo a nuestro equipo, todos est\u00e1n altamente calificados para sus necesidades. Formamos todo un equipo dedicado a resolver sus problemas.\" \/>\n\t\t<meta name=\"twitter:image\" content=\"https:\/\/sdpm.com.br\/wp-content\/uploads\/2019\/09\/sdpm_icone.png\" \/>\n\t\t<script type=\"application\/ld+json\" class=\"aioseo-schema\">\n\t\t\t{\"@context\":\"https:\\\/\\\/schema.org\",\"@graph\":[{\"@type\":\"BreadcrumbList\",\"@id\":\"https:\\\/\\\/sdpm.com.br\\\/es\\\/nuestro-equipo\\\/#breadcrumblist\",\"itemListElement\":[{\"@type\":\"ListItem\",\"@id\":\"https:\\\/\\\/sdpm.com.br\\\/es\\\/#listItem\",\"position\":1,\"item\":{\"@type\":\"WebPage\",\"@id\":\"https:\\\/\\\/sdpm.com.br\\\/es\\\/\",\"name\":\"Home\",\"description\":\"SDPM opera en el mercado desde 1990, prestando servicios en las \\u00e1reas de planificaci\\u00f3n minera, geolog\\u00eda, estimaci\\u00f3n de recursos minerales y tableros\",\"url\":\"https:\\\/\\\/sdpm.com.br\\\/es\\\/\"},\"nextItem\":\"https:\\\/\\\/sdpm.com.br\\\/es\\\/nuestro-equipo\\\/#listItem\"},{\"@type\":\"ListItem\",\"@id\":\"https:\\\/\\\/sdpm.com.br\\\/es\\\/nuestro-equipo\\\/#listItem\",\"position\":2,\"item\":{\"@type\":\"WebPage\",\"@id\":\"https:\\\/\\\/sdpm.com.br\\\/es\\\/nuestro-equipo\\\/\",\"name\":\"Nuestro equipo\",\"description\":\"Echa un vistazo a nuestro equipo, todos est\\u00e1n altamente calificados para sus necesidades. Formamos todo un equipo dedicado a resolver sus problemas.\",\"url\":\"https:\\\/\\\/sdpm.com.br\\\/es\\\/nuestro-equipo\\\/\"},\"previousItem\":\"https:\\\/\\\/sdpm.com.br\\\/es\\\/#listItem\"}]},{\"@type\":\"Organization\",\"@id\":\"https:\\\/\\\/sdpm.com.br\\\/es\\\/#organization\",\"name\":\"SDPM MINING CONSULTING\",\"url\":\"https:\\\/\\\/sdpm.com.br\\\/es\\\/\",\"logo\":{\"@type\":\"ImageObject\",\"url\":\"https:\\\/\\\/sdpm.com.br\\\/wp-content\\\/uploads\\\/2019\\\/05\\\/sdpm_logo_final.png\",\"@id\":\"https:\\\/\\\/sdpm.com.br\\\/es\\\/#organizationLogo\",\"width\":469,\"height\":249},\"image\":{\"@id\":\"https:\\\/\\\/sdpm.com.br\\\/es\\\/#organizationLogo\"},\"sameAs\":[\"https:\\\/\\\/www.facebook.com\\\/consultoria.sdpm\",\"https:\\\/\\\/www.instagram.com\\\/consultoria.sdpm\",\"https:\\\/\\\/www.linkedin.com\\\/company\\\/sdpm-consultoria\\\/\"],\"contactPoint\":{\"@type\":\"ContactPoint\",\"telephone\":\"+553130178366\",\"contactType\":\"Customer Support\"}},{\"@type\":\"WebPage\",\"@id\":\"https:\\\/\\\/sdpm.com.br\\\/es\\\/nuestro-equipo\\\/#webpage\",\"url\":\"https:\\\/\\\/sdpm.com.br\\\/es\\\/nuestro-equipo\\\/\",\"name\":\"Nuestro equipo | SDPM\",\"description\":\"Echa un vistazo a nuestro equipo, todos est\\u00e1n altamente calificados para sus necesidades. Formamos todo un equipo dedicado a resolver sus problemas.\",\"inLanguage\":\"es-ES\",\"isPartOf\":{\"@id\":\"https:\\\/\\\/sdpm.com.br\\\/es\\\/#website\"},\"breadcrumb\":{\"@id\":\"https:\\\/\\\/sdpm.com.br\\\/es\\\/nuestro-equipo\\\/#breadcrumblist\"},\"datePublished\":\"2019-09-17T16:19:26-03:00\",\"dateModified\":\"2023-06-19T19:37:39-03:00\"},{\"@type\":\"WebSite\",\"@id\":\"https:\\\/\\\/sdpm.com.br\\\/es\\\/#website\",\"url\":\"https:\\\/\\\/sdpm.com.br\\\/es\\\/\",\"name\":\"SDPM\",\"description\":\"SDPM Mining Consulting\",\"inLanguage\":\"es-ES\",\"publisher\":{\"@id\":\"https:\\\/\\\/sdpm.com.br\\\/es\\\/#organization\"}}]}\n\t\t<\/script>\n\t\t<!-- All in One SEO Pro -->\r\n\t\t<title>Nuestro equipo | SDPM<\/title>\n\n","aioseo_head_json":{"title":"Nuestro equipo | SDPM","description":"Echa un vistazo a nuestro equipo, todos est\u00e1n altamente calificados para sus necesidades. Formamos todo un equipo dedicado a resolver sus problemas.","canonical_url":"https:\/\/sdpm.com.br\/es\/nuestro-equipo\/","robots":"max-image-preview:large","keywords":"equipo,nuestro equipo. equipo,sdpm,miner\u00eda,consultor\u00eda,sdpm consultor\u00eda minera,base de datos,geolog\u00eda,modelado geol\u00f3gico,estimaci\u00f3n de contenidos,planificaci\u00f3n de labranza,hidrogeolog\u00eda,nuevos proyectos,recursos,reservas,dashboard,sdpm dashboard","webmasterTools":{"google-site-verification":"r3LZ-KLjEYoVEzwOpCs6MqPrUlZQas5ZdLyhlfQ8w74","msvalidate.01":"94701EFBD7E6B90177A7A86666A9735A","miscellaneous":""},"og:locale":"es_ES","og:site_name":"SDPM | SDPM Mining Consulting","og:type":"article","og:title":"Nuestro equipo | SDPM","og:description":"Echa un vistazo a nuestro equipo, todos est\u00e1n altamente calificados para sus necesidades. Formamos todo un equipo dedicado a resolver sus problemas.","og:url":"https:\/\/sdpm.com.br\/es\/nuestro-equipo\/","og:image":"https:\/\/sdpm.com.br\/wp-content\/uploads\/2019\/09\/sdpm_icone.png","og:image:secure_url":"https:\/\/sdpm.com.br\/wp-content\/uploads\/2019\/09\/sdpm_icone.png","og:image:width":308,"og:image:height":297,"article:published_time":"2019-09-17T16:19:26+00:00","article:modified_time":"2023-06-19T19:37:39+00:00","article:publisher":"https:\/\/www.facebook.com\/consultoria.sdpm","twitter:card":"summary","twitter:title":"Nuestro equipo | SDPM","twitter:description":"Echa un vistazo a nuestro equipo, todos est\u00e1n altamente calificados para sus necesidades. Formamos todo un equipo dedicado a resolver sus problemas.","twitter:image":"https:\/\/sdpm.com.br\/wp-content\/uploads\/2019\/09\/sdpm_icone.png","schema":{"@context":"https:\/\/schema.org","@graph":[{"@type":"BreadcrumbList","@id":"https:\/\/sdpm.com.br\/es\/nuestro-equipo\/#breadcrumblist","itemListElement":[{"@type":"ListItem","@id":"https:\/\/sdpm.com.br\/es\/#listItem","position":1,"item":{"@type":"WebPage","@id":"https:\/\/sdpm.com.br\/es\/","name":"Home","description":"SDPM opera en el mercado desde 1990, prestando servicios en las \u00e1reas de planificaci\u00f3n minera, geolog\u00eda, estimaci\u00f3n de recursos minerales y tableros","url":"https:\/\/sdpm.com.br\/es\/"},"nextItem":"https:\/\/sdpm.com.br\/es\/nuestro-equipo\/#listItem"},{"@type":"ListItem","@id":"https:\/\/sdpm.com.br\/es\/nuestro-equipo\/#listItem","position":2,"item":{"@type":"WebPage","@id":"https:\/\/sdpm.com.br\/es\/nuestro-equipo\/","name":"Nuestro equipo","description":"Echa un vistazo a nuestro equipo, todos est\u00e1n altamente calificados para sus necesidades. Formamos todo un equipo dedicado a resolver sus problemas.","url":"https:\/\/sdpm.com.br\/es\/nuestro-equipo\/"},"previousItem":"https:\/\/sdpm.com.br\/es\/#listItem"}]},{"@type":"Organization","@id":"https:\/\/sdpm.com.br\/es\/#organization","name":"SDPM MINING CONSULTING","url":"https:\/\/sdpm.com.br\/es\/","logo":{"@type":"ImageObject","url":"https:\/\/sdpm.com.br\/wp-content\/uploads\/2019\/05\/sdpm_logo_final.png","@id":"https:\/\/sdpm.com.br\/es\/#organizationLogo","width":469,"height":249},"image":{"@id":"https:\/\/sdpm.com.br\/es\/#organizationLogo"},"sameAs":["https:\/\/www.facebook.com\/consultoria.sdpm","https:\/\/www.instagram.com\/consultoria.sdpm","https:\/\/www.linkedin.com\/company\/sdpm-consultoria\/"],"contactPoint":{"@type":"ContactPoint","telephone":"+553130178366","contactType":"Customer Support"}},{"@type":"WebPage","@id":"https:\/\/sdpm.com.br\/es\/nuestro-equipo\/#webpage","url":"https:\/\/sdpm.com.br\/es\/nuestro-equipo\/","name":"Nuestro equipo | SDPM","description":"Echa un vistazo a nuestro equipo, todos est\u00e1n altamente calificados para sus necesidades. Formamos todo un equipo dedicado a resolver sus problemas.","inLanguage":"es-ES","isPartOf":{"@id":"https:\/\/sdpm.com.br\/es\/#website"},"breadcrumb":{"@id":"https:\/\/sdpm.com.br\/es\/nuestro-equipo\/#breadcrumblist"},"datePublished":"2019-09-17T16:19:26-03:00","dateModified":"2023-06-19T19:37:39-03:00"},{"@type":"WebSite","@id":"https:\/\/sdpm.com.br\/es\/#website","url":"https:\/\/sdpm.com.br\/es\/","name":"SDPM","description":"SDPM Mining Consulting","inLanguage":"es-ES","publisher":{"@id":"https:\/\/sdpm.com.br\/es\/#organization"}}]}},"aioseo_meta_data":{"post_id":"3476","title":"Nuestro equipo | #site_title","description":"Echa un vistazo a nuestro equipo, todos est\u00e1n altamente calificados para sus necesidades. Formamos todo un equipo dedicado a resolver sus problemas.","keywords":"[{\"label\":\"Equipo\",\"value\":\"Equipo\"},{\"label\":\"nuestro equipo. Equipo\",\"value\":\"nuestro equipo. Equipo\"},{\"label\":\"SDPM\",\"value\":\"SDPM\"},{\"label\":\"Miner\\u00eda\",\"value\":\"Miner\\u00eda\"},{\"label\":\"Consultor\\u00eda\",\"value\":\"Consultor\\u00eda\"},{\"label\":\"SDPM Consultor\\u00eda Minera\",\"value\":\"SDPM Consultor\\u00eda Minera\"},{\"label\":\"Miner\\u00eda\",\"value\":\"Miner\\u00eda\"},{\"label\":\"Consultor\\u00eda\",\"value\":\"Consultor\\u00eda\"},{\"label\":\"Base de datos\",\"value\":\"Base de datos\"},{\"label\":\"Geolog\\u00eda\",\"value\":\"Geolog\\u00eda\"},{\"label\":\"Modelado geol\\u00f3gico\",\"value\":\"Modelado geol\\u00f3gico\"},{\"label\":\"Estimaci\\u00f3n de contenidos\",\"value\":\"Estimaci\\u00f3n de contenidos\"},{\"label\":\"planificaci\\u00f3n de labranza\",\"value\":\"planificaci\\u00f3n de labranza\"},{\"label\":\"hidrogeolog\\u00eda\",\"value\":\"hidrogeolog\\u00eda\"},{\"label\":\"nuevos proyectos\",\"value\":\"nuevos proyectos\"},{\"label\":\"recursos\",\"value\":\"recursos\"},{\"label\":\"reservas\",\"value\":\"reservas\"},{\"label\":\"Dashboard\",\"value\":\"Dashboard\"},{\"label\":\"SDPM Dashboard\",\"value\":\"SDPM Dashboard\"}]","keyphrases":"{\"focus\":{\"keyphrase\":\"equipo\",\"score\":85,\"analysis\":{\"keyphraseInTitle\":{\"score\":9,\"maxScore\":9,\"error\":0},\"keyphraseInDescription\":{\"score\":9,\"maxScore\":9,\"error\":0},\"keyphraseLength\":{\"score\":9,\"maxScore\":9,\"error\":0,\"length\":1},\"keyphraseInURL\":{\"score\":5,\"maxScore\":5,\"error\":0},\"keyphraseInIntroduction\":{\"score\":3,\"maxScore\":9,\"error\":1},\"keyphraseInSubHeadings\":[],\"keyphraseInImageAlt\":[]}},\"additional\":[{\"keyphrase\":\"nuestro\",\"score\":78,\"analysis\":{\"keyphraseInDescription\":{\"score\":9,\"maxScore\":9,\"error\":0},\"keyphraseLength\":{\"score\":9,\"maxScore\":9,\"error\":0,\"length\":1},\"keyphraseInIntroduction\":{\"score\":3,\"maxScore\":9,\"error\":1},\"keyphraseInImageAlt\":[]}},{\"keyphrase\":\"equipo\",\"score\":78,\"analysis\":{\"keyphraseInDescription\":{\"score\":9,\"maxScore\":9,\"error\":0},\"keyphraseLength\":{\"score\":9,\"maxScore\":9,\"error\":0,\"length\":1},\"keyphraseInIntroduction\":{\"score\":3,\"maxScore\":9,\"error\":1},\"keyphraseInImageAlt\":[]}},{\"keyphrase\":\"sdpm\",\"score\":56,\"analysis\":{\"keyphraseInDescription\":{\"score\":3,\"maxScore\":9,\"error\":1},\"keyphraseLength\":{\"score\":9,\"maxScore\":9,\"error\":0,\"length\":1},\"keyphraseInIntroduction\":{\"score\":3,\"maxScore\":9,\"error\":1},\"keyphraseInImageAlt\":[]}}]}","primary_term":null,"canonical_url":null,"og_title":"#post_title #separator_sa #site_title","og_description":"Echa un vistazo a nuestro equipo, todos est\u00e1n altamente calificados para sus necesidades. Formamos todo un equipo dedicado a resolver sus problemas.","og_object_type":"default","og_image_type":"default","og_image_url":null,"og_image_width":null,"og_image_height":null,"og_image_custom_url":null,"og_image_custom_fields":null,"og_video":"","og_custom_url":null,"og_article_section":null,"og_article_tags":"[]","twitter_use_og":false,"twitter_card":"default","twitter_image_type":"default","twitter_image_url":null,"twitter_image_custom_url":null,"twitter_image_custom_fields":null,"twitter_title":"#post_title #separator_sa #site_title","twitter_description":"Echa un vistazo a nuestro equipo, todos est\u00e1n altamente calificados para sus necesidades. Formamos todo un equipo dedicado a resolver sus problemas.","schema":{"blockGraphs":[],"customGraphs":[],"default":{"data":{"Article":[],"Course":[],"Dataset":[],"FAQPage":[],"Movie":[],"Person":[],"Product":[],"Recipe":[],"Service":[],"SoftwareApplication":[],"WebPage":{"id":"#aioseo-web-page-648a38b83034f","slug":"web-page","graphName":"WebPage","label":"Web Page","properties":{"type":"WebPage","name":"","description":""}}},"graphName":"","isEnabled":true},"graphs":[]},"schema_type":"default","schema_type_options":"{\"article\":{\"articleType\":\"BlogPosting\"},\"course\":{\"name\":\"\",\"description\":\"\",\"provider\":\"\"},\"faq\":{\"pages\":[]},\"product\":{\"reviews\":[]},\"recipe\":{\"ingredients\":[],\"instructions\":[],\"keywords\":[]},\"software\":{\"reviews\":[],\"operatingSystems\":[]},\"webPage\":{\"webPageType\":\"WebPage\"}}","pillar_content":false,"robots_default":true,"robots_noindex":false,"robots_noarchive":false,"robots_nosnippet":false,"robots_nofollow":false,"robots_noimageindex":false,"robots_noodp":false,"robots_notranslate":false,"robots_max_snippet":"-1","robots_max_videopreview":"-1","robots_max_imagepreview":"large","priority":"default","frequency":"default","location":null,"local_seo":null,"limit_modified_date":false,"open_ai":{"title":{"suggestions":[],"usage":0},"description":{"suggestions":[],"usage":0}},"created":"2021-04-06 23:46:46","updated":"2023-06-19 19:37:39"},"_links":{"self":[{"href":"https:\/\/sdpm.com.br\/es\/wp-json\/wp\/v2\/pages\/3476"}],"collection":[{"href":"https:\/\/sdpm.com.br\/es\/wp-json\/wp\/v2\/pages"}],"about":[{"href":"https:\/\/sdpm.com.br\/es\/wp-json\/wp\/v2\/types\/page"}],"author":[{"embeddable":true,"href":"https:\/\/sdpm.com.br\/es\/wp-json\/wp\/v2\/users\/1"}],"replies":[{"embeddable":true,"href":"https:\/\/sdpm.com.br\/es\/wp-json\/wp\/v2\/comments?post=3476"}],"version-history":[{"count":0,"href":"https:\/\/sdpm.com.br\/es\/wp-json\/wp\/v2\/pages\/3476\/revisions"}],"wp:attachment":[{"href":"https:\/\/sdpm.com.br\/es\/wp-json\/wp\/v2\/media?parent=3476"}],"curies":[{"name":"wp","href":"https:\/\/api.w.org\/{rel}","templated":true}]}}