{"id":3559,"date":"2019-09-17T13:54:08","date_gmt":"2019-09-17T16:54:08","guid":{"rendered":"https:\/\/sdpm.com.br\/sobre-nosotros\/"},"modified":"2023-06-19T17:45:57","modified_gmt":"2023-06-19T20:45:57","slug":"sobre-nosotros","status":"publish","type":"page","link":"https:\/\/sdpm.com.br\/es\/sobre-nosotros\/","title":{"rendered":"Sobre Nosotros"},"content":{"rendered":"<section class=\"wpb-content-wrapper\"><p>[vc_row][vc_column width=&#8221;2\/3&#8243;][vc_empty_space height=&#8221;64px&#8221;][vc_empty_space height=&#8221;64px&#8221;][vc_column_text]<\/p>\n<div id=\"justify\" style=\"font-style: normal; padding: 0; text-indent: 1em; text-align: justify; -webkit-hyphens: auto; -moz-hyphens: auto; -ms-hyphens: auto; -o-hyphens: auto; word-break: break-word; hyphens: auto; margin: 0 .5em 0 0px;\">\n<p>Fundada en 1990, <b>SDPM<\/b> comenz\u00f3 con la elaboraci\u00f3n de trabajos en el \u00e1rea de planificaci\u00f3n minera y dibujos de proyectos, estableciendo alianzas con grandes empresas en el sector minero.<\/p>\n<p>M\u00e1s de una d\u00e9cada despu\u00e9s, <b>SDPM<\/b> se convirti\u00f3 en un referente en ingenier\u00eda mineral y comenz\u00f3 a desarrollar nuevas metodolog\u00edas \u00fanicas para satisfacer mejor las necesidades de los clientes en un clima econ\u00f3mico y competitivo. Tenemos el privilegio de contribuir a proyectos nacionales e internacionales (\u00c1frica, Asia, Europa, Am\u00e9rica del Norte y Am\u00e9rica del Sur). Nuestros clientes est\u00e1n directamente relacionados con nuestro \u00e9xito y buena reputaci\u00f3n a lo largo de los a\u00f1os.<\/p>\n<p>El equipo de <b>SDPM<\/b> est\u00e1 formado por profesionales enfocados en desarrollar metodolog\u00edas innovadoras y resolver los principales problemas de nuestros socios.<\/p>\n<p><b>SDPM<\/b> se encuentra actualmente en medio de la expansi\u00f3n de nuevas industrias, tales como modelos geol\u00f3gicos, estimaci\u00f3n de recursos minerales y planificaci\u00f3n estrat\u00e9gica. Siempre damos la bienvenida al di\u00e1logo para alianzas duraderas y oportunidades de mejora continua para su empresa.<\/p>\n<p><b>SDPM<\/b> contin\u00faa creciendo y especializ\u00e1ndose en mejoras cada vez m\u00e1s innovadoras, trayendo nuevas t\u00e9cnicas a negocios reales y aumentando la tasa de \u00e9xito y eficiencia para nuestros clientes. Somos su base para futuros objetivos de proyectos, conozca nuestros proyectos y \u00fanase a nosotros.<\/p>\n<\/div>\n<p>[\/vc_column_text][\/vc_column][vc_column width=&#8221;1\/3&#8243;][vc_empty_space height=&#8221;64px&#8221;][vc_empty_space height=&#8221;64px&#8221;][vc_single_image image=&#8221;2786&#8243; img_size=&#8221;medium&#8221;]<div class=\"smile_icon_list_wrap ult_info_list_container ult-adjust-bottom-margin  \"><ul class=\"smile_icon_list left hexagon\"><li class=\"icon_list_item\" style=\" font-size:72px;\"><div class=\"icon_list_icon\" data-animation=\"fadeInDownBig\" data-animation-delay=\"03\" style=\"font-size:24px;background:#ffffff;color:#333333;border-color:#ffffff;\"><i class=\"Defaults-group users\" ><\/i><\/div><div class=\"icon_description\" id=\"Info-list-wrap-5295\" style=\"font-size:24px;\"><h2 class=\"ult-responsive info-list-heading\"  data-ultimate-target='#Info-list-wrap-5295 h2'  data-responsive-json-new='{\"font-size\":\"desktop:16px;\",\"line-height\":\"desktop:24px;\"}'  style=\"\">Misi\u00f3n<\/h2><div class=\"icon_description_text ult-responsive\"  data-ultimate-target='#Info-list-wrap-5295 .icon_description_text'  data-responsive-json-new='{\"font-size\":\"desktop:13px;\",\"line-height\":\"desktop:18px;\"}'  style=\"\"><div id=\"justify\" style=\"font-style: normal; padding: 0; text-indent: 1em; text-align: justify; -webkit-hyphens: auto; -moz-hyphens: auto; -ms-hyphens: auto; -o-hyphens: auto; word-break: break-word; hyphens: auto; margin: 0 .5em 0 0px;\">Promover soluciones personalizadas con calidad t\u00e9cnica e innovaciones tecnol\u00f3gicas para cada cliente en las \u00e1reas de Geolog\u00eda y Planificaci\u00f3n Minera.<\/div>\n<\/div><\/div><div class=\"icon_list_connector\" data-animation=\"fadeInUp\" data-animation-delay=\"03\" style=\"border-right-width: 1px;border-right-style: dashed;border-color: #333333;\"><\/div><\/li><\/ul><\/div><div class=\"smile_icon_list_wrap ult_info_list_container ult-adjust-bottom-margin  \"><ul class=\"smile_icon_list left hexagon\"><li class=\"icon_list_item\" style=\" font-size:72px;\"><div class=\"icon_list_icon\" data-animation=\"fadeInDownBig\" data-animation-delay=\"03\" style=\"font-size:24px;background:#ffffff;color:#333333;border-color:#ffffff;\"><i class=\"Defaults-eye\" ><\/i><\/div><div class=\"icon_description\" id=\"Info-list-wrap-7992\" style=\"font-size:24px;\"><h2 class=\"ult-responsive info-list-heading\"  data-ultimate-target='#Info-list-wrap-7992 h2'  data-responsive-json-new='{\"font-size\":\"desktop:16px;\",\"line-height\":\"desktop:24px;\"}'  style=\"\">Visi\u00f3n<\/h2><div class=\"icon_description_text ult-responsive\"  data-ultimate-target='#Info-list-wrap-7992 .icon_description_text'  data-responsive-json-new='{\"font-size\":\"desktop:13px;\",\"line-height\":\"desktop:18px;\"}'  style=\"\"><div id=\"justify\" style=\"font-style: normal; padding: 0; text-indent: 1em; text-align: justify; -webkit-hyphens: auto; -moz-hyphens: auto; -ms-hyphens: auto; -o-hyphens: auto; word-break: break-word; hyphens: auto; margin: 0 .5em 0 0px;\">Ser la empresa l\u00edder en la prestaci\u00f3n de servicios de Geolog\u00eda y Planificaci\u00f3n Minera en Brasil, reconocida por clientes y empleados.<\/div>\n<\/div><\/div><div class=\"icon_list_connector\" data-animation=\"fadeInUp\" data-animation-delay=\"03\" style=\"border-right-width: 1px;border-right-style: dashed;border-color: #333333;\"><\/div><\/li><\/ul><\/div><div class=\"smile_icon_list_wrap ult_info_list_container ult-adjust-bottom-margin  \"><ul class=\"smile_icon_list left hexagon\"><li class=\"icon_list_item\" style=\" font-size:72px;\"><div class=\"icon_list_icon\" data-animation=\"fadeInDownBig\" data-animation-delay=\"03\" style=\"font-size:24px;background:#ffffff;color:#333333;border-color:#ffffff;\"><i class=\"Defaults-sitemap\" ><\/i><\/div><div class=\"icon_description\" id=\"Info-list-wrap-2774\" style=\"font-size:24px;\"><h2 class=\"ult-responsive info-list-heading\"  data-ultimate-target='#Info-list-wrap-2774 h2'  data-responsive-json-new='{\"font-size\":\"desktop:16px;\",\"line-height\":\"desktop:24px;\"}'  style=\"\">Valores<\/h2><div class=\"icon_description_text ult-responsive\"  data-ultimate-target='#Info-list-wrap-2774 .icon_description_text'  data-responsive-json-new='{\"font-size\":\"desktop:13px;\",\"line-height\":\"desktop:18px;\"}'  style=\"\"><div id=\"justify\" style=\"font-style: normal; padding: 0; text-indent: 1em; text-align: justify; -webkit-hyphens: auto; -moz-hyphens: auto; -ms-hyphens: auto; -o-hyphens: auto; word-break: break-word; hyphens: auto; margin: 0 .5em 0 0px;\">Bienestar personal y profesional; Ambiente de trabajo din\u00e1mico e interactivo; Entrenamiento t\u00e9cnico; Innovaci\u00f3n tecnol\u00f3gica; Satisfacci\u00f3n del cliente.<\/div>\n<\/div><\/div><div class=\"icon_list_connector\" data-animation=\"fadeInUp\" data-animation-delay=\"03\" style=\"border-right-width: 1px;border-right-style: dashed;border-color: #333333;\"><\/div><\/li><\/ul><\/div>[vc_row_inner][vc_column_inner][\/vc_column_inner][\/vc_row_inner][\/vc_column][\/vc_row][vc_row css=&#8221;.vc_custom_1472652718617{margin-top: 100px !important;}&#8221;][vc_column][vc_row_inner][vc_column_inner css=&#8221;.vc_custom_1557077655732{margin-top: -10px !important;}&#8221;][vc_separator][\/vc_column_inner][\/vc_row_inner][\/vc_column][\/vc_row][vc_row css=&#8221;.vc_custom_1471989546115{margin-top: 10px !important;}&#8221;][vc_column][vc_row_inner][vc_column_inner][vc_empty_space]<div class=\"promo-block \">\r\n                \t<div class=\"promo-text\">Principales Clientes<\/div>\r\n                \t<div class=\"promo-paragraph\">S\u00e9 parte de esta historia, contrata una consultor\u00eda SDPM<\/div>\r\n                \t<div class=\"center-line\"><\/div>\r\n              <\/div>[\/vc_column_inner][\/vc_row_inner]<style>#clients .owl-nav .owl-prev, #clients .owl-nav .owl-next { margin-top:-60px !important; } #clients .owl-nav .owl-prev, #clients .owl-nav .owl-next i {color:#e0e0e0}<\/style><div class=\"owl-carousel  \" data-icon-size=\"100px\" data-color-hover=\"#000000\" data-arrows=\"false\" data-dots=\"false\"  data-color=\"#e0e0e0\" class=\"insomnia_owl_slider\" id=\"clients\"><img width=\"319\" height=\"117\" src=\"https:\/\/sdpm.com.br\/wp-content\/uploads\/2019\/07\/LundingMining.png\" class=\"attachment-img-responsive logos  size-img-responsive logos \" alt=\"\" decoding=\"async\" srcset=\"https:\/\/sdpm.com.br\/wp-content\/uploads\/2019\/07\/LundingMining.png 319w, https:\/\/sdpm.com.br\/wp-content\/uploads\/2019\/07\/LundingMining-300x110.png 300w\" sizes=\"(max-width: 319px) 100vw, 319px\" \/><img width=\"206\" height=\"80\" src=\"https:\/\/sdpm.com.br\/wp-content\/uploads\/2019\/05\/Vale.svg_.png\" class=\"attachment-img-responsive logos  size-img-responsive logos \" alt=\"\" decoding=\"async\" \/><img width=\"175\" height=\"80\" src=\"https:\/\/sdpm.com.br\/wp-content\/uploads\/2019\/05\/yamana_gold_logo.png\" class=\"attachment-img-responsive logos  size-img-responsive logos \" alt=\"\" decoding=\"async\" \/><img width=\"182\" height=\"80\" src=\"https:\/\/sdpm.com.br\/wp-content\/uploads\/2019\/05\/leagold-logo.png\" class=\"attachment-img-responsive logos  size-img-responsive logos \" alt=\"\" decoding=\"async\" \/><img width=\"179\" height=\"80\" src=\"https:\/\/sdpm.com.br\/wp-content\/uploads\/2019\/05\/Arcelor_Mittal.svg_.png\" class=\"attachment-img-responsive logos  size-img-responsive logos \" alt=\"\" decoding=\"async\" \/><img width=\"200\" height=\"80\" src=\"https:\/\/sdpm.com.br\/wp-content\/uploads\/2019\/05\/glencore_xstrata.png\" class=\"attachment-img-responsive logos  size-img-responsive logos \" alt=\"\" decoding=\"async\" \/><img width=\"240\" height=\"80\" src=\"https:\/\/sdpm.com.br\/wp-content\/uploads\/2019\/05\/lafarge.png\" class=\"attachment-img-responsive logos  size-img-responsive logos \" alt=\"\" decoding=\"async\" \/><img width=\"164\" height=\"80\" src=\"https:\/\/sdpm.com.br\/wp-content\/uploads\/2019\/05\/african-minerals-group-logo.png\" class=\"attachment-img-responsive logos  size-img-responsive logos \" alt=\"\" decoding=\"async\" \/><img width=\"425\" height=\"171\" src=\"https:\/\/sdpm.com.br\/wp-content\/uploads\/2019\/07\/AMG_Minning.png\" class=\"attachment-img-responsive logos  size-img-responsive logos \" alt=\"\" decoding=\"async\" srcset=\"https:\/\/sdpm.com.br\/wp-content\/uploads\/2019\/07\/AMG_Minning.png 425w, https:\/\/sdpm.com.br\/wp-content\/uploads\/2019\/07\/AMG_Minning-300x121.png 300w\" sizes=\"(max-width: 425px) 100vw, 425px\" \/><\/div><script>\r\njQuery(window).load(function(){\r\n\t\tjQuery(\"#clients\").owlCarousel({\r\n\t\t\tloop:true,\r\n\t\t\tautoplay:true,\r\n\t\t\tmargin:0,\r\n\t\t\tnav:false,\r\n\t\t\tautoHeight: true,\r\n\t\t\tautoplayTimeout:5000,\r\n\t\t\tdots:false,\r\n\t\t\tnavText:[,],\r\n\t\t\tresponsive: {\r\n\t\t\t\t0: {\r\n\t\t\t\t\tmargin: 10,\r\n\t\t\t\t\titems: 2\r\n\t\t\t\t},\r\n\t\t\t\t600: {\r\n\t\t\t\t\tmargin: 0,\r\n\t\t\t\t\titems: 3\r\n\t\t\t\t},\r\n\t\t\t\t800: {\r\n\t\t\t\t\tmargin: 0,\r\n\t\t\t\t\titems: 4\r\n\t\t\t\t},\r\n\t\t\t\t1200: {\r\n\t\t\t\t\tmargin: 0,\r\n\t\t\t\t\titems: 5\r\n\t\t\t\t},\r\n\t\t\t\t1400: {\r\n\t\t\t\t\tmargin: 0,\r\n\t\t\t\t\titems: 5\r\n\t\t\t\t}\r\n\t\t\t}\r\n\t\t});\r\n\t\t});\r\n\t<\/script>[vc_empty_space][\/vc_column][\/vc_row][vc_row][vc_column][vc_empty_space][\/vc_column][\/vc_row][vc_row][vc_column][vc_separator][\/vc_column][\/vc_row]<\/p>\n<\/section>","protected":false},"excerpt":{"rendered":"<p>[vc_row][vc_column width=&#8221;2\/3&#8243;][vc_empty_space height=&#8221;64px&#8221;][vc_empty_space height=&#8221;64px&#8221;][vc_column_text] Fundada en 1990, SDPM comenz\u00f3 con la elaboraci\u00f3n de trabajos en el \u00e1rea de planificaci\u00f3n minera y dibujos de proyectos, estableciendo alianzas con grandes empresas en el sector minero. M\u00e1s de una d\u00e9cada despu\u00e9s, SDPM se convirti\u00f3 en un referente en ingenier\u00eda mineral y comenz\u00f3 a desarrollar nuevas metodolog\u00edas \u00fanicas para&#8230;<\/p>\n","protected":false},"author":1,"featured_media":0,"parent":0,"menu_order":0,"comment_status":"closed","ping_status":"closed","template":"homepage.php","meta":{"_mi_skip_tracking":false,"_monsterinsights_sitenote_active":false,"_monsterinsights_sitenote_note":"","_monsterinsights_sitenote_category":0},"aioseo_notices":[],"aioseo_head":"\n\t\t<!-- All in One SEO Pro 4.3.8 - aioseo.com -->\n\t\t<meta name=\"description\" content=\"Fundada en 1990, SDPM comenz\u00f3 con la elaboraci\u00f3n de obras, estableciendo asociaciones con grandes empresas del sector minero.\" \/>\n\t\t<meta name=\"robots\" content=\"max-image-preview:large\" \/>\n\t\t<meta name=\"google-site-verification\" content=\"r3LZ-KLjEYoVEzwOpCs6MqPrUlZQas5ZdLyhlfQ8w74\" \/>\n\t\t<meta name=\"msvalidate.01\" content=\"94701EFBD7E6B90177A7A86666A9735A\" \/>\n\t\t<meta name=\"keywords\" content=\"sobre,sobre nosotros,sdpm mining consulting,sdpm,mining,consulting\" \/>\n\t\t<link rel=\"canonical\" href=\"https:\/\/sdpm.com.br\/es\/sobre-nosotros\/\" \/>\n\t\t<meta name=\"generator\" content=\"All in One SEO Pro (AIOSEO) 4.3.8\" \/>\n\t\t<meta property=\"og:locale\" content=\"es_ES\" \/>\n\t\t<meta property=\"og:site_name\" content=\"SDPM | SDPM Mining Consulting\" \/>\n\t\t<meta property=\"og:type\" content=\"article\" \/>\n\t\t<meta property=\"og:title\" content=\"Sobre Nosotros | SDPM\" \/>\n\t\t<meta property=\"og:description\" content=\"Fundada en 1990, SDPM comenz\u00f3 con la elaboraci\u00f3n de obras, estableciendo asociaciones con grandes empresas del sector minero.\" \/>\n\t\t<meta property=\"og:url\" content=\"https:\/\/sdpm.com.br\/es\/sobre-nosotros\/\" \/>\n\t\t<meta property=\"og:image\" content=\"https:\/\/sdpm.com.br\/wp-content\/uploads\/2019\/09\/sdpm_icone.png\" \/>\n\t\t<meta property=\"og:image:secure_url\" content=\"https:\/\/sdpm.com.br\/wp-content\/uploads\/2019\/09\/sdpm_icone.png\" \/>\n\t\t<meta property=\"og:image:width\" content=\"308\" \/>\n\t\t<meta property=\"og:image:height\" content=\"297\" \/>\n\t\t<meta property=\"article:published_time\" content=\"2019-09-17T16:54:08+00:00\" \/>\n\t\t<meta property=\"article:modified_time\" content=\"2023-06-19T20:45:57+00:00\" \/>\n\t\t<meta property=\"article:publisher\" content=\"https:\/\/www.facebook.com\/consultoria.sdpm\" \/>\n\t\t<meta name=\"twitter:card\" content=\"summary\" \/>\n\t\t<meta name=\"twitter:title\" content=\"Sobre Nosotros | SDPM\" \/>\n\t\t<meta name=\"twitter:description\" content=\"Fundada en 1990, SDPM comenz\u00f3 con la elaboraci\u00f3n de obras, estableciendo asociaciones con grandes empresas del sector minero.\" \/>\n\t\t<meta name=\"twitter:image\" content=\"https:\/\/sdpm.com.br\/wp-content\/uploads\/2019\/09\/sdpm_icone.png\" \/>\n\t\t<script type=\"application\/ld+json\" class=\"aioseo-schema\">\n\t\t\t{\"@context\":\"https:\\\/\\\/schema.org\",\"@graph\":[{\"@type\":\"BreadcrumbList\",\"@id\":\"https:\\\/\\\/sdpm.com.br\\\/es\\\/sobre-nosotros\\\/#breadcrumblist\",\"itemListElement\":[{\"@type\":\"ListItem\",\"@id\":\"https:\\\/\\\/sdpm.com.br\\\/es\\\/#listItem\",\"position\":1,\"item\":{\"@type\":\"WebPage\",\"@id\":\"https:\\\/\\\/sdpm.com.br\\\/es\\\/\",\"name\":\"Home\",\"description\":\"SDPM opera en el mercado desde 1990, prestando servicios en las \\u00e1reas de planificaci\\u00f3n minera, geolog\\u00eda, estimaci\\u00f3n de recursos minerales y tableros\",\"url\":\"https:\\\/\\\/sdpm.com.br\\\/es\\\/\"},\"nextItem\":\"https:\\\/\\\/sdpm.com.br\\\/es\\\/sobre-nosotros\\\/#listItem\"},{\"@type\":\"ListItem\",\"@id\":\"https:\\\/\\\/sdpm.com.br\\\/es\\\/sobre-nosotros\\\/#listItem\",\"position\":2,\"item\":{\"@type\":\"WebPage\",\"@id\":\"https:\\\/\\\/sdpm.com.br\\\/es\\\/sobre-nosotros\\\/\",\"name\":\"Sobre Nosotros\",\"description\":\"Fundada en 1990, SDPM comenz\\u00f3 con la elaboraci\\u00f3n de obras, estableciendo asociaciones con grandes empresas del sector minero.\",\"url\":\"https:\\\/\\\/sdpm.com.br\\\/es\\\/sobre-nosotros\\\/\"},\"previousItem\":\"https:\\\/\\\/sdpm.com.br\\\/es\\\/#listItem\"}]},{\"@type\":\"Organization\",\"@id\":\"https:\\\/\\\/sdpm.com.br\\\/es\\\/#organization\",\"name\":\"SDPM MINING CONSULTING\",\"url\":\"https:\\\/\\\/sdpm.com.br\\\/es\\\/\",\"logo\":{\"@type\":\"ImageObject\",\"url\":\"https:\\\/\\\/sdpm.com.br\\\/wp-content\\\/uploads\\\/2019\\\/05\\\/sdpm_logo_final.png\",\"@id\":\"https:\\\/\\\/sdpm.com.br\\\/es\\\/#organizationLogo\",\"width\":469,\"height\":249},\"image\":{\"@id\":\"https:\\\/\\\/sdpm.com.br\\\/es\\\/#organizationLogo\"},\"sameAs\":[\"https:\\\/\\\/www.facebook.com\\\/consultoria.sdpm\",\"https:\\\/\\\/www.instagram.com\\\/consultoria.sdpm\",\"https:\\\/\\\/www.linkedin.com\\\/company\\\/sdpm-consultoria\\\/\"],\"contactPoint\":{\"@type\":\"ContactPoint\",\"telephone\":\"+553130178366\",\"contactType\":\"Customer Support\"}},{\"@type\":\"WebPage\",\"@id\":\"https:\\\/\\\/sdpm.com.br\\\/es\\\/sobre-nosotros\\\/#webpage\",\"url\":\"https:\\\/\\\/sdpm.com.br\\\/es\\\/sobre-nosotros\\\/\",\"name\":\"Sobre Nosotros | SDPM\",\"description\":\"Fundada en 1990, SDPM comenz\\u00f3 con la elaboraci\\u00f3n de obras, estableciendo asociaciones con grandes empresas del sector minero.\",\"inLanguage\":\"es-ES\",\"isPartOf\":{\"@id\":\"https:\\\/\\\/sdpm.com.br\\\/es\\\/#website\"},\"breadcrumb\":{\"@id\":\"https:\\\/\\\/sdpm.com.br\\\/es\\\/sobre-nosotros\\\/#breadcrumblist\"},\"datePublished\":\"2019-09-17T16:54:08-03:00\",\"dateModified\":\"2023-06-19T20:45:57-03:00\"},{\"@type\":\"WebSite\",\"@id\":\"https:\\\/\\\/sdpm.com.br\\\/es\\\/#website\",\"url\":\"https:\\\/\\\/sdpm.com.br\\\/es\\\/\",\"name\":\"SDPM\",\"description\":\"SDPM Mining Consulting\",\"inLanguage\":\"es-ES\",\"publisher\":{\"@id\":\"https:\\\/\\\/sdpm.com.br\\\/es\\\/#organization\"}}]}\n\t\t<\/script>\n\t\t<!-- All in One SEO Pro -->\r\n\t\t<title>Sobre Nosotros | SDPM<\/title>\n\n","aioseo_head_json":{"title":"Sobre Nosotros | SDPM","description":"Fundada en 1990, SDPM comenz\u00f3 con la elaboraci\u00f3n de obras, estableciendo asociaciones con grandes empresas del sector minero.","canonical_url":"https:\/\/sdpm.com.br\/es\/sobre-nosotros\/","robots":"max-image-preview:large","keywords":"sobre,sobre nosotros,sdpm mining consulting,sdpm,mining,consulting","webmasterTools":{"google-site-verification":"r3LZ-KLjEYoVEzwOpCs6MqPrUlZQas5ZdLyhlfQ8w74","msvalidate.01":"94701EFBD7E6B90177A7A86666A9735A","miscellaneous":""},"og:locale":"es_ES","og:site_name":"SDPM | SDPM Mining Consulting","og:type":"article","og:title":"Sobre Nosotros | SDPM","og:description":"Fundada en 1990, SDPM comenz\u00f3 con la elaboraci\u00f3n de obras, estableciendo asociaciones con grandes empresas del sector minero.","og:url":"https:\/\/sdpm.com.br\/es\/sobre-nosotros\/","og:image":"https:\/\/sdpm.com.br\/wp-content\/uploads\/2019\/09\/sdpm_icone.png","og:image:secure_url":"https:\/\/sdpm.com.br\/wp-content\/uploads\/2019\/09\/sdpm_icone.png","og:image:width":308,"og:image:height":297,"article:published_time":"2019-09-17T16:54:08+00:00","article:modified_time":"2023-06-19T20:45:57+00:00","article:publisher":"https:\/\/www.facebook.com\/consultoria.sdpm","twitter:card":"summary","twitter:title":"Sobre Nosotros | SDPM","twitter:description":"Fundada en 1990, SDPM comenz\u00f3 con la elaboraci\u00f3n de obras, estableciendo asociaciones con grandes empresas del sector minero.","twitter:image":"https:\/\/sdpm.com.br\/wp-content\/uploads\/2019\/09\/sdpm_icone.png","schema":{"@context":"https:\/\/schema.org","@graph":[{"@type":"BreadcrumbList","@id":"https:\/\/sdpm.com.br\/es\/sobre-nosotros\/#breadcrumblist","itemListElement":[{"@type":"ListItem","@id":"https:\/\/sdpm.com.br\/es\/#listItem","position":1,"item":{"@type":"WebPage","@id":"https:\/\/sdpm.com.br\/es\/","name":"Home","description":"SDPM opera en el mercado desde 1990, prestando servicios en las \u00e1reas de planificaci\u00f3n minera, geolog\u00eda, estimaci\u00f3n de recursos minerales y tableros","url":"https:\/\/sdpm.com.br\/es\/"},"nextItem":"https:\/\/sdpm.com.br\/es\/sobre-nosotros\/#listItem"},{"@type":"ListItem","@id":"https:\/\/sdpm.com.br\/es\/sobre-nosotros\/#listItem","position":2,"item":{"@type":"WebPage","@id":"https:\/\/sdpm.com.br\/es\/sobre-nosotros\/","name":"Sobre Nosotros","description":"Fundada en 1990, SDPM comenz\u00f3 con la elaboraci\u00f3n de obras, estableciendo asociaciones con grandes empresas del sector minero.","url":"https:\/\/sdpm.com.br\/es\/sobre-nosotros\/"},"previousItem":"https:\/\/sdpm.com.br\/es\/#listItem"}]},{"@type":"Organization","@id":"https:\/\/sdpm.com.br\/es\/#organization","name":"SDPM MINING CONSULTING","url":"https:\/\/sdpm.com.br\/es\/","logo":{"@type":"ImageObject","url":"https:\/\/sdpm.com.br\/wp-content\/uploads\/2019\/05\/sdpm_logo_final.png","@id":"https:\/\/sdpm.com.br\/es\/#organizationLogo","width":469,"height":249},"image":{"@id":"https:\/\/sdpm.com.br\/es\/#organizationLogo"},"sameAs":["https:\/\/www.facebook.com\/consultoria.sdpm","https:\/\/www.instagram.com\/consultoria.sdpm","https:\/\/www.linkedin.com\/company\/sdpm-consultoria\/"],"contactPoint":{"@type":"ContactPoint","telephone":"+553130178366","contactType":"Customer Support"}},{"@type":"WebPage","@id":"https:\/\/sdpm.com.br\/es\/sobre-nosotros\/#webpage","url":"https:\/\/sdpm.com.br\/es\/sobre-nosotros\/","name":"Sobre Nosotros | SDPM","description":"Fundada en 1990, SDPM comenz\u00f3 con la elaboraci\u00f3n de obras, estableciendo asociaciones con grandes empresas del sector minero.","inLanguage":"es-ES","isPartOf":{"@id":"https:\/\/sdpm.com.br\/es\/#website"},"breadcrumb":{"@id":"https:\/\/sdpm.com.br\/es\/sobre-nosotros\/#breadcrumblist"},"datePublished":"2019-09-17T16:54:08-03:00","dateModified":"2023-06-19T20:45:57-03:00"},{"@type":"WebSite","@id":"https:\/\/sdpm.com.br\/es\/#website","url":"https:\/\/sdpm.com.br\/es\/","name":"SDPM","description":"SDPM Mining Consulting","inLanguage":"es-ES","publisher":{"@id":"https:\/\/sdpm.com.br\/es\/#organization"}}]}},"aioseo_meta_data":{"post_id":"3559","title":"Sobre Nosotros | #site_title","description":"Fundada en 1990, SDPM comenz\u00f3 con la elaboraci\u00f3n de obras, estableciendo asociaciones con grandes empresas del sector minero.","keywords":"[{\"label\":\"Sobre\",\"value\":\"Sobre\"},{\"label\":\"Sobre nosotros\",\"value\":\"Sobre nosotros\"},{\"label\":\"SDPM Mining Consulting\",\"value\":\"SDPM Mining Consulting\"},{\"label\":\"SDPM\",\"value\":\"SDPM\"},{\"label\":\"Mining\",\"value\":\"Mining\"},{\"label\":\"Consulting\",\"value\":\"Consulting\"}]","keyphrases":"{\"focus\":{\"keyphrase\":\"sdpm\",\"score\":85,\"analysis\":{\"keyphraseInTitle\":{\"score\":9,\"maxScore\":9,\"error\":0},\"keyphraseInDescription\":{\"score\":9,\"maxScore\":9,\"error\":0},\"keyphraseLength\":{\"score\":9,\"maxScore\":9,\"error\":0,\"length\":1},\"keyphraseInURL\":{\"score\":5,\"maxScore\":5,\"error\":0},\"keyphraseInIntroduction\":{\"score\":3,\"maxScore\":9,\"error\":1},\"keyphraseInSubHeadings\":[],\"keyphraseInImageAlt\":[]}},\"additional\":[{\"keyphrase\":\"nosotros\",\"score\":56,\"analysis\":{\"keyphraseInDescription\":{\"score\":3,\"maxScore\":9,\"error\":1},\"keyphraseLength\":{\"score\":9,\"maxScore\":9,\"error\":0,\"length\":1},\"keyphraseInIntroduction\":{\"score\":3,\"maxScore\":9,\"error\":1},\"keyphraseInImageAlt\":[]}},{\"keyphrase\":\"sobre\",\"score\":56,\"analysis\":{\"keyphraseInDescription\":{\"score\":3,\"maxScore\":9,\"error\":1},\"keyphraseLength\":{\"score\":9,\"maxScore\":9,\"error\":0,\"length\":1},\"keyphraseInIntroduction\":{\"score\":3,\"maxScore\":9,\"error\":1},\"keyphraseInImageAlt\":[]}},{\"keyphrase\":\"Fundada\",\"score\":78,\"analysis\":{\"keyphraseInDescription\":{\"score\":9,\"maxScore\":9,\"error\":0},\"keyphraseLength\":{\"score\":9,\"maxScore\":9,\"error\":0,\"length\":1},\"keyphraseInIntroduction\":{\"score\":3,\"maxScore\":9,\"error\":1},\"keyphraseInImageAlt\":[]}},{\"keyphrase\":\"sdpm\",\"score\":78,\"analysis\":{\"keyphraseInDescription\":{\"score\":9,\"maxScore\":9,\"error\":0},\"keyphraseLength\":{\"score\":9,\"maxScore\":9,\"error\":0,\"length\":1},\"keyphraseInIntroduction\":{\"score\":3,\"maxScore\":9,\"error\":1},\"keyphraseInImageAlt\":[]}}]}","primary_term":null,"canonical_url":null,"og_title":"#post_title #separator_sa #site_title","og_description":"Fundada en 1990, SDPM comenz\u00f3 con la elaboraci\u00f3n de obras, estableciendo asociaciones con grandes empresas del sector minero.","og_object_type":"default","og_image_type":"default","og_image_url":null,"og_image_width":null,"og_image_height":null,"og_image_custom_url":null,"og_image_custom_fields":null,"og_video":"","og_custom_url":null,"og_article_section":null,"og_article_tags":"[]","twitter_use_og":false,"twitter_card":"default","twitter_image_type":"default","twitter_image_url":null,"twitter_image_custom_url":null,"twitter_image_custom_fields":null,"twitter_title":"#post_title #separator_sa #site_title","twitter_description":"Fundada en 1990, SDPM comenz\u00f3 con la elaboraci\u00f3n de obras, estableciendo asociaciones con grandes empresas del sector minero.","schema":{"blockGraphs":[],"customGraphs":[],"default":{"data":{"Article":[],"Course":[],"Dataset":[],"FAQPage":[],"Movie":[],"Person":[],"Product":[],"Recipe":[],"Service":[],"SoftwareApplication":[],"WebPage":[]},"graphName":"","isEnabled":true},"graphs":[]},"schema_type":null,"schema_type_options":null,"pillar_content":false,"robots_default":true,"robots_noindex":false,"robots_noarchive":false,"robots_nosnippet":false,"robots_nofollow":false,"robots_noimageindex":false,"robots_noodp":false,"robots_notranslate":false,"robots_max_snippet":"-1","robots_max_videopreview":"-1","robots_max_imagepreview":"large","priority":"default","frequency":"default","location":null,"local_seo":null,"limit_modified_date":false,"open_ai":{"title":{"suggestions":[],"usage":0},"description":{"suggestions":[],"usage":0}},"created":"2021-04-06 23:46:46","updated":"2023-06-19 20:49:26"},"_links":{"self":[{"href":"https:\/\/sdpm.com.br\/es\/wp-json\/wp\/v2\/pages\/3559"}],"collection":[{"href":"https:\/\/sdpm.com.br\/es\/wp-json\/wp\/v2\/pages"}],"about":[{"href":"https:\/\/sdpm.com.br\/es\/wp-json\/wp\/v2\/types\/page"}],"author":[{"embeddable":true,"href":"https:\/\/sdpm.com.br\/es\/wp-json\/wp\/v2\/users\/1"}],"replies":[{"embeddable":true,"href":"https:\/\/sdpm.com.br\/es\/wp-json\/wp\/v2\/comments?post=3559"}],"version-history":[{"count":0,"href":"https:\/\/sdpm.com.br\/es\/wp-json\/wp\/v2\/pages\/3559\/revisions"}],"wp:attachment":[{"href":"https:\/\/sdpm.com.br\/es\/wp-json\/wp\/v2\/media?parent=3559"}],"curies":[{"name":"wp","href":"https:\/\/api.w.org\/{rel}","templated":true}]}}