{"id":3561,"date":"2019-09-17T14:14:56","date_gmt":"2019-09-17T17:14:56","guid":{"rendered":"https:\/\/sdpm.com.br\/politica-de-privacidad\/"},"modified":"2023-06-19T19:17:45","modified_gmt":"2023-06-19T22:17:45","slug":"politica-de-privacidad","status":"publish","type":"page","link":"https:\/\/sdpm.com.br\/es\/politica-de-privacidad\/","title":{"rendered":"Pol\u00edtica de privacidad"},"content":{"rendered":"<section class=\"wpb-content-wrapper\"><p>[vc_row][vc_column][vc_row_inner][vc_column_inner][vc_empty_space height=&#8221;72px&#8221;][\/vc_column_inner][\/vc_row_inner][vc_empty_space][vc_column_text]<\/p>\r\n\r\n<h1 class=\"wp-block-heading\">Pol\u00edtica de privacidad de SDPM<\/h1>\r\n<div id=\"justificar\">\r\n<p>Gracias por visitar nuestro sitio web SDPM. Esta pol\u00edtica de privacidad le informa c\u00f3mo usamos la informaci\u00f3n personal recopilada en este sitio web. Lea esta pol\u00edtica de privacidad antes de usar el sitio o enviar cualquier informaci\u00f3n personal. Al utilizar el sitio, acepta las pr\u00e1cticas descritas en esta pol\u00edtica de privacidad. Estas pr\u00e1cticas pueden cambiar, pero cualquier cambio se publicar\u00e1 y los cambios solo se aplicar\u00e1n a las actividades y la informaci\u00f3n en el futuro, no de forma retroactiva. Le invitamos a revisar la pol\u00edtica de privacidad cada vez que visite nuestro sitio web para asegurarse de que comprende c\u00f3mo se utilizar\u00e1 la informaci\u00f3n personal que proporcione.<\/p>\r\n<p><strong>Nota:<\/strong>\u00a0las pr\u00e1cticas de privacidad establecidas en esta pol\u00edtica de privacidad son solo para este sitio web. Si usa otros sitios, las rese\u00f1as y las pol\u00edticas de privacidad publicadas en esos sitios ser\u00e1n diferentes.<\/p>\r\n<\/div>\r\n<p><strong><br \/>Recopilaci\u00f3n de informaci\u00f3n<br \/><\/strong><\/p>\r\n<div id=\"justificar\">Recopilamos informaci\u00f3n de identificaci\u00f3n personal, como nombres, direcciones postales, direcciones de correo electr\u00f3nico, etc. , cuando es enviada voluntariamente por nuestros visitantes. La informaci\u00f3n que proporciona se usa para cumplir con su solicitud espec\u00edfica a menos que nos d\u00e9 permiso para usarla de otra manera, por ejemplo, para agregarlo a una de nuestras listas de correo electr\u00f3nico.<\/div>\r\n<p><strong><br \/>Tecnolog\u00eda de seguimiento\/cookies<br \/><\/strong><\/p>\r\n<div id=\"justificar\">El sitio puede usar cookies y tecnolog\u00eda de rastreo dependiendo de las caracter\u00edsticas ofrecidas. La tecnolog\u00eda de cookies y seguimiento es \u00fatil para recopilar informaci\u00f3n como el tipo de navegador y el sistema operativo, rastrear la cantidad de visitantes al sitio y comprender c\u00f3mo los visitantes usan el sitio. Las cookies tambi\u00e9n pueden ayudar a personalizar el sitio para los visitantes. La informaci\u00f3n personal no se puede recopilar a trav\u00e9s de cookies y otras tecnolog\u00edas de seguimiento. Sin embargo, si anteriormente proporcion\u00f3 informaci\u00f3n de identificaci\u00f3n personal, las cookies pueden estar vinculadas a dicha informaci\u00f3n. Las cookies agregadas y la informaci\u00f3n de seguimiento se pueden compartir con terceros.<\/div>\r\n<p><strong><br \/>Distribuci\u00f3n de informaci\u00f3n<\/strong><\/p>\r\n<div id=\"justificar\">Podemos compartir informaci\u00f3n con agencias gubernamentales u otras empresas que nos ayuden a prevenir o investigar el fraude . Podemos hacerlo cuando: (1) lo permita o exija la ley; o (2) intentar proteger o prevenir el fraude real o potencial con transacciones no autorizadas; o (3) investigar un fraude que ya ha ocurrido. No se proporciona informaci\u00f3n a estas empresas con fines de marketing.<\/div>\r\n<p><strong><br \/>Compromiso con la seguridad de los datos<\/strong><\/p>\r\n<div id=\"justificar\">Su informaci\u00f3n de identificaci\u00f3n personal se mantiene segura. Solo los empleados, agentes y contratistas autorizados (que han aceptado mantener la informaci\u00f3n segura y confidencial) tienen acceso a esta informaci\u00f3n. Todos los correos electr\u00f3nicos y boletines de este sitio le permiten optar por no recibir m\u00e1s correos.<\/div>\r\n<p><strong><br \/>Informaci\u00f3n de contacto de privacidad<\/strong><\/p>\r\n<div id=\"justificar\">Si tiene preguntas, inquietudes o comentarios sobre nuestra pol\u00edtica de privacidad, puede contactarnos con nosotros usando la siguiente informaci\u00f3n:<\/div>\r\n<p>Por correo electr\u00f3nico:\u00a0<a href=\"mailto:contato@sdpm.com.br\">contato@sdpm.com.br<\/a><br \/>Por tel\u00e9fono: (31) 3017-8366<\/p>\r\n<p><strong><br \/>Revisiones de pol\u00edticas<br \/><\/strong><\/p>\r\n<div id=\"justificar\">Es posible que, de vez en cuando, revisemos nuestras pol\u00edticas de privacidad y protecci\u00f3n de datos. Publicaremos cualquier rese\u00f1a directamente en nuestro sitio web.<\/div>\r\n<p>&nbsp;<\/p>\r\n<p>Belo Horizonte, MG, 13\/05\/2023 a las 09:20<\/p>\r\n<p>[\/vc_column_text][\/vc_column][\/vc_row][vc_row][vc_column][vc_column_text]<\/p>\r\n<p>[\/vc_column_text][\/vc_column][\/vc_row]<\/p><\/section>","protected":false},"excerpt":{"rendered":"<p>[vc_row][vc_column][vc_row_inner][vc_column_inner][vc_empty_space height=&#8221;72px&#8221;][\/vc_column_inner][\/vc_row_inner][vc_empty_space][vc_column_text] Pol\u00edtica de privacidad de SDPM Gracias por visitar nuestro sitio web SDPM. Esta pol\u00edtica de privacidad le informa c\u00f3mo usamos la informaci\u00f3n personal recopilada en este sitio web. Lea esta pol\u00edtica de privacidad antes de usar el sitio o enviar cualquier informaci\u00f3n personal. Al utilizar el sitio, acepta las pr\u00e1cticas descritas en esta&#8230;<\/p>\n","protected":false},"author":1,"featured_media":0,"parent":0,"menu_order":0,"comment_status":"closed","ping_status":"open","template":"homepage.php","meta":{"_mi_skip_tracking":false,"_monsterinsights_sitenote_active":false,"_monsterinsights_sitenote_note":"","_monsterinsights_sitenote_category":0},"aioseo_notices":[],"aioseo_head":"\n\t\t<!-- All in One SEO Pro 4.3.8 - aioseo.com -->\n\t\t<meta name=\"description\" content=\"Ser transparentes con nuestros clientes es una de nuestras virtudes, nuestra pol\u00edtica de privacidad lo protege a usted y a todos sus datos en nuestro sitio.\" \/>\n\t\t<meta name=\"robots\" content=\"max-image-preview:large\" \/>\n\t\t<meta name=\"google-site-verification\" content=\"r3LZ-KLjEYoVEzwOpCs6MqPrUlZQas5ZdLyhlfQ8w74\" \/>\n\t\t<meta name=\"msvalidate.01\" content=\"94701EFBD7E6B90177A7A86666A9735A\" \/>\n\t\t<meta name=\"keywords\" content=\"privacy policy,privacy,sdpm,mining,consulting,sdpm mining consulting,database,geology,geological modeling,grade estimation,mining planning,hydrogeology,new projects,resources,reserves,dashboard,sdpm dashboard\" \/>\n\t\t<link rel=\"canonical\" href=\"https:\/\/sdpm.com.br\/es\/politica-de-privacidad\/\" \/>\n\t\t<meta name=\"generator\" content=\"All in One SEO Pro (AIOSEO) 4.3.8\" \/>\n\t\t<meta property=\"og:locale\" content=\"es_ES\" \/>\n\t\t<meta property=\"og:site_name\" content=\"SDPM | SDPM Mining Consulting\" \/>\n\t\t<meta property=\"og:type\" content=\"article\" \/>\n\t\t<meta property=\"og:title\" content=\"Pol\u00edtica de privacidad | SDPM\" \/>\n\t\t<meta property=\"og:description\" content=\"Ser transparentes con nuestros clientes es una de nuestras virtudes, nuestra pol\u00edtica de privacidad lo protege a usted y a todos sus datos en nuestro sitio.\" \/>\n\t\t<meta property=\"og:url\" content=\"https:\/\/sdpm.com.br\/es\/politica-de-privacidad\/\" \/>\n\t\t<meta property=\"og:image\" content=\"https:\/\/sdpm.com.br\/wp-content\/uploads\/2019\/09\/sdpm_icone.png\" \/>\n\t\t<meta property=\"og:image:secure_url\" content=\"https:\/\/sdpm.com.br\/wp-content\/uploads\/2019\/09\/sdpm_icone.png\" \/>\n\t\t<meta property=\"og:image:width\" content=\"308\" \/>\n\t\t<meta property=\"og:image:height\" content=\"297\" \/>\n\t\t<meta property=\"article:published_time\" content=\"2019-09-17T17:14:56+00:00\" \/>\n\t\t<meta property=\"article:modified_time\" content=\"2023-06-19T22:17:45+00:00\" \/>\n\t\t<meta property=\"article:publisher\" content=\"https:\/\/www.facebook.com\/consultoria.sdpm\" \/>\n\t\t<meta name=\"twitter:card\" content=\"summary\" \/>\n\t\t<meta name=\"twitter:title\" content=\"Pol\u00edtica de privacidad | SDPM\" \/>\n\t\t<meta name=\"twitter:description\" content=\"Ser transparentes con nuestros clientes es una de nuestras virtudes, nuestra pol\u00edtica de privacidad lo protege a usted y a todos sus datos en nuestro sitio.\" \/>\n\t\t<meta name=\"twitter:image\" content=\"https:\/\/sdpm.com.br\/wp-content\/uploads\/2019\/09\/sdpm_icone.png\" \/>\n\t\t<script type=\"application\/ld+json\" class=\"aioseo-schema\">\n\t\t\t{\"@context\":\"https:\\\/\\\/schema.org\",\"@graph\":[{\"@type\":\"BreadcrumbList\",\"@id\":\"https:\\\/\\\/sdpm.com.br\\\/es\\\/politica-de-privacidad\\\/#breadcrumblist\",\"itemListElement\":[{\"@type\":\"ListItem\",\"@id\":\"https:\\\/\\\/sdpm.com.br\\\/es\\\/#listItem\",\"position\":1,\"item\":{\"@type\":\"WebPage\",\"@id\":\"https:\\\/\\\/sdpm.com.br\\\/es\\\/\",\"name\":\"Home\",\"description\":\"SDPM opera en el mercado desde 1990, prestando servicios en las \\u00e1reas de planificaci\\u00f3n minera, geolog\\u00eda, estimaci\\u00f3n de recursos minerales y tableros\",\"url\":\"https:\\\/\\\/sdpm.com.br\\\/es\\\/\"},\"nextItem\":\"https:\\\/\\\/sdpm.com.br\\\/es\\\/politica-de-privacidad\\\/#listItem\"},{\"@type\":\"ListItem\",\"@id\":\"https:\\\/\\\/sdpm.com.br\\\/es\\\/politica-de-privacidad\\\/#listItem\",\"position\":2,\"item\":{\"@type\":\"WebPage\",\"@id\":\"https:\\\/\\\/sdpm.com.br\\\/es\\\/politica-de-privacidad\\\/\",\"name\":\"Pol\\u00edtica de privacidad\",\"description\":\"Ser transparentes con nuestros clientes es una de nuestras virtudes, nuestra pol\\u00edtica de privacidad lo protege a usted y a todos sus datos en nuestro sitio.\",\"url\":\"https:\\\/\\\/sdpm.com.br\\\/es\\\/politica-de-privacidad\\\/\"},\"previousItem\":\"https:\\\/\\\/sdpm.com.br\\\/es\\\/#listItem\"}]},{\"@type\":\"Organization\",\"@id\":\"https:\\\/\\\/sdpm.com.br\\\/es\\\/#organization\",\"name\":\"SDPM MINING CONSULTING\",\"url\":\"https:\\\/\\\/sdpm.com.br\\\/es\\\/\",\"logo\":{\"@type\":\"ImageObject\",\"url\":\"https:\\\/\\\/sdpm.com.br\\\/wp-content\\\/uploads\\\/2019\\\/05\\\/sdpm_logo_final.png\",\"@id\":\"https:\\\/\\\/sdpm.com.br\\\/es\\\/#organizationLogo\",\"width\":469,\"height\":249},\"image\":{\"@id\":\"https:\\\/\\\/sdpm.com.br\\\/es\\\/#organizationLogo\"},\"sameAs\":[\"https:\\\/\\\/www.facebook.com\\\/consultoria.sdpm\",\"https:\\\/\\\/www.instagram.com\\\/consultoria.sdpm\",\"https:\\\/\\\/www.linkedin.com\\\/company\\\/sdpm-consultoria\\\/\"],\"contactPoint\":{\"@type\":\"ContactPoint\",\"telephone\":\"+553130178366\",\"contactType\":\"Customer Support\"}},{\"@type\":\"WebPage\",\"@id\":\"https:\\\/\\\/sdpm.com.br\\\/es\\\/politica-de-privacidad\\\/#webpage\",\"url\":\"https:\\\/\\\/sdpm.com.br\\\/es\\\/politica-de-privacidad\\\/\",\"name\":\"Pol\\u00edtica de Privacidad | SDPM\",\"description\":\"Ser transparentes con nuestros clientes es una de nuestras virtudes, nuestra pol\\u00edtica de privacidad lo protege a usted y a todos sus datos en nuestro sitio.\",\"inLanguage\":\"es-ES\",\"isPartOf\":{\"@id\":\"https:\\\/\\\/sdpm.com.br\\\/es\\\/#website\"},\"breadcrumb\":{\"@id\":\"https:\\\/\\\/sdpm.com.br\\\/es\\\/politica-de-privacidad\\\/#breadcrumblist\"},\"datePublished\":\"2019-09-17T17:14:56-03:00\",\"dateModified\":\"2023-06-19T22:17:45-03:00\"},{\"@type\":\"WebSite\",\"@id\":\"https:\\\/\\\/sdpm.com.br\\\/es\\\/#website\",\"url\":\"https:\\\/\\\/sdpm.com.br\\\/es\\\/\",\"name\":\"SDPM\",\"description\":\"SDPM Mining Consulting\",\"inLanguage\":\"es-ES\",\"publisher\":{\"@id\":\"https:\\\/\\\/sdpm.com.br\\\/es\\\/#organization\"}}]}\n\t\t<\/script>\n\t\t<!-- All in One SEO Pro -->\r\n\t\t<title>Pol\u00edtica de Privacidad | SDPM<\/title>\n\n","aioseo_head_json":{"title":"Pol\u00edtica de Privacidad | SDPM","description":"Ser transparentes con nuestros clientes es una de nuestras virtudes, nuestra pol\u00edtica de privacidad lo protege a usted y a todos sus datos en nuestro sitio.","canonical_url":"https:\/\/sdpm.com.br\/es\/politica-de-privacidad\/","robots":"max-image-preview:large","keywords":"privacy policy,privacy,sdpm,mining,consulting,sdpm mining consulting,database,geology,geological modeling,grade estimation,mining planning,hydrogeology,new projects,resources,reserves,dashboard,sdpm dashboard","webmasterTools":{"google-site-verification":"r3LZ-KLjEYoVEzwOpCs6MqPrUlZQas5ZdLyhlfQ8w74","msvalidate.01":"94701EFBD7E6B90177A7A86666A9735A","miscellaneous":""},"og:locale":"es_ES","og:site_name":"SDPM | SDPM Mining Consulting","og:type":"article","og:title":"Pol\u00edtica de privacidad | SDPM","og:description":"Ser transparentes con nuestros clientes es una de nuestras virtudes, nuestra pol\u00edtica de privacidad lo protege a usted y a todos sus datos en nuestro sitio.","og:url":"https:\/\/sdpm.com.br\/es\/politica-de-privacidad\/","og:image":"https:\/\/sdpm.com.br\/wp-content\/uploads\/2019\/09\/sdpm_icone.png","og:image:secure_url":"https:\/\/sdpm.com.br\/wp-content\/uploads\/2019\/09\/sdpm_icone.png","og:image:width":308,"og:image:height":297,"article:published_time":"2019-09-17T17:14:56+00:00","article:modified_time":"2023-06-19T22:17:45+00:00","article:publisher":"https:\/\/www.facebook.com\/consultoria.sdpm","twitter:card":"summary","twitter:title":"Pol\u00edtica de privacidad | SDPM","twitter:description":"Ser transparentes con nuestros clientes es una de nuestras virtudes, nuestra pol\u00edtica de privacidad lo protege a usted y a todos sus datos en nuestro sitio.","twitter:image":"https:\/\/sdpm.com.br\/wp-content\/uploads\/2019\/09\/sdpm_icone.png","schema":{"@context":"https:\/\/schema.org","@graph":[{"@type":"BreadcrumbList","@id":"https:\/\/sdpm.com.br\/es\/politica-de-privacidad\/#breadcrumblist","itemListElement":[{"@type":"ListItem","@id":"https:\/\/sdpm.com.br\/es\/#listItem","position":1,"item":{"@type":"WebPage","@id":"https:\/\/sdpm.com.br\/es\/","name":"Home","description":"SDPM opera en el mercado desde 1990, prestando servicios en las \u00e1reas de planificaci\u00f3n minera, geolog\u00eda, estimaci\u00f3n de recursos minerales y tableros","url":"https:\/\/sdpm.com.br\/es\/"},"nextItem":"https:\/\/sdpm.com.br\/es\/politica-de-privacidad\/#listItem"},{"@type":"ListItem","@id":"https:\/\/sdpm.com.br\/es\/politica-de-privacidad\/#listItem","position":2,"item":{"@type":"WebPage","@id":"https:\/\/sdpm.com.br\/es\/politica-de-privacidad\/","name":"Pol\u00edtica de privacidad","description":"Ser transparentes con nuestros clientes es una de nuestras virtudes, nuestra pol\u00edtica de privacidad lo protege a usted y a todos sus datos en nuestro sitio.","url":"https:\/\/sdpm.com.br\/es\/politica-de-privacidad\/"},"previousItem":"https:\/\/sdpm.com.br\/es\/#listItem"}]},{"@type":"Organization","@id":"https:\/\/sdpm.com.br\/es\/#organization","name":"SDPM MINING CONSULTING","url":"https:\/\/sdpm.com.br\/es\/","logo":{"@type":"ImageObject","url":"https:\/\/sdpm.com.br\/wp-content\/uploads\/2019\/05\/sdpm_logo_final.png","@id":"https:\/\/sdpm.com.br\/es\/#organizationLogo","width":469,"height":249},"image":{"@id":"https:\/\/sdpm.com.br\/es\/#organizationLogo"},"sameAs":["https:\/\/www.facebook.com\/consultoria.sdpm","https:\/\/www.instagram.com\/consultoria.sdpm","https:\/\/www.linkedin.com\/company\/sdpm-consultoria\/"],"contactPoint":{"@type":"ContactPoint","telephone":"+553130178366","contactType":"Customer Support"}},{"@type":"WebPage","@id":"https:\/\/sdpm.com.br\/es\/politica-de-privacidad\/#webpage","url":"https:\/\/sdpm.com.br\/es\/politica-de-privacidad\/","name":"Pol\u00edtica de Privacidad | SDPM","description":"Ser transparentes con nuestros clientes es una de nuestras virtudes, nuestra pol\u00edtica de privacidad lo protege a usted y a todos sus datos en nuestro sitio.","inLanguage":"es-ES","isPartOf":{"@id":"https:\/\/sdpm.com.br\/es\/#website"},"breadcrumb":{"@id":"https:\/\/sdpm.com.br\/es\/politica-de-privacidad\/#breadcrumblist"},"datePublished":"2019-09-17T17:14:56-03:00","dateModified":"2023-06-19T22:17:45-03:00"},{"@type":"WebSite","@id":"https:\/\/sdpm.com.br\/es\/#website","url":"https:\/\/sdpm.com.br\/es\/","name":"SDPM","description":"SDPM Mining Consulting","inLanguage":"es-ES","publisher":{"@id":"https:\/\/sdpm.com.br\/es\/#organization"}}]}},"aioseo_meta_data":{"post_id":"3561","title":"Pol\u00edtica de Privacidad | #site_title","description":"Ser transparentes con nuestros clientes es una de nuestras virtudes, nuestra pol\u00edtica de privacidad lo protege a usted y a todos sus datos en nuestro sitio.","keywords":"[{\"label\":\"privacy policy\",\"value\":\"privacy policy\"},{\"label\":\"privacy policy\",\"value\":\"privacy policy\"},{\"label\":\"privacy\",\"value\":\"privacy\"},{\"label\":\"SDPM\",\"value\":\"SDPM\"},{\"label\":\"Mining\",\"value\":\"Mining\"},{\"label\":\"Consulting\",\"value\":\"Consulting\"},{\"label\":\"SDPM Mining Consulting\",\"value\":\"SDPM Mining Consulting\"},{\"label\":\"Mining\",\"value\":\"Mining\"},{\"label\":\"Consulting\",\"value\":\"Consulting\"},{\"label\":\"Database\",\"value\":\"Database\"},{\"label\":\"Geology\",\"value\":\"Geology\"},{\"label\":\"Geological Modeling\",\"value\":\"Geological Modeling\"},{\"label\":\"Grade Estimation\",\"value\":\"Grade Estimation\"},{\"label\":\"Mining Planning\",\"value\":\"Mining Planning\"},{\"label\":\"Hydrogeology\",\"value\":\"Hydrogeology\"},{\"label\":\"New Projects\",\"value\":\"New Projects\"},{\"label\":\"Resources\",\"value\":\"Resources\"},{\"label\":\"Reserves\",\"value\":\"Reserves\"},{\"label\":\"Dashboard \",\"value\":\"Dashboard \"},{\"label\":\" SDPM Dashboard\",\"value\":\" SDPM Dashboard\"}]","keyphrases":"{\"focus\":{\"keyphrase\":\"pol\\u00edtica\",\"score\":85,\"analysis\":{\"keyphraseInTitle\":{\"score\":9,\"maxScore\":9,\"error\":0},\"keyphraseInDescription\":{\"score\":9,\"maxScore\":9,\"error\":0},\"keyphraseLength\":{\"score\":9,\"maxScore\":9,\"error\":0,\"length\":1},\"keyphraseInURL\":{\"score\":5,\"maxScore\":5,\"error\":0},\"keyphraseInIntroduction\":{\"score\":3,\"maxScore\":9,\"error\":1},\"keyphraseInSubHeadings\":[],\"keyphraseInImageAlt\":[]}},\"additional\":[{\"keyphrase\":\"pol\\u00edtica\",\"score\":78,\"analysis\":{\"keyphraseInDescription\":{\"score\":9,\"maxScore\":9,\"error\":0},\"keyphraseLength\":{\"score\":9,\"maxScore\":9,\"error\":0,\"length\":1},\"keyphraseInIntroduction\":{\"score\":3,\"maxScore\":9,\"error\":1},\"keyphraseInImageAlt\":[]}},{\"keyphrase\":\"privacidad\",\"score\":78,\"analysis\":{\"keyphraseInDescription\":{\"score\":9,\"maxScore\":9,\"error\":0},\"keyphraseLength\":{\"score\":9,\"maxScore\":9,\"error\":0,\"length\":1},\"keyphraseInIntroduction\":{\"score\":3,\"maxScore\":9,\"error\":1},\"keyphraseInImageAlt\":[]}},{\"keyphrase\":\"datos\",\"score\":78,\"analysis\":{\"keyphraseInDescription\":{\"score\":9,\"maxScore\":9,\"error\":0},\"keyphraseLength\":{\"score\":9,\"maxScore\":9,\"error\":0,\"length\":1},\"keyphraseInIntroduction\":{\"score\":3,\"maxScore\":9,\"error\":1},\"keyphraseInImageAlt\":[]}},{\"keyphrase\":\"sdpm\",\"score\":56,\"analysis\":{\"keyphraseInDescription\":{\"score\":3,\"maxScore\":9,\"error\":1},\"keyphraseLength\":{\"score\":9,\"maxScore\":9,\"error\":0,\"length\":1},\"keyphraseInIntroduction\":{\"score\":3,\"maxScore\":9,\"error\":1},\"keyphraseInImageAlt\":[]}}]}","primary_term":null,"canonical_url":null,"og_title":"#post_title #separator_sa #site_title","og_description":"Ser transparentes con nuestros clientes es una de nuestras virtudes, nuestra pol\u00edtica de privacidad lo protege a usted y a todos sus datos en nuestro sitio.","og_object_type":"default","og_image_type":"default","og_image_url":null,"og_image_width":null,"og_image_height":null,"og_image_custom_url":null,"og_image_custom_fields":null,"og_video":"","og_custom_url":null,"og_article_section":null,"og_article_tags":"[]","twitter_use_og":false,"twitter_card":"default","twitter_image_type":"default","twitter_image_url":null,"twitter_image_custom_url":null,"twitter_image_custom_fields":null,"twitter_title":"#post_title #separator_sa #site_title","twitter_description":"Ser transparentes con nuestros clientes es una de nuestras virtudes, nuestra pol\u00edtica de privacidad lo protege a usted y a todos sus datos en nuestro sitio.","schema":{"blockGraphs":[],"customGraphs":[],"default":{"data":{"Article":[],"Course":[],"Dataset":[],"FAQPage":[],"Movie":[],"Person":[],"Product":[],"Recipe":[],"Service":[],"SoftwareApplication":[],"WebPage":[]},"graphName":"","isEnabled":true},"graphs":[]},"schema_type":null,"schema_type_options":null,"pillar_content":false,"robots_default":true,"robots_noindex":false,"robots_noarchive":false,"robots_nosnippet":false,"robots_nofollow":false,"robots_noimageindex":false,"robots_noodp":false,"robots_notranslate":false,"robots_max_snippet":"-1","robots_max_videopreview":"-1","robots_max_imagepreview":"large","priority":"default","frequency":"default","location":null,"local_seo":null,"limit_modified_date":false,"open_ai":{"title":{"suggestions":[],"usage":0},"description":{"suggestions":[],"usage":0}},"created":"2021-04-06 23:46:46","updated":"2023-06-19 22:28:29"},"_links":{"self":[{"href":"https:\/\/sdpm.com.br\/es\/wp-json\/wp\/v2\/pages\/3561"}],"collection":[{"href":"https:\/\/sdpm.com.br\/es\/wp-json\/wp\/v2\/pages"}],"about":[{"href":"https:\/\/sdpm.com.br\/es\/wp-json\/wp\/v2\/types\/page"}],"author":[{"embeddable":true,"href":"https:\/\/sdpm.com.br\/es\/wp-json\/wp\/v2\/users\/1"}],"replies":[{"embeddable":true,"href":"https:\/\/sdpm.com.br\/es\/wp-json\/wp\/v2\/comments?post=3561"}],"version-history":[{"count":0,"href":"https:\/\/sdpm.com.br\/es\/wp-json\/wp\/v2\/pages\/3561\/revisions"}],"wp:attachment":[{"href":"https:\/\/sdpm.com.br\/es\/wp-json\/wp\/v2\/media?parent=3561"}],"curies":[{"name":"wp","href":"https:\/\/api.w.org\/{rel}","templated":true}]}}