{"id":3571,"date":"2019-09-17T14:25:25","date_gmt":"2019-09-17T17:25:25","guid":{"rendered":"https:\/\/sdpm.com.br\/politica-de-seguridad-de-datos\/"},"modified":"2023-06-19T19:07:29","modified_gmt":"2023-06-19T22:07:29","slug":"politica-de-seguridad-de-datos","status":"publish","type":"page","link":"https:\/\/sdpm.com.br\/es\/politica-de-seguridad-de-datos\/","title":{"rendered":"Pol\u00edtica de seguridad de datos"},"content":{"rendered":"<section class=\"wpb-content-wrapper\"><p>[vc_row][vc_column][vc_column_text]<\/p>\r\n<p>[\/vc_column_text][\/vc_column][\/vc_row][vc_row][vc_column][vc_row_inner][vc_column_inner][vc_empty_space height=&#8221;72px&#8221;][\/vc_column_inner][\/vc_row_inner][vc_empty_space][vc_column_text]<\/p>\r\n<p><strong>Pol\u00edtica de seguridad de datos SDPM<\/strong><\/p>\r\n<p>&nbsp;<\/p>\r\n<p>Nuestra pol\u00edtica de protecci\u00f3n de datos establece nuestro compromiso de proteger los datos de los clientes y c\u00f3mo implementamos ese compromiso con respecto a la recopilaci\u00f3n y el uso de los datos de los clientes.<\/p>\r\n<p>&nbsp;<\/p>\r\n<p><strong>Estamos comprometidos a:<\/strong><\/p>\r\n<p>Garantizar que cumplimos con los principios de protecci\u00f3n de datos enumerados en este t\u00e9rmino.<\/p>\r\n<p>Garantizar que los datos se recopilan y utilizan de manera justa y legal.<\/p>\r\n<p>Procesar los datos de los clientes solo para satisfacer nuestras necesidades operativas o cumplir con los requisitos legales y contractuales.<\/p>\r\n<p>Establecer periodos de conservaci\u00f3n adecuados para los datos de los clientes.<\/p>\r\n<p>Garantizar que los derechos de datos de los clientes se puedan ejercer correctamente.<\/p>\r\n<p>Proporcionar medidas de seguridad adecuadas para proteger los datos de los clientes.<\/p>\r\n<p>Aseg\u00farese de que todo el personal conozca las pr\u00e1cticas est\u00e1ndar para la protecci\u00f3n de datos.<\/p>\r\n<p>Aseg\u00farese de que las consultas sobre protecci\u00f3n de datos, tanto internas como externas a la organizaci\u00f3n, se manejen de manera efectiva y r\u00e1pida.<\/p>\r\n<p>Revisar peri\u00f3dicamente los procedimientos y directrices de protecci\u00f3n de datos dentro de la organizaci\u00f3n.<\/p>\r\n<p>&nbsp;<\/p>\r\n<p><strong>Nuestros principios de protecci\u00f3n de datos:<\/strong><\/p>\r\n<p>&nbsp;<\/p>\r\n<p>Los datos del cliente deben procesarse de manera justa y legal.<\/p>\r\n<p>Los datos del cliente deben obtenerse con el fin de cumplir con nuestra obligaci\u00f3n contractual con el cliente, y no deben procesarse de ninguna manera que no sea compatible con ese prop\u00f3sito.<\/p>\r\n<p>Los datos del cliente (ya sean procesados \u200b\u200bo no procesados) no deben conservarse m\u00e1s tiempo del necesario para completar nuestra obligaci\u00f3n contractual con el Cliente. Como tal, todos los datos del Cliente ser\u00e1n borrados autom\u00e1ticamente por nuestro sistema interno de seguridad de datos 90 d\u00edas despu\u00e9s de que se haya completado el proyecto del cliente.<\/p>\r\n<p>Se tomar\u00e1n las medidas t\u00e9cnicas y organizativas apropiadas contra el procesamiento no autorizado de los datos del Cliente y contra la p\u00e9rdida, destrucci\u00f3n o da\u00f1o accidental de los datos del Cliente. Para ello, los datos de los clientes se almacenar\u00e1n en nuestros servidores y se proteger\u00e1n con encriptaci\u00f3n de 256 bits. Cada archivo estar\u00e1 protegido con una contrase\u00f1a \u00fanica, que solo ser\u00e1 mantenida por el Gerente del Proyecto y los consultores asignados al proyecto.<\/p>\r\n<p>&nbsp;<\/p>\r\n<p><strong>Datos de contacto de la pol\u00edtica de seguridad de datos<\/strong><\/p>\r\n<p>Si tiene preguntas, inquietudes o comentarios acerca de nuestra pol\u00edtica de protecci\u00f3n de datos, puede contactarnos utilizando la siguiente informaci\u00f3n:<\/p>\r\n<p>Por correo electr\u00f3nico:\u00a0contato@sdpm.com.br<br \/>tel. Corporativo: (31) 3017-8366<\/p>\r\n<p>&nbsp;<\/p>\r\n<p><strong>Revisiones de la pol\u00edtica de protecci\u00f3n de datos<\/strong><\/p>\r\n<p>Es posible que, de vez en cuando, revisemos nuestras pol\u00edticas de privacidad y protecci\u00f3n de datos. Publicaremos cualquier rese\u00f1a directamente en nuestro sitio web.<\/p>\r\n<p>Belo Horizonte, MG, 13\/05\/2023 a las 09:20<\/p>\r\n<p>[\/vc_column_text][\/vc_column][\/vc_row][vc_row][vc_column][vc_column_text]<\/p>\r\n<p>&nbsp;<\/p>\r\n<p>[\/vc_column_text][\/vc_column][\/vc_row][vc_row][vc_column][vc_column_text]<\/p>\r\n<p>[\/vc_column_text][\/vc_column][\/vc_row]<\/p><\/section>","protected":false},"excerpt":{"rendered":"<p>[vc_row][vc_column][vc_column_text] [\/vc_column_text][\/vc_column][\/vc_row][vc_row][vc_column][vc_row_inner][vc_column_inner][vc_empty_space height=&#8221;72px&#8221;][\/vc_column_inner][\/vc_row_inner][vc_empty_space][vc_column_text] Pol\u00edtica de seguridad de datos SDPM &nbsp; Nuestra pol\u00edtica de protecci\u00f3n de datos establece nuestro compromiso de proteger los datos de los clientes y c\u00f3mo implementamos ese compromiso con respecto a la recopilaci\u00f3n y el uso de los datos de los clientes. &nbsp; Estamos comprometidos a: Garantizar que cumplimos con los principios&#8230;<\/p>\n","protected":false},"author":1,"featured_media":0,"parent":0,"menu_order":0,"comment_status":"closed","ping_status":"open","template":"homepage.php","meta":{"_mi_skip_tracking":false,"_monsterinsights_sitenote_active":false,"_monsterinsights_sitenote_note":"","_monsterinsights_sitenote_category":0},"aioseo_notices":[],"aioseo_head":"\n\t\t<!-- All in One SEO Pro 4.3.8 - aioseo.com -->\n\t\t<meta name=\"description\" content=\"Siempre apostamos por la coherencia y la transparencia, por eso tenemos aqu\u00ed nuestra pol\u00edtica de seguridad de datos. Haz clic, lee y comprueba.\" \/>\n\t\t<meta name=\"robots\" content=\"max-image-preview:large\" \/>\n\t\t<meta name=\"google-site-verification\" content=\"r3LZ-KLjEYoVEzwOpCs6MqPrUlZQas5ZdLyhlfQ8w74\" \/>\n\t\t<meta name=\"msvalidate.01\" content=\"94701EFBD7E6B90177A7A86666A9735A\" \/>\n\t\t<meta name=\"keywords\" content=\"data security policy,politica seguranca dados,politica seguran\u00e7a dados,sdpm,mining,consulting,sdpm mining consulting,minera\u00e7\u00e3o,consultoria,banco de dados,geologia,modelagem geol\u00f3gica,estimativa de teores,planejamento de lavra,hidrogeologia,novos projetos,recursos,reservas,dashboard,sdpm dashboard\" \/>\n\t\t<link rel=\"canonical\" href=\"https:\/\/sdpm.com.br\/es\/politica-de-seguridad-de-datos\/\" \/>\n\t\t<meta name=\"generator\" content=\"All in One SEO Pro (AIOSEO) 4.3.8\" \/>\n\t\t<meta property=\"og:locale\" content=\"es_ES\" \/>\n\t\t<meta property=\"og:site_name\" content=\"SDPM | SDPM Mining Consulting\" \/>\n\t\t<meta property=\"og:type\" content=\"article\" \/>\n\t\t<meta property=\"og:title\" content=\"Pol\u00edtica de seguridad de datos | SDPM\" \/>\n\t\t<meta property=\"og:description\" content=\"Siempre apostamos por la coherencia y la transparencia, por eso tenemos aqu\u00ed nuestra pol\u00edtica de seguridad de datos. Haz clic, lee y comprueba.\" \/>\n\t\t<meta property=\"og:url\" content=\"https:\/\/sdpm.com.br\/es\/politica-de-seguridad-de-datos\/\" \/>\n\t\t<meta property=\"og:image\" content=\"https:\/\/sdpm.com.br\/wp-content\/uploads\/2019\/09\/sdpm_icone.png\" \/>\n\t\t<meta property=\"og:image:secure_url\" content=\"https:\/\/sdpm.com.br\/wp-content\/uploads\/2019\/09\/sdpm_icone.png\" \/>\n\t\t<meta property=\"og:image:width\" content=\"308\" \/>\n\t\t<meta property=\"og:image:height\" content=\"297\" \/>\n\t\t<meta property=\"article:published_time\" content=\"2019-09-17T17:25:25+00:00\" \/>\n\t\t<meta property=\"article:modified_time\" content=\"2023-06-19T22:07:29+00:00\" \/>\n\t\t<meta property=\"article:publisher\" content=\"https:\/\/www.facebook.com\/consultoria.sdpm\" \/>\n\t\t<meta name=\"twitter:card\" content=\"summary\" \/>\n\t\t<meta name=\"twitter:title\" content=\"Pol\u00edtica de seguridad de datos | SDPM\" \/>\n\t\t<meta name=\"twitter:description\" content=\"Siempre apostamos por la coherencia y la transparencia, por eso tenemos aqu\u00ed nuestra pol\u00edtica de seguridad de datos. Haz clic, lee y comprueba.\" \/>\n\t\t<meta name=\"twitter:image\" content=\"https:\/\/sdpm.com.br\/wp-content\/uploads\/2019\/09\/sdpm_icone.png\" \/>\n\t\t<script type=\"application\/ld+json\" class=\"aioseo-schema\">\n\t\t\t{\"@context\":\"https:\\\/\\\/schema.org\",\"@graph\":[{\"@type\":\"BreadcrumbList\",\"@id\":\"https:\\\/\\\/sdpm.com.br\\\/es\\\/politica-de-seguridad-de-datos\\\/#breadcrumblist\",\"itemListElement\":[{\"@type\":\"ListItem\",\"@id\":\"https:\\\/\\\/sdpm.com.br\\\/es\\\/#listItem\",\"position\":1,\"item\":{\"@type\":\"WebPage\",\"@id\":\"https:\\\/\\\/sdpm.com.br\\\/es\\\/\",\"name\":\"Home\",\"description\":\"SDPM opera en el mercado desde 1990, prestando servicios en las \\u00e1reas de planificaci\\u00f3n minera, geolog\\u00eda, estimaci\\u00f3n de recursos minerales y tableros\",\"url\":\"https:\\\/\\\/sdpm.com.br\\\/es\\\/\"},\"nextItem\":\"https:\\\/\\\/sdpm.com.br\\\/es\\\/politica-de-seguridad-de-datos\\\/#listItem\"},{\"@type\":\"ListItem\",\"@id\":\"https:\\\/\\\/sdpm.com.br\\\/es\\\/politica-de-seguridad-de-datos\\\/#listItem\",\"position\":2,\"item\":{\"@type\":\"WebPage\",\"@id\":\"https:\\\/\\\/sdpm.com.br\\\/es\\\/politica-de-seguridad-de-datos\\\/\",\"name\":\"Pol\\u00edtica de seguridad de datos\",\"description\":\"Siempre apostamos por la coherencia y la transparencia, por eso tenemos aqu\\u00ed nuestra pol\\u00edtica de seguridad de datos. Haz clic, lee y comprueba.\",\"url\":\"https:\\\/\\\/sdpm.com.br\\\/es\\\/politica-de-seguridad-de-datos\\\/\"},\"previousItem\":\"https:\\\/\\\/sdpm.com.br\\\/es\\\/#listItem\"}]},{\"@type\":\"Organization\",\"@id\":\"https:\\\/\\\/sdpm.com.br\\\/es\\\/#organization\",\"name\":\"SDPM MINING CONSULTING\",\"url\":\"https:\\\/\\\/sdpm.com.br\\\/es\\\/\",\"logo\":{\"@type\":\"ImageObject\",\"url\":\"https:\\\/\\\/sdpm.com.br\\\/wp-content\\\/uploads\\\/2019\\\/05\\\/sdpm_logo_final.png\",\"@id\":\"https:\\\/\\\/sdpm.com.br\\\/es\\\/#organizationLogo\",\"width\":469,\"height\":249},\"image\":{\"@id\":\"https:\\\/\\\/sdpm.com.br\\\/es\\\/#organizationLogo\"},\"sameAs\":[\"https:\\\/\\\/www.facebook.com\\\/consultoria.sdpm\",\"https:\\\/\\\/www.instagram.com\\\/consultoria.sdpm\",\"https:\\\/\\\/www.linkedin.com\\\/company\\\/sdpm-consultoria\\\/\"],\"contactPoint\":{\"@type\":\"ContactPoint\",\"telephone\":\"+553130178366\",\"contactType\":\"Customer Support\"}},{\"@type\":\"WebPage\",\"@id\":\"https:\\\/\\\/sdpm.com.br\\\/es\\\/politica-de-seguridad-de-datos\\\/#webpage\",\"url\":\"https:\\\/\\\/sdpm.com.br\\\/es\\\/politica-de-seguridad-de-datos\\\/\",\"name\":\"Pol\\u00edtica de Seguran\\u00e7a de Dados | SDPM\",\"description\":\"Siempre apostamos por la coherencia y la transparencia, por eso tenemos aqu\\u00ed nuestra pol\\u00edtica de seguridad de datos. Haz clic, lee y comprueba.\",\"inLanguage\":\"es-ES\",\"isPartOf\":{\"@id\":\"https:\\\/\\\/sdpm.com.br\\\/es\\\/#website\"},\"breadcrumb\":{\"@id\":\"https:\\\/\\\/sdpm.com.br\\\/es\\\/politica-de-seguridad-de-datos\\\/#breadcrumblist\"},\"datePublished\":\"2019-09-17T17:25:25-03:00\",\"dateModified\":\"2023-06-19T22:07:29-03:00\"},{\"@type\":\"WebSite\",\"@id\":\"https:\\\/\\\/sdpm.com.br\\\/es\\\/#website\",\"url\":\"https:\\\/\\\/sdpm.com.br\\\/es\\\/\",\"name\":\"SDPM\",\"description\":\"SDPM Mining Consulting\",\"inLanguage\":\"es-ES\",\"publisher\":{\"@id\":\"https:\\\/\\\/sdpm.com.br\\\/es\\\/#organization\"}}]}\n\t\t<\/script>\n\t\t<!-- All in One SEO Pro -->\r\n\t\t<title>Pol\u00edtica de Seguran\u00e7a de Dados | SDPM<\/title>\n\n","aioseo_head_json":{"title":"Pol\u00edtica de Seguran\u00e7a de Dados | SDPM","description":"Siempre apostamos por la coherencia y la transparencia, por eso tenemos aqu\u00ed nuestra pol\u00edtica de seguridad de datos. Haz clic, lee y comprueba.","canonical_url":"https:\/\/sdpm.com.br\/es\/politica-de-seguridad-de-datos\/","robots":"max-image-preview:large","keywords":"data security policy,politica seguranca dados,politica seguran\u00e7a dados,sdpm,mining,consulting,sdpm mining consulting,minera\u00e7\u00e3o,consultoria,banco de dados,geologia,modelagem geol\u00f3gica,estimativa de teores,planejamento de lavra,hidrogeologia,novos projetos,recursos,reservas,dashboard,sdpm dashboard","webmasterTools":{"google-site-verification":"r3LZ-KLjEYoVEzwOpCs6MqPrUlZQas5ZdLyhlfQ8w74","msvalidate.01":"94701EFBD7E6B90177A7A86666A9735A","miscellaneous":""},"og:locale":"es_ES","og:site_name":"SDPM | SDPM Mining Consulting","og:type":"article","og:title":"Pol\u00edtica de seguridad de datos | SDPM","og:description":"Siempre apostamos por la coherencia y la transparencia, por eso tenemos aqu\u00ed nuestra pol\u00edtica de seguridad de datos. Haz clic, lee y comprueba.","og:url":"https:\/\/sdpm.com.br\/es\/politica-de-seguridad-de-datos\/","og:image":"https:\/\/sdpm.com.br\/wp-content\/uploads\/2019\/09\/sdpm_icone.png","og:image:secure_url":"https:\/\/sdpm.com.br\/wp-content\/uploads\/2019\/09\/sdpm_icone.png","og:image:width":308,"og:image:height":297,"article:published_time":"2019-09-17T17:25:25+00:00","article:modified_time":"2023-06-19T22:07:29+00:00","article:publisher":"https:\/\/www.facebook.com\/consultoria.sdpm","twitter:card":"summary","twitter:title":"Pol\u00edtica de seguridad de datos | SDPM","twitter:description":"Siempre apostamos por la coherencia y la transparencia, por eso tenemos aqu\u00ed nuestra pol\u00edtica de seguridad de datos. Haz clic, lee y comprueba.","twitter:image":"https:\/\/sdpm.com.br\/wp-content\/uploads\/2019\/09\/sdpm_icone.png","schema":{"@context":"https:\/\/schema.org","@graph":[{"@type":"BreadcrumbList","@id":"https:\/\/sdpm.com.br\/es\/politica-de-seguridad-de-datos\/#breadcrumblist","itemListElement":[{"@type":"ListItem","@id":"https:\/\/sdpm.com.br\/es\/#listItem","position":1,"item":{"@type":"WebPage","@id":"https:\/\/sdpm.com.br\/es\/","name":"Home","description":"SDPM opera en el mercado desde 1990, prestando servicios en las \u00e1reas de planificaci\u00f3n minera, geolog\u00eda, estimaci\u00f3n de recursos minerales y tableros","url":"https:\/\/sdpm.com.br\/es\/"},"nextItem":"https:\/\/sdpm.com.br\/es\/politica-de-seguridad-de-datos\/#listItem"},{"@type":"ListItem","@id":"https:\/\/sdpm.com.br\/es\/politica-de-seguridad-de-datos\/#listItem","position":2,"item":{"@type":"WebPage","@id":"https:\/\/sdpm.com.br\/es\/politica-de-seguridad-de-datos\/","name":"Pol\u00edtica de seguridad de datos","description":"Siempre apostamos por la coherencia y la transparencia, por eso tenemos aqu\u00ed nuestra pol\u00edtica de seguridad de datos. Haz clic, lee y comprueba.","url":"https:\/\/sdpm.com.br\/es\/politica-de-seguridad-de-datos\/"},"previousItem":"https:\/\/sdpm.com.br\/es\/#listItem"}]},{"@type":"Organization","@id":"https:\/\/sdpm.com.br\/es\/#organization","name":"SDPM MINING CONSULTING","url":"https:\/\/sdpm.com.br\/es\/","logo":{"@type":"ImageObject","url":"https:\/\/sdpm.com.br\/wp-content\/uploads\/2019\/05\/sdpm_logo_final.png","@id":"https:\/\/sdpm.com.br\/es\/#organizationLogo","width":469,"height":249},"image":{"@id":"https:\/\/sdpm.com.br\/es\/#organizationLogo"},"sameAs":["https:\/\/www.facebook.com\/consultoria.sdpm","https:\/\/www.instagram.com\/consultoria.sdpm","https:\/\/www.linkedin.com\/company\/sdpm-consultoria\/"],"contactPoint":{"@type":"ContactPoint","telephone":"+553130178366","contactType":"Customer Support"}},{"@type":"WebPage","@id":"https:\/\/sdpm.com.br\/es\/politica-de-seguridad-de-datos\/#webpage","url":"https:\/\/sdpm.com.br\/es\/politica-de-seguridad-de-datos\/","name":"Pol\u00edtica de Seguran\u00e7a de Dados | SDPM","description":"Siempre apostamos por la coherencia y la transparencia, por eso tenemos aqu\u00ed nuestra pol\u00edtica de seguridad de datos. Haz clic, lee y comprueba.","inLanguage":"es-ES","isPartOf":{"@id":"https:\/\/sdpm.com.br\/es\/#website"},"breadcrumb":{"@id":"https:\/\/sdpm.com.br\/es\/politica-de-seguridad-de-datos\/#breadcrumblist"},"datePublished":"2019-09-17T17:25:25-03:00","dateModified":"2023-06-19T22:07:29-03:00"},{"@type":"WebSite","@id":"https:\/\/sdpm.com.br\/es\/#website","url":"https:\/\/sdpm.com.br\/es\/","name":"SDPM","description":"SDPM Mining Consulting","inLanguage":"es-ES","publisher":{"@id":"https:\/\/sdpm.com.br\/es\/#organization"}}]}},"aioseo_meta_data":{"post_id":"3571","title":"Pol\u00edtica de Seguran\u00e7a de Dados | #site_title","description":"Siempre apostamos por la coherencia y la transparencia, por eso tenemos aqu\u00ed nuestra pol\u00edtica de seguridad de datos. Haz clic, lee y comprueba.","keywords":"[{\"label\":\"data security policy\",\"value\":\"data security policy\"},{\"label\":\"politica seguranca dados\",\"value\":\"politica seguranca dados\"},{\"label\":\"politica seguran\\u00e7a dados\",\"value\":\"politica seguran\\u00e7a dados\"},{\"label\":\"SDPM\",\"value\":\"SDPM\"},{\"label\":\"Mining\",\"value\":\"Mining\"},{\"label\":\"Consulting\",\"value\":\"Consulting\"},{\"label\":\"SDPM Mining Consulting\",\"value\":\"SDPM Mining Consulting\"},{\"label\":\"Minera\\u00e7\\u00e3o\",\"value\":\"Minera\\u00e7\\u00e3o\"},{\"label\":\"Consultoria\",\"value\":\"Consultoria\"},{\"label\":\"Banco de Dados\",\"value\":\"Banco de Dados\"},{\"label\":\"Geologia\",\"value\":\"Geologia\"},{\"label\":\"Modelagem Geol\\u00f3gica\",\"value\":\"Modelagem Geol\\u00f3gica\"},{\"label\":\"Estimativa de Teores\",\"value\":\"Estimativa de Teores\"},{\"label\":\"Planejamento de Lavra\",\"value\":\"Planejamento de Lavra\"},{\"label\":\"Hidrogeologia\",\"value\":\"Hidrogeologia\"},{\"label\":\"Novos Projetos\",\"value\":\"Novos Projetos\"},{\"label\":\"Recursos\",\"value\":\"Recursos\"},{\"label\":\"Reservas\",\"value\":\"Reservas\"},{\"label\":\"Dashboard\",\"value\":\"Dashboard\"},{\"label\":\"SDPM Dashboard\",\"value\":\"SDPM Dashboard\"}]","keyphrases":"{\"focus\":{\"keyphrase\":\"pol\\u00edtica\",\"score\":85,\"analysis\":{\"keyphraseInTitle\":{\"score\":9,\"maxScore\":9,\"error\":0},\"keyphraseInDescription\":{\"score\":9,\"maxScore\":9,\"error\":0},\"keyphraseLength\":{\"score\":9,\"maxScore\":9,\"error\":0,\"length\":1},\"keyphraseInURL\":{\"score\":5,\"maxScore\":5,\"error\":0},\"keyphraseInIntroduction\":{\"score\":3,\"maxScore\":9,\"error\":1},\"keyphraseInSubHeadings\":[],\"keyphraseInImageAlt\":[]}},\"additional\":[{\"keyphrase\":\"pol\\u00edtica\",\"score\":78,\"analysis\":{\"keyphraseInDescription\":{\"score\":9,\"maxScore\":9,\"error\":0},\"keyphraseLength\":{\"score\":9,\"maxScore\":9,\"error\":0,\"length\":1},\"keyphraseInIntroduction\":{\"score\":3,\"maxScore\":9,\"error\":1},\"keyphraseInImageAlt\":[]}},{\"keyphrase\":\"seguran\\u00e7a\",\"score\":56,\"analysis\":{\"keyphraseInDescription\":{\"score\":3,\"maxScore\":9,\"error\":1},\"keyphraseLength\":{\"score\":9,\"maxScore\":9,\"error\":0,\"length\":1},\"keyphraseInIntroduction\":{\"score\":3,\"maxScore\":9,\"error\":1},\"keyphraseInImageAlt\":[]}},{\"keyphrase\":\"dados\",\"score\":56,\"analysis\":{\"keyphraseInDescription\":{\"score\":3,\"maxScore\":9,\"error\":1},\"keyphraseLength\":{\"score\":9,\"maxScore\":9,\"error\":0,\"length\":1},\"keyphraseInIntroduction\":{\"score\":3,\"maxScore\":9,\"error\":1},\"keyphraseInImageAlt\":[]}}]}","primary_term":null,"canonical_url":null,"og_title":"#post_title #separator_sa #site_title","og_description":"Siempre apostamos por la coherencia y la transparencia, por eso tenemos aqu\u00ed nuestra pol\u00edtica de seguridad de datos. Haz clic, lee y comprueba.","og_object_type":"default","og_image_type":"default","og_image_url":null,"og_image_width":null,"og_image_height":null,"og_image_custom_url":null,"og_image_custom_fields":null,"og_video":"","og_custom_url":null,"og_article_section":null,"og_article_tags":"[]","twitter_use_og":false,"twitter_card":"default","twitter_image_type":"default","twitter_image_url":null,"twitter_image_custom_url":null,"twitter_image_custom_fields":null,"twitter_title":"#post_title #separator_sa #site_title","twitter_description":"Siempre apostamos por la coherencia y la transparencia, por eso tenemos aqu\u00ed nuestra pol\u00edtica de seguridad de datos. Haz clic, lee y comprueba.","schema":{"blockGraphs":[],"customGraphs":[],"default":{"data":{"Article":[],"Course":[],"Dataset":[],"FAQPage":[],"Movie":[],"Person":[],"Product":[],"Recipe":[],"Service":[],"SoftwareApplication":[],"WebPage":[]},"graphName":"","isEnabled":true},"graphs":[]},"schema_type":null,"schema_type_options":null,"pillar_content":false,"robots_default":true,"robots_noindex":false,"robots_noarchive":false,"robots_nosnippet":false,"robots_nofollow":false,"robots_noimageindex":false,"robots_noodp":false,"robots_notranslate":false,"robots_max_snippet":"-1","robots_max_videopreview":"-1","robots_max_imagepreview":"large","priority":"default","frequency":"default","location":null,"local_seo":null,"limit_modified_date":false,"open_ai":{"title":{"suggestions":[],"usage":0},"description":{"suggestions":[],"usage":0}},"created":"2021-04-06 23:46:46","updated":"2023-06-19 22:11:54"},"_links":{"self":[{"href":"https:\/\/sdpm.com.br\/es\/wp-json\/wp\/v2\/pages\/3571"}],"collection":[{"href":"https:\/\/sdpm.com.br\/es\/wp-json\/wp\/v2\/pages"}],"about":[{"href":"https:\/\/sdpm.com.br\/es\/wp-json\/wp\/v2\/types\/page"}],"author":[{"embeddable":true,"href":"https:\/\/sdpm.com.br\/es\/wp-json\/wp\/v2\/users\/1"}],"replies":[{"embeddable":true,"href":"https:\/\/sdpm.com.br\/es\/wp-json\/wp\/v2\/comments?post=3571"}],"version-history":[{"count":0,"href":"https:\/\/sdpm.com.br\/es\/wp-json\/wp\/v2\/pages\/3571\/revisions"}],"wp:attachment":[{"href":"https:\/\/sdpm.com.br\/es\/wp-json\/wp\/v2\/media?parent=3571"}],"curies":[{"name":"wp","href":"https:\/\/api.w.org\/{rel}","templated":true}]}}