{"id":3581,"date":"2019-09-17T14:32:30","date_gmt":"2019-09-17T17:32:30","guid":{"rendered":"https:\/\/sdpm.com.br\/nuestros-servicios\/"},"modified":"2023-06-19T16:47:06","modified_gmt":"2023-06-19T19:47:06","slug":"nuestros-servicios","status":"publish","type":"page","link":"https:\/\/sdpm.com.br\/es\/nuestros-servicios\/","title":{"rendered":"Nuestros Servicios"},"content":{"rendered":"<section class=\"wpb-content-wrapper\"><p>[vc_row][vc_column][vc_empty_space height=&#8221;64px&#8221;][\/vc_column][\/vc_row][vc_row][vc_column][vc_empty_space height=&#8221;64px&#8221;]<section class=\"elegant-tabs-container\">\n\t\t\t<div class=\"et-tabs et-horizontal et-mobile-enabled et-tabs-style-underline tab-class-2153888106 et-align-left\"\n\t\t\tdata-tab_style=\"underline\"\n\t\t\tdata-active-bg=\"\"\n\t\t\tdata-active-text=\"\"\n\t\t\tdata-hover-bg=\"\"\n\t\t\tdata-hover-text=\"\"\n\t\t\tdata-active-tab=\"0\"\n\t\t\tdata-auto-switch-tab=\"yes\"\n\t\t\tdata-switch-interval=\"10\"  >\n\t\t\t<nav class=\"elegant-tabs-nav\" style=\"\">\n\t\t\t<ul class=\"elegant-tabs-list-container\" style=\"color:;\">\n\t\t\t<li style=\"\" ><a class=\"et-anchor-tag\" style=\"--border-color:;\" href=\"#\" target=\"\" data-href=\"#section-1557098094001-6\"><span style=\"\" class=\"et-tab-title no-icon\">Geolog\u00eda<\/span><\/a><\/li><li style=\"\" ><a class=\"et-anchor-tag\" style=\"--border-color:;\" href=\"#\" target=\"\" data-href=\"#section-1557098117001-3-3\"><span style=\"\" class=\"et-tab-title no-icon\">Planificaci\u00f3n Minera<\/span><\/a><\/li>\n\t\t\t<\/ul>\n\t\t\t<\/nav>\n\t\t\t<div class=\"et-content-wrap\">\n\t\t\t<section id=\"section-1557098094001-6\" class=\"tab\" data-animation=\"fadeIn\" style=\"background:; color:;\"><div class=\"infi-content-wrapper\"><div class=\"cq-avatarblock white cq-avatarblock-left cq-avatarblock-160  \" data-tooltip=\"Modelo Geologico\" data-bgcolor=\"white\" data-custombgcolor=\"\" data-contentheight=\"\" data-bordercolor=\"\"><div class=\"cq-avatarblock-avatarcontainer\"><div class=\"cq-avatarblock-avatar\" style=\"background-image:url(https:\/\/sdpm.com.br\/wp-content\/uploads\/2019\/05\/model3dgeo.png)\"><\/div><\/div><div class=\"cq-avatarblock-contentcontainer cq-avatarblock-rounded\"><div class=\"cq-avatarblock-content\"><h3 class=\"cq-avatarblock-title\" style=\"font-size:;color:\">Modelado Geol\u00f3gico<\/h3><ul>\n<li>An\u00e1lisis y validaci\u00f3n de bases de datos;<\/li>\n<li>Preparaci\u00f3n de planes de encuesta;<\/li>\n<li>Modelo geol\u00f3gico 3D;<\/li>\n<li>An\u00e1lisis exploratorio de datos;<\/li>\n<li>Modelo de bloque;<\/li>\n<li>Estimaci\u00f3n de contenidos;<\/li>\n<li>Clasificaci\u00f3n de recursos minerales.<\/li>\n<\/ul>\n<\/div><\/div><\/div><\/div><\/section><section id=\"section-1557098117001-3-3\" class=\"tab\" data-animation=\"fadeIn\" style=\"background:; color:;\"><div class=\"infi-content-wrapper\"><div class=\"cq-avatarblock white cq-avatarblock-left cq-avatarblock-160  \" data-tooltip=\"Planificaci\u00f3n Minera\" data-bgcolor=\"white\" data-custombgcolor=\"\" data-contentheight=\"\" data-bordercolor=\"\"><div class=\"cq-avatarblock-avatarcontainer\"><div class=\"cq-avatarblock-avatar\" style=\"background-image:url(https:\/\/sdpm.com.br\/wp-content\/uploads\/2019\/05\/plan_lavra.png)\"><\/div><\/div><div class=\"cq-avatarblock-contentcontainer cq-avatarblock-rounded\"><div class=\"cq-avatarblock-content\"><h3 class=\"cq-avatarblock-title\" style=\"font-size:;color:\">Planificaci\u00f3n Minera<\/h3><ul>\n<li>Operaci\u00f3n del hoyo final;<\/li>\n<li>Dise\u00f1o de bater\u00eda est\u00e9ril;<\/li>\n<li>Optimizaci\u00f3n de fosas;<\/li>\n<li>Detener la optimizaci\u00f3n y el desarrollo de minas;<\/li>\n<li>Definici\u00f3n del m\u00e9todo de miner\u00eda subterr\u00e1nea;<\/li>\n<li>Secuenciaci\u00f3n minera;<\/li>\n<li>Dimensionamiento y optimizaci\u00f3n de flotas;<\/li>\n<li>Estimaci\u00f3n de CAPEX y OPEX.<\/li>\n<\/ul>\n<\/div><\/div><\/div><\/div><\/section>\n\t\t\t<\/div> <!-- \/et-content-wrap -->\n\t\t\t<\/div> <!-- \/et-tabs -->\n\t\t\t<\/section>[\/vc_column][\/vc_row][vc_row][vc_column][vc_empty_space height=&#8221;70px&#8221;][\/vc_column][\/vc_row][vc_row bg_type=&#8221;bg_color&#8221; bg_color_value=&#8221;#f2f2f2&#8243;][vc_column]<div class=\"promo-block \">\r\n                \t<div class=\"promo-text\">Solicite una consultor\u00eda especializada ahora<\/div>\r\n                \t<div class=\"promo-paragraph\">Cont\u00e1ctanos e informa tu necesidad, te brindaremos la soluci\u00f3n<\/div>\r\n                \t<div class=\"center-line\"><\/div>\r\n              <\/div>\n<div class=\"wpcf7 no-js\" id=\"wpcf7-f3646-o1\" lang=\"es-ES\" dir=\"ltr\">\n<div class=\"screen-reader-response\"><p role=\"status\" aria-live=\"polite\" aria-atomic=\"true\"><\/p> <ul><\/ul><\/div>\n<form action=\"\/es\/wp-json\/wp\/v2\/pages\/3581#wpcf7-f3646-o1\" method=\"post\" class=\"wpcf7-form init\" aria-label=\"Contact form\" novalidate=\"novalidate\" data-status=\"init\">\n<div style=\"display: none;\">\n<input type=\"hidden\" name=\"_wpcf7\" value=\"3646\" \/>\n<input type=\"hidden\" name=\"_wpcf7_version\" value=\"5.7.7\" \/>\n<input type=\"hidden\" name=\"_wpcf7_locale\" value=\"es_ES\" \/>\n<input type=\"hidden\" name=\"_wpcf7_unit_tag\" value=\"wpcf7-f3646-o1\" \/>\n<input type=\"hidden\" name=\"_wpcf7_container_post\" value=\"0\" \/>\n<input type=\"hidden\" name=\"_wpcf7_posted_data_hash\" value=\"\" \/>\n<input type=\"hidden\" name=\"_wpcf7_recaptcha_response\" value=\"\" \/>\n<\/div>\n<div class=\"row\">\n\t<div class=\"col-sm-6\">\n\t\t<p><br \/>\n<span class=\"wpcf7-form-control-wrap\" data-name=\"your-name\"><input size=\"40\" class=\"wpcf7-form-control wpcf7-text wpcf7-validates-as-required\" aria-required=\"true\" aria-invalid=\"false\" placeholder=\"Su Empresa (obligatorio)\" value=\"\" type=\"text\" name=\"your-name\" \/><\/span>\n\t\t<\/p>\n\t\t<p><br \/>\n<span class=\"wpcf7-form-control-wrap\" data-name=\"your-email\"><input size=\"40\" class=\"wpcf7-form-control wpcf7-text wpcf7-email wpcf7-validates-as-required wpcf7-validates-as-email\" aria-required=\"true\" aria-invalid=\"false\" placeholder=\"Correo Electr\u00f3nico (requerido)\" value=\"\" type=\"email\" name=\"your-email\" \/><\/span>\n\t\t<\/p>\n\t\t<p><br \/>\n<span class=\"wpcf7-form-control-wrap\" data-name=\"tel-378\"><input size=\"40\" class=\"wpcf7-form-control wpcf7-text wpcf7-tel wpcf7-validates-as-required wpcf7-validates-as-tel\" aria-required=\"true\" aria-invalid=\"false\" placeholder=\"N\u00famero de Tel\u00e9fono\" value=\"\" type=\"tel\" name=\"tel-378\" \/><\/span>\n\t\t<\/p>\n\t\t<p><br \/>\n<span class=\"wpcf7-form-control-wrap\" data-name=\"your-subject\"><input size=\"40\" class=\"wpcf7-form-control wpcf7-text wpcf7-validates-as-required\" aria-required=\"true\" aria-invalid=\"false\" placeholder=\"Sujeto\/Duda\" value=\"\" type=\"text\" name=\"your-subject\" \/><\/span>\n\t\t<\/p>\n\t\t<p>Seleccione el servicio deseado:\n\t\t<\/p>\n\t\t<p><span class=\"wpcf7-form-control-wrap\" data-name=\"menu-627\"><select class=\"wpcf7-form-control wpcf7-select wpcf7-validates-as-required\" aria-required=\"true\" aria-invalid=\"false\" name=\"menu-627\"><option value=\"Planificaci\u00f3n de Minas\">Planificaci\u00f3n de Minas<\/option><option value=\"Estimaci\u00f3n de Recursos\">Estimaci\u00f3n de Recursos<\/option><option value=\"Servicios de Dise\u00f1o Geol\u00f3gico\">Servicios de Dise\u00f1o Geol\u00f3gico<\/option><option value=\"Proyectos Mineros\">Proyectos Mineros<\/option><option value=\"Modelado Geol\u00f3gico\">Modelado Geol\u00f3gico<\/option><option value=\"Tablero inteligente de SDPM\">Tablero inteligente de SDPM<\/option><\/select><\/span>\n\t\t<\/p>\n\t\t<p><input class=\"wpcf7-form-control has-spinner wpcf7-submit button primary-button\" type=\"submit\" value=\"Enviar\" \/>\n\t\t<\/p>\n\t<\/div>\n\t<div class=\"col-sm-6\">\n\t\t<p><br \/>\nFecha estimada para la consulta: <span class=\"wpcf7-form-control-wrap\" data-name=\"date-959\"><input class=\"wpcf7-form-control wpcf7-date wpcf7-validates-as-date\" aria-invalid=\"false\" value=\"\" type=\"date\" name=\"date-959\" \/><\/span>\n\t\t<\/p>\n\t\t<p><br \/>\n\u00bfEs un proyecto en progreso?\n\t\t<\/p>\n\t\t<p><br \/>\n<span class=\"wpcf7-form-control-wrap\" data-name=\"checkbox-394\"><span class=\"wpcf7-form-control wpcf7-checkbox wpcf7-validates-as-required\"><span class=\"wpcf7-list-item first\"><input type=\"checkbox\" name=\"checkbox-394[]\" value=\"S\u00cd\" \/><span class=\"wpcf7-list-item-label\">S\u00cd<\/span><\/span><span class=\"wpcf7-list-item last\"><input type=\"checkbox\" name=\"checkbox-394[]\" value=\"NO\" \/><span class=\"wpcf7-list-item-label\">NO<\/span><\/span><\/span><\/span>\n\t\t<\/p>\n\t\t<p><br \/>\n<span class=\"wpcf7-form-control-wrap\" data-name=\"your-message\"><textarea cols=\"40\" rows=\"10\" class=\"wpcf7-form-control wpcf7-textarea\" aria-invalid=\"false\" placeholder=\"Informaciones complementarias\" name=\"your-message\"><\/textarea><\/span>\n\t\t<\/p>\n\t<\/div>\n<\/div><div class=\"wpcf7-response-output\" aria-hidden=\"true\"><\/div>\n<\/form>\n<\/div>\n[\/vc_column][\/vc_row]<\/p>\n<\/section>","protected":false},"excerpt":{"rendered":"<p>[vc_row][vc_column][vc_empty_space height=&#8221;64px&#8221;][\/vc_column][\/vc_row][vc_row][vc_column][vc_empty_space height=&#8221;64px&#8221;][\/vc_column][\/vc_row][vc_row][vc_column][vc_empty_space height=&#8221;70px&#8221;][\/vc_column][\/vc_row][vc_row bg_type=&#8221;bg_color&#8221; bg_color_value=&#8221;#f2f2f2&#8243;][vc_column][\/vc_column][\/vc_row]<\/p>\n","protected":false},"author":1,"featured_media":0,"parent":0,"menu_order":0,"comment_status":"closed","ping_status":"closed","template":"homepage.php","meta":{"_mi_skip_tracking":false,"_monsterinsights_sitenote_active":false,"_monsterinsights_sitenote_note":"","_monsterinsights_sitenote_category":0},"aioseo_notices":[],"aioseo_head":"\n\t\t<!-- All in One SEO Pro 4.3.8 - aioseo.com -->\n\t\t<meta name=\"description\" content=\"Venga a ver nuestros servicios, estamos seguros de tener la soluci\u00f3n ideal para usted y su empresa, consulte nuestros servicios haciendo clic en este enlace.\" \/>\n\t\t<meta name=\"robots\" content=\"max-image-preview:large\" \/>\n\t\t<meta name=\"google-site-verification\" content=\"r3LZ-KLjEYoVEzwOpCs6MqPrUlZQas5ZdLyhlfQ8w74\" \/>\n\t\t<meta name=\"msvalidate.01\" content=\"94701EFBD7E6B90177A7A86666A9735A\" \/>\n\t\t<meta name=\"keywords\" content=\"servicios nuestros servicios servicios,nuestros servicios,sdpm,miner\u00eda,consultor\u00eda,sdpm miner\u00eda consultor\u00eda,base de datos,geolog\u00eda,modelado geol\u00f3gico,estimaci\u00f3n de contenido,planificaci\u00f3n minera,hidrogeolog\u00eda,nuevos proyectos,recursos,reserva,tablero,tablero sdpm\" \/>\n\t\t<link rel=\"canonical\" href=\"https:\/\/sdpm.com.br\/es\/nuestros-servicios\/\" \/>\n\t\t<meta name=\"generator\" content=\"All in One SEO Pro (AIOSEO) 4.3.8\" \/>\n\t\t<meta property=\"og:locale\" content=\"es_ES\" \/>\n\t\t<meta property=\"og:site_name\" content=\"SDPM | SDPM Mining Consulting\" \/>\n\t\t<meta property=\"og:type\" content=\"article\" \/>\n\t\t<meta property=\"og:title\" content=\"Nuestros Servicios | SDPM\" \/>\n\t\t<meta property=\"og:description\" content=\"Venga a ver nuestros servicios, estamos seguros de tener la soluci\u00f3n ideal para usted y su empresa, consulte nuestros servicios haciendo clic en este enlace.\" \/>\n\t\t<meta property=\"og:url\" content=\"https:\/\/sdpm.com.br\/es\/nuestros-servicios\/\" \/>\n\t\t<meta property=\"og:image\" content=\"https:\/\/sdpm.com.br\/wp-content\/uploads\/2019\/09\/sdpm_icone.png\" \/>\n\t\t<meta property=\"og:image:secure_url\" content=\"https:\/\/sdpm.com.br\/wp-content\/uploads\/2019\/09\/sdpm_icone.png\" \/>\n\t\t<meta property=\"og:image:width\" content=\"308\" \/>\n\t\t<meta property=\"og:image:height\" content=\"297\" \/>\n\t\t<meta property=\"article:published_time\" content=\"2019-09-17T17:32:30+00:00\" \/>\n\t\t<meta property=\"article:modified_time\" content=\"2023-06-19T19:47:06+00:00\" \/>\n\t\t<meta property=\"article:publisher\" content=\"https:\/\/www.facebook.com\/consultoria.sdpm\" \/>\n\t\t<meta name=\"twitter:card\" content=\"summary\" \/>\n\t\t<meta name=\"twitter:title\" content=\"Nuestros Servicios | SDPM\" \/>\n\t\t<meta name=\"twitter:description\" content=\"Venga a ver nuestros servicios, estamos seguros de tener la soluci\u00f3n ideal para usted y su empresa, consulte nuestros servicios haciendo clic en este enlace.\" \/>\n\t\t<meta name=\"twitter:image\" content=\"https:\/\/sdpm.com.br\/wp-content\/uploads\/2019\/09\/sdpm_icone.png\" \/>\n\t\t<script type=\"application\/ld+json\" class=\"aioseo-schema\">\n\t\t\t{\"@context\":\"https:\\\/\\\/schema.org\",\"@graph\":[{\"@type\":\"BreadcrumbList\",\"@id\":\"https:\\\/\\\/sdpm.com.br\\\/es\\\/nuestros-servicios\\\/#breadcrumblist\",\"itemListElement\":[{\"@type\":\"ListItem\",\"@id\":\"https:\\\/\\\/sdpm.com.br\\\/es\\\/#listItem\",\"position\":1,\"item\":{\"@type\":\"WebPage\",\"@id\":\"https:\\\/\\\/sdpm.com.br\\\/es\\\/\",\"name\":\"Home\",\"description\":\"SDPM opera en el mercado desde 1990, prestando servicios en las \\u00e1reas de planificaci\\u00f3n minera, geolog\\u00eda, estimaci\\u00f3n de recursos minerales y tableros\",\"url\":\"https:\\\/\\\/sdpm.com.br\\\/es\\\/\"},\"nextItem\":\"https:\\\/\\\/sdpm.com.br\\\/es\\\/nuestros-servicios\\\/#listItem\"},{\"@type\":\"ListItem\",\"@id\":\"https:\\\/\\\/sdpm.com.br\\\/es\\\/nuestros-servicios\\\/#listItem\",\"position\":2,\"item\":{\"@type\":\"WebPage\",\"@id\":\"https:\\\/\\\/sdpm.com.br\\\/es\\\/nuestros-servicios\\\/\",\"name\":\"Nuestros Servicios\",\"description\":\"Venga a ver nuestros servicios, estamos seguros de tener la soluci\\u00f3n ideal para usted y su empresa, consulte nuestros servicios haciendo clic en este enlace.\",\"url\":\"https:\\\/\\\/sdpm.com.br\\\/es\\\/nuestros-servicios\\\/\"},\"previousItem\":\"https:\\\/\\\/sdpm.com.br\\\/es\\\/#listItem\"}]},{\"@type\":\"Organization\",\"@id\":\"https:\\\/\\\/sdpm.com.br\\\/es\\\/#organization\",\"name\":\"SDPM MINING CONSULTING\",\"url\":\"https:\\\/\\\/sdpm.com.br\\\/es\\\/\",\"logo\":{\"@type\":\"ImageObject\",\"url\":\"https:\\\/\\\/sdpm.com.br\\\/wp-content\\\/uploads\\\/2019\\\/05\\\/sdpm_logo_final.png\",\"@id\":\"https:\\\/\\\/sdpm.com.br\\\/es\\\/#organizationLogo\",\"width\":469,\"height\":249},\"image\":{\"@id\":\"https:\\\/\\\/sdpm.com.br\\\/es\\\/#organizationLogo\"},\"sameAs\":[\"https:\\\/\\\/www.facebook.com\\\/consultoria.sdpm\",\"https:\\\/\\\/www.instagram.com\\\/consultoria.sdpm\",\"https:\\\/\\\/www.linkedin.com\\\/company\\\/sdpm-consultoria\\\/\"],\"contactPoint\":{\"@type\":\"ContactPoint\",\"telephone\":\"+553130178366\",\"contactType\":\"Customer Support\"}},{\"@type\":\"WebPage\",\"@id\":\"https:\\\/\\\/sdpm.com.br\\\/es\\\/nuestros-servicios\\\/#webpage\",\"url\":\"https:\\\/\\\/sdpm.com.br\\\/es\\\/nuestros-servicios\\\/\",\"name\":\"Nuestros Servicios | SDPM\",\"description\":\"Venga a ver nuestros servicios, estamos seguros de tener la soluci\\u00f3n ideal para usted y su empresa, consulte nuestros servicios haciendo clic en este enlace.\",\"inLanguage\":\"es-ES\",\"isPartOf\":{\"@id\":\"https:\\\/\\\/sdpm.com.br\\\/es\\\/#website\"},\"breadcrumb\":{\"@id\":\"https:\\\/\\\/sdpm.com.br\\\/es\\\/nuestros-servicios\\\/#breadcrumblist\"},\"datePublished\":\"2019-09-17T17:32:30-03:00\",\"dateModified\":\"2023-06-19T19:47:06-03:00\"},{\"@type\":\"WebSite\",\"@id\":\"https:\\\/\\\/sdpm.com.br\\\/es\\\/#website\",\"url\":\"https:\\\/\\\/sdpm.com.br\\\/es\\\/\",\"name\":\"SDPM\",\"description\":\"SDPM Mining Consulting\",\"inLanguage\":\"es-ES\",\"publisher\":{\"@id\":\"https:\\\/\\\/sdpm.com.br\\\/es\\\/#organization\"}}]}\n\t\t<\/script>\n\t\t<!-- All in One SEO Pro -->\r\n\t\t<title>Nuestros Servicios | SDPM<\/title>\n\n","aioseo_head_json":{"title":"Nuestros Servicios | SDPM","description":"Venga a ver nuestros servicios, estamos seguros de tener la soluci\u00f3n ideal para usted y su empresa, consulte nuestros servicios haciendo clic en este enlace.","canonical_url":"https:\/\/sdpm.com.br\/es\/nuestros-servicios\/","robots":"max-image-preview:large","keywords":"servicios nuestros servicios servicios,nuestros servicios,sdpm,miner\u00eda,consultor\u00eda,sdpm miner\u00eda consultor\u00eda,base de datos,geolog\u00eda,modelado geol\u00f3gico,estimaci\u00f3n de contenido,planificaci\u00f3n minera,hidrogeolog\u00eda,nuevos proyectos,recursos,reserva,tablero,tablero sdpm","webmasterTools":{"google-site-verification":"r3LZ-KLjEYoVEzwOpCs6MqPrUlZQas5ZdLyhlfQ8w74","msvalidate.01":"94701EFBD7E6B90177A7A86666A9735A","miscellaneous":""},"og:locale":"es_ES","og:site_name":"SDPM | SDPM Mining Consulting","og:type":"article","og:title":"Nuestros Servicios | SDPM","og:description":"Venga a ver nuestros servicios, estamos seguros de tener la soluci\u00f3n ideal para usted y su empresa, consulte nuestros servicios haciendo clic en este enlace.","og:url":"https:\/\/sdpm.com.br\/es\/nuestros-servicios\/","og:image":"https:\/\/sdpm.com.br\/wp-content\/uploads\/2019\/09\/sdpm_icone.png","og:image:secure_url":"https:\/\/sdpm.com.br\/wp-content\/uploads\/2019\/09\/sdpm_icone.png","og:image:width":308,"og:image:height":297,"article:published_time":"2019-09-17T17:32:30+00:00","article:modified_time":"2023-06-19T19:47:06+00:00","article:publisher":"https:\/\/www.facebook.com\/consultoria.sdpm","twitter:card":"summary","twitter:title":"Nuestros Servicios | SDPM","twitter:description":"Venga a ver nuestros servicios, estamos seguros de tener la soluci\u00f3n ideal para usted y su empresa, consulte nuestros servicios haciendo clic en este enlace.","twitter:image":"https:\/\/sdpm.com.br\/wp-content\/uploads\/2019\/09\/sdpm_icone.png","schema":{"@context":"https:\/\/schema.org","@graph":[{"@type":"BreadcrumbList","@id":"https:\/\/sdpm.com.br\/es\/nuestros-servicios\/#breadcrumblist","itemListElement":[{"@type":"ListItem","@id":"https:\/\/sdpm.com.br\/es\/#listItem","position":1,"item":{"@type":"WebPage","@id":"https:\/\/sdpm.com.br\/es\/","name":"Home","description":"SDPM opera en el mercado desde 1990, prestando servicios en las \u00e1reas de planificaci\u00f3n minera, geolog\u00eda, estimaci\u00f3n de recursos minerales y tableros","url":"https:\/\/sdpm.com.br\/es\/"},"nextItem":"https:\/\/sdpm.com.br\/es\/nuestros-servicios\/#listItem"},{"@type":"ListItem","@id":"https:\/\/sdpm.com.br\/es\/nuestros-servicios\/#listItem","position":2,"item":{"@type":"WebPage","@id":"https:\/\/sdpm.com.br\/es\/nuestros-servicios\/","name":"Nuestros Servicios","description":"Venga a ver nuestros servicios, estamos seguros de tener la soluci\u00f3n ideal para usted y su empresa, consulte nuestros servicios haciendo clic en este enlace.","url":"https:\/\/sdpm.com.br\/es\/nuestros-servicios\/"},"previousItem":"https:\/\/sdpm.com.br\/es\/#listItem"}]},{"@type":"Organization","@id":"https:\/\/sdpm.com.br\/es\/#organization","name":"SDPM MINING CONSULTING","url":"https:\/\/sdpm.com.br\/es\/","logo":{"@type":"ImageObject","url":"https:\/\/sdpm.com.br\/wp-content\/uploads\/2019\/05\/sdpm_logo_final.png","@id":"https:\/\/sdpm.com.br\/es\/#organizationLogo","width":469,"height":249},"image":{"@id":"https:\/\/sdpm.com.br\/es\/#organizationLogo"},"sameAs":["https:\/\/www.facebook.com\/consultoria.sdpm","https:\/\/www.instagram.com\/consultoria.sdpm","https:\/\/www.linkedin.com\/company\/sdpm-consultoria\/"],"contactPoint":{"@type":"ContactPoint","telephone":"+553130178366","contactType":"Customer Support"}},{"@type":"WebPage","@id":"https:\/\/sdpm.com.br\/es\/nuestros-servicios\/#webpage","url":"https:\/\/sdpm.com.br\/es\/nuestros-servicios\/","name":"Nuestros Servicios | SDPM","description":"Venga a ver nuestros servicios, estamos seguros de tener la soluci\u00f3n ideal para usted y su empresa, consulte nuestros servicios haciendo clic en este enlace.","inLanguage":"es-ES","isPartOf":{"@id":"https:\/\/sdpm.com.br\/es\/#website"},"breadcrumb":{"@id":"https:\/\/sdpm.com.br\/es\/nuestros-servicios\/#breadcrumblist"},"datePublished":"2019-09-17T17:32:30-03:00","dateModified":"2023-06-19T19:47:06-03:00"},{"@type":"WebSite","@id":"https:\/\/sdpm.com.br\/es\/#website","url":"https:\/\/sdpm.com.br\/es\/","name":"SDPM","description":"SDPM Mining Consulting","inLanguage":"es-ES","publisher":{"@id":"https:\/\/sdpm.com.br\/es\/#organization"}}]}},"aioseo_meta_data":{"post_id":"3581","title":"Nuestros Servicios | #site_title","description":"Venga a ver nuestros servicios, estamos seguros de tener la soluci\u00f3n ideal para usted y su empresa, consulte nuestros servicios haciendo clic en este enlace.","keywords":"[{\"label\":\"Servicios Nuestros servicios Servicios\",\"value\":\"Servicios Nuestros servicios Servicios\"},{\"label\":\"Nuestros servicios\",\"value\":\"Nuestros servicios\"},{\"label\":\"SDPM\",\"value\":\"SDPM\"},{\"label\":\"Miner\\u00eda\",\"value\":\"Miner\\u00eda\"},{\"label\":\"Consultor\\u00eda\",\"value\":\"Consultor\\u00eda\"},{\"label\":\"SDPM Miner\\u00eda Consultor\\u00eda\",\"value\":\"SDPM Miner\\u00eda Consultor\\u00eda\"},{\"label\":\"Miner\\u00eda\",\"value\":\"Miner\\u00eda\"},{\"label\":\"Consultor\\u00eda\",\"value\":\"Consultor\\u00eda\"},{\"label\":\"Base de datos\",\"value\":\"Base de datos\"},{\"label\":\"Geolog\\u00eda\",\"value\":\"Geolog\\u00eda\"},{\"label\":\"Modelado geol\\u00f3gico\",\"value\":\"Modelado geol\\u00f3gico\"},{\"label\":\"Estimaci\\u00f3n de contenido\",\"value\":\"Estimaci\\u00f3n de contenido\"},{\"label\":\"Planificaci\\u00f3n minera\",\"value\":\"Planificaci\\u00f3n minera\"},{\"label\":\"Hidrogeolog\\u00eda\",\"value\":\"Hidrogeolog\\u00eda\"},{\"label\":\"Nuevos proyectos\",\"value\":\"Nuevos proyectos\"},{\"label\":\"Recursos\",\"value\":\"Recursos\"},{\"label\":\"Reserva\",\"value\":\"Reserva\"},{\"label\":\"Tablero\",\"value\":\"Tablero\"},{\"label\":\"Tablero SDPM\",\"value\":\"Tablero SDPM\"}]","keyphrases":"{\"focus\":{\"keyphrase\":\"servicios\",\"score\":85,\"analysis\":{\"keyphraseInTitle\":{\"score\":9,\"maxScore\":9,\"error\":0},\"keyphraseInDescription\":{\"score\":9,\"maxScore\":9,\"error\":0},\"keyphraseLength\":{\"score\":9,\"maxScore\":9,\"error\":0,\"length\":1},\"keyphraseInURL\":{\"score\":5,\"maxScore\":5,\"error\":0},\"keyphraseInIntroduction\":{\"score\":3,\"maxScore\":9,\"error\":1},\"keyphraseInSubHeadings\":[],\"keyphraseInImageAlt\":[]}},\"additional\":[{\"keyphrase\":\"nuestros\",\"score\":78,\"analysis\":{\"keyphraseInDescription\":{\"score\":9,\"maxScore\":9,\"error\":0},\"keyphraseLength\":{\"score\":9,\"maxScore\":9,\"error\":0,\"length\":1},\"keyphraseInIntroduction\":{\"score\":3,\"maxScore\":9,\"error\":1},\"keyphraseInImageAlt\":[]}},{\"keyphrase\":\"servicios\",\"score\":78,\"analysis\":{\"keyphraseInDescription\":{\"score\":9,\"maxScore\":9,\"error\":0},\"keyphraseLength\":{\"score\":9,\"maxScore\":9,\"error\":0,\"length\":1},\"keyphraseInIntroduction\":{\"score\":3,\"maxScore\":9,\"error\":1},\"keyphraseInImageAlt\":[]}},{\"keyphrase\":\"sdpm\",\"score\":56,\"analysis\":{\"keyphraseInDescription\":{\"score\":3,\"maxScore\":9,\"error\":1},\"keyphraseLength\":{\"score\":9,\"maxScore\":9,\"error\":0,\"length\":1},\"keyphraseInIntroduction\":{\"score\":3,\"maxScore\":9,\"error\":1},\"keyphraseInImageAlt\":[]}}]}","primary_term":null,"canonical_url":null,"og_title":"#post_title #separator_sa #site_title","og_description":"Venga a ver nuestros servicios, estamos seguros de tener la soluci\u00f3n ideal para usted y su empresa, consulte nuestros servicios haciendo clic en este enlace.","og_object_type":"default","og_image_type":"default","og_image_url":null,"og_image_width":null,"og_image_height":null,"og_image_custom_url":null,"og_image_custom_fields":null,"og_video":"","og_custom_url":null,"og_article_section":null,"og_article_tags":"[]","twitter_use_og":false,"twitter_card":"default","twitter_image_type":"default","twitter_image_url":null,"twitter_image_custom_url":null,"twitter_image_custom_fields":null,"twitter_title":"#post_title #separator_sa #site_title","twitter_description":"Venga a ver nuestros servicios, estamos seguros de tener la soluci\u00f3n ideal para usted y su empresa, consulte nuestros servicios haciendo clic en este enlace.","schema":{"blockGraphs":[],"customGraphs":[],"default":{"data":{"Article":[],"Course":[],"Dataset":[],"FAQPage":[],"Movie":[],"Person":[],"Product":[],"Recipe":[],"Service":[],"SoftwareApplication":[],"WebPage":[]},"graphName":"","isEnabled":true},"graphs":[]},"schema_type":null,"schema_type_options":null,"pillar_content":false,"robots_default":true,"robots_noindex":false,"robots_noarchive":false,"robots_nosnippet":false,"robots_nofollow":false,"robots_noimageindex":false,"robots_noodp":false,"robots_notranslate":false,"robots_max_snippet":"-1","robots_max_videopreview":"-1","robots_max_imagepreview":"large","priority":"default","frequency":"default","location":null,"local_seo":null,"limit_modified_date":false,"open_ai":{"title":{"suggestions":[],"usage":0},"description":{"suggestions":[],"usage":0}},"created":"2021-04-06 23:46:46","updated":"2023-06-19 19:59:51"},"_links":{"self":[{"href":"https:\/\/sdpm.com.br\/es\/wp-json\/wp\/v2\/pages\/3581"}],"collection":[{"href":"https:\/\/sdpm.com.br\/es\/wp-json\/wp\/v2\/pages"}],"about":[{"href":"https:\/\/sdpm.com.br\/es\/wp-json\/wp\/v2\/types\/page"}],"author":[{"embeddable":true,"href":"https:\/\/sdpm.com.br\/es\/wp-json\/wp\/v2\/users\/1"}],"replies":[{"embeddable":true,"href":"https:\/\/sdpm.com.br\/es\/wp-json\/wp\/v2\/comments?post=3581"}],"version-history":[{"count":0,"href":"https:\/\/sdpm.com.br\/es\/wp-json\/wp\/v2\/pages\/3581\/revisions"}],"wp:attachment":[{"href":"https:\/\/sdpm.com.br\/es\/wp-json\/wp\/v2\/media?parent=3581"}],"curies":[{"name":"wp","href":"https:\/\/api.w.org\/{rel}","templated":true}]}}